{"id":4716,"date":"2023-03-26T17:18:24","date_gmt":"2023-03-26T09:18:24","guid":{"rendered":"https:\/\/acenoxkitchenequipment.com\/?post_type=product&#038;p=4716"},"modified":"2024-07-03T19:23:20","modified_gmt":"2024-07-03T11:23:20","slug":"cake-display-chiller","status":"publish","type":"product","link":"https:\/\/acenoxkitchenequipment.com\/fr\/produit\/cake-display-chiller\/","title":{"rendered":"Refroidisseur d&#039;affichage de g\u00e2teau"},"content":{"rendered":"<h3>Caract\u00e9ristiques du refroidisseur d&#039;affichage de g\u00e2teau\u00a0:<\/h3>\n<p>Ce refroidisseur de pr\u00e9sentoir \u00e0 g\u00e2teaux est le mod\u00e8le le plus r\u00e9cent actuellement, joint de lunettes \u00e0 angle droit, semble \u00e9l\u00e9gant. la couleur de l&#039;acier inoxydable peut \u00eatre personnalis\u00e9e.<\/p>\n<p><strong>1. Caract\u00e9ristique cl\u00e9\u00a0:<\/strong>\u00a0 La principale caract\u00e9ristique de ce refroidisseur de pr\u00e9sentation de g\u00e2teaux est que nous utilisons une m\u00e9thode d&#039;isolation par mousse int\u00e9grale, qui offre d&#039;excellentes performances d&#039;\u00e9tanch\u00e9it\u00e9.<br \/>\nQu\u2019est-ce que l\u2019isolation moussante int\u00e9grale ?<br \/>\nCela signifie qu&#039;une machine de moulage fabrique le sous-sol du refroidisseur \u00e0 g\u00e2teau en une seule fois\u00a0; c&#039;est diff\u00e9rent de l&#039;installation manuelle de feuilles isolantes. Il isole et pr\u00e9serve efficacement l\u2019air froid \u00e0 l\u2019int\u00e9rieur.<br \/>\n<strong>2. Mat\u00e9riaux\u00a0:<\/strong>\u00a0 ce refroidisseur de pr\u00e9sentoir \u00e0 g\u00e2teaux utilise de l&#039;acier inoxydable 430 avec une surface miroir\u00a0; il montre une surface brillante des sous-sols, qui semble brillante.<br \/>\n<strong>3. Compresseur\u00a0:<\/strong>\u00a0 nous proposons plusieurs options : compresseur Embraco ou compresseur Donper (marque chinoise). Le co\u00fbt est diff\u00e9rent, mais les deux marques sont durables. Le compresseur Donper est bien connu dans le monde entier, mais son co\u00fbt est moindre et c&#039;est un choix rentable. \u00c0 l&#039;exception de ces deux compresseurs de marque, le compresseur Danfos est \u00e9galement disponible.<br \/>\n<strong>4. R\u00e9frig\u00e9rant\u00a0:<\/strong>\u00a0 R290\/R134a au choix. Nous fournirons le r\u00e9frig\u00e9rant appropri\u00e9. Il joue un r\u00f4le crucial dans le cycle de r\u00e9frig\u00e9ration en absorbant la chaleur de l\u2019environnement et en la restituant ailleurs. Ne vous concentrez donc pas uniquement sur le compresseur, mais faites \u00e9galement attention au r\u00e9frig\u00e9rant.<br \/>\n<strong>5. Lunettes :<\/strong>\u00a0 Lunettes Low-E. Pour maximiser la pr\u00e9vention de la bu\u00e9e, nous avons ajout\u00e9 un autre dispositif, la fonction de soufflage d&#039;air chaud devant les lunettes, qui co\u00fbte moins cher.<br \/>\n<strong>6. Contr\u00f4le de la temp\u00e9rature\u00a0:<\/strong> nous utilisons la marque de qualit\u00e9 sup\u00e9rieure, la marque Carel et la marque Dixell d&#039;Italie, la marque Angel de Chine.<br \/>\n<strong>7. \u00c9tag\u00e8res robustes\u00a0:<\/strong> chaque \u00e9tag\u00e8re peut contenir plus de 30 kg de nourriture. Les mat\u00e9riaux sont l&#039;acier inoxydable et la d\u00e9coration alumineuse. Le motif des \u00e9tag\u00e8res peut \u00eatre personnalis\u00e9.<\/p>\n<p style=\"text-align: center;\"><div class=\"wptb-table-container wptb-table-6669\"><div class=\"wptb-table-container-matrix\" id=\"wptb-table-id-6669\" data-wptb-version=\"1.4.14\" data-wptb-pro-status=\"false\"><table class=\"wptb-preview-table wptb-element-main-table_setting-6669\" data-reconstraction=\"1\" style=\"border: 1px solid rgb(209, 209, 209);\" data-wptb-table-tds-sum-max-width=\"641.0000000000001\" data-wptb-cells-width-auto-count=\"3\" data-wptb-horizontal-scroll-status=\"false\" data-wptb-extra-styles=\"LyogRW50ZXIgeW91ciBjdXN0b20gQ1NTIHJ1bGVzIGhlcmUgKi8=\" role=\"table\" data-wptb-even-row-background-color=\"#FFFEFEFF\" data-wptb-header-background-color=\"#FFFFFFFF\" data-table-columns=\"4\"><tbody><tr class=\"wptb-row\" style=\"background-color: rgb(255, 255, 255);\"><td class=\"wptb-cell\" data-y-index=\"0\" data-x-index=\"0\" style=\"border: 1px solid rgb(209, 209, 209); width: 217px;\"><div class=\"wptb-image-container wptb-ph-element wptb-element-image-2\" data-wptb-image-alignment=\"left\"><div class=\"wptb-image-wrapper\">            <span class=\"wptb-link-target\" style=\"float: left;\">                                <img class=\"wptb-image-element-target\" height=\"533\" width=\"800\" src=\"\/\/acenoxkitchenequipment.com\/wp-content\/uploads\/2023\/05\/stainless-steel-shelves-of-the-display-counter.jpg\" style=\"width: 100%;\">            <\/span>        <\/div><\/div><\/td><td class=\"wptb-cell\" data-y-index=\"0\" data-x-index=\"1\" style=\"border: 1px solid rgb(209, 209, 209);\" data-wptb-css-td-auto-width=\"true\"><div class=\"wptb-image-container wptb-ph-element wptb-element-image-3\" data-wptb-image-alignment=\"center\"><div class=\"wptb-image-wrapper\">            <span class=\"wptb-link-target\" style=\"float: none; width: 94%;\">                                <img class=\"wptb-image-element-target\" height=\"600\" width=\"800\" src=\"\/\/acenoxkitchenequipment.com\/wp-content\/uploads\/2023\/06\/shelves-of-cake-chiller.jpg\" style=\"width: 100%;\">            <\/span>        <\/div><\/div><div class=\"wptb-text-container wptb-ph-element wptb-element-text-598\" style=\"color: rgb(74, 85, 104); font-size: 15px;\"><div class=\"\" style=\"position: relative;\"><p><\/p><\/div><\/div><\/td><td class=\"wptb-cell\" data-y-index=\"0\" data-x-index=\"2\" style=\"border: 1px solid rgb(209, 209, 209);\" data-wptb-css-td-auto-width=\"true\"><div class=\"wptb-image-container wptb-ph-element wptb-element-image-4\" data-wptb-image-alignment=\"center\"><div class=\"wptb-image-wrapper\">            <span class=\"wptb-link-target\" style=\"float: none; width: 67%;\">                                <img class=\"wptb-image-element-target\" height=\"829\" width=\"800\" src=\"\/\/acenoxkitchenequipment.com\/wp-content\/uploads\/2023\/06\/doors-of-cake-chiller.jpg\" style=\"width: 100%;\">            <\/span>        <\/div><\/div><div class=\"wptb-text-container wptb-ph-element wptb-element-text-599\"><div class=\"\" style=\"position: relative;\"><p><\/p><\/div><\/div><\/td><td class=\"wptb-cell\" data-y-index=\"0\" data-x-index=\"3\" style=\"border: 1px solid rgb(209, 209, 209);\" data-wptb-css-td-auto-width=\"true\"><div class=\"wptb-image-container wptb-ph-element wptb-element-image-6\" data-wptb-image-alignment=\"center\"><div class=\"wptb-image-wrapper\">            <span class=\"wptb-link-target\" style=\"float: none;\">                                <img class=\"wptb-image-element-target\" height=\"533\" width=\"800\" src=\"\/\/acenoxkitchenequipment.com\/wp-content\/uploads\/2023\/05\/cake-display-refrigerator03.jpg\" style=\"width: 100%;\">            <\/span>        <\/div><\/div><div class=\"wptb-text-container wptb-ph-element wptb-element-text-600\"><div class=\"\" style=\"position: relative;\"><p><\/p><\/div><\/div><\/td><\/tr><tr class=\"wptb-row\" style=\"--hover-bg-color: undefined; background-color: rgb(255, 254, 254);\"><td class=\"wptb-cell\" data-y-index=\"1\" data-x-index=\"0\" style=\"border: 1px solid rgb(209, 209, 209); width: 217px;\"><div class=\"wptb-text-container wptb-ph-element wptb-element-text-605\" style=\"color: rgb(74, 85, 104); font-size: 15px;\"><div class=\"\" style=\"position: relative;\"><p style=\"text-align: left;\">supports en acier inoxydable, \u00e9tag\u00e8res \u00e0 verres, couleur noire, couleur transparente ou couleur blanche au choix.<\/p><\/div><\/div><\/td><td class=\"wptb-cell\" data-y-index=\"1\" data-x-index=\"1\" style=\"border: 1px solid rgb(209, 209, 209);\" data-wptb-css-td-auto-width=\"true\"><div class=\"wptb-text-container wptb-ph-element wptb-element-text-602\" style=\"color: rgb(74, 85, 104); font-size: 15px;\"><div class=\"\" style=\"position: relative;\"><p>Chaque \u00e9tag\u00e8re est dot\u00e9e d&#039;une bande lumineuse LED pour \u00e9clairer les \u00e9crans internes<\/p><\/div><\/div><\/td><td class=\"wptb-cell\" data-y-index=\"1\" data-x-index=\"2\" style=\"border: 1px solid rgb(209, 209, 209);\" data-wptb-css-td-auto-width=\"true\"><div class=\"wptb-text-container wptb-ph-element wptb-element-text-603\" style=\"color: rgb(74, 85, 104); font-size: 15px;\"><div class=\"\" style=\"position: relative;\"><p>Portes en alliage d&#039;aluminium, \u00e9quip\u00e9es de fil chauffant dans le cadre des portes pour \u00e9viter la bu\u00e9e<\/p><\/div><\/div><\/td><td class=\"wptb-cell\" data-y-index=\"1\" data-x-index=\"3\" style=\"border: 1px solid rgb(209, 209, 209);\" data-wptb-css-td-auto-width=\"true\"><div class=\"wptb-text-container wptb-ph-element wptb-element-text-604\" style=\"color: rgb(74, 85, 104); font-size: 15px;\"><div class=\"\" style=\"position: relative;\"><p>Socle enti\u00e8rement en acier inoxydable avec trous d&#039;\u00e9mission de chaleur<\/p><\/div><\/div><\/td><\/tr><\/tbody><\/table><\/div><\/div>\n<\/p>\n<h3>Sp\u00e9cifications du refroidisseur \u00e0 g\u00e2teau\u00a0:<\/h3>\n<p style=\"text-align: center;\"><div class=\"wptb-table-container wptb-table-6666\"><div class=\"wptb-table-container-matrix\" id=\"wptb-table-id-6666\" data-wptb-version=\"1.4.14\" data-wptb-pro-status=\"false\"><table class=\"wptb-preview-table wptb-element-main-table_setting-5987 edit-active\" data-wptb-adaptive-table=\"0\" data-wptb-cells-width-auto-count=\"5\" data-wptb-table-tds-sum-max-width=\"798.6000000000001\" style=\"border-style: solid; border-width: 1px;\" data-table-columns=\"6\" data-reconstraction=\"1\" data-wptb-horizontal-scroll-status=\"false\" data-wptb-extra-styles=\"LyogRW50ZXIgeW91ciBjdXN0b20gQ1NTIHJ1bGVzIGhlcmUgKi8=\" role=\"table\"><tbody><tr class=\"wptb-row\"><td class=\"wptb-cell\" data-wptb-css-td-auto-width=\"true\" data-x-index=\"0\" data-y-index=\"0\" style=\"padding: 15px; border-style: solid; border-width: 1px;\"><div class=\"wptb-text-container wptb-ph-element wptb-element-text-1\"><div><p>MOD\u00c8LE<\/p><\/div><\/div><\/td><td class=\"wptb-cell\" data-x-index=\"1\" data-y-index=\"0\" style=\"padding: 15px; border-style: solid; border-width: 1px; width: 113px;\"><div class=\"wptb-text-container wptb-ph-element wptb-element-text-40\" style=\"color: rgb(0, 0, 0); font-size: 15px;\"><div class=\"\" style=\"position: relative;\"><p>TAILLE Unit\u00e9 (mm)<\/p><\/div><\/div><\/td><td class=\"wptb-cell\" data-wptb-css-td-auto-width=\"true\" data-x-index=\"2\" data-y-index=\"0\" style=\"padding: 15px; border-style: solid; border-width: 1px;\"><div class=\"wptb-text-container wptb-ph-element wptb-element-text-3\" style=\"color: rgb(74, 85, 104); font-size: 15px;\"><div class=\"\" style=\"position: relative;\"><p>REFROIDISSEMENT<\/p><\/div><\/div><\/td><td class=\"wptb-cell\" data-wptb-css-td-auto-width=\"true\" data-x-index=\"3\" data-y-index=\"0\" style=\"padding: 15px; border-style: solid; border-width: 1px;\"><div class=\"wptb-text-container wptb-ph-element wptb-element-text-4\" style=\"color: rgb(74, 85, 104); font-size: 15px;\"><div class=\"\" style=\"position: relative;\"><p>FORME<\/p><p><\/p><\/div><\/div><\/td><td class=\"wptb-cell\" data-wptb-css-td-auto-width=\"true\" data-x-index=\"4\" data-y-index=\"0\" style=\"padding: 15px; border-style: solid; border-width: 1px;\"><div class=\"wptb-text-container wptb-ph-element wptb-element-text-5\" style=\"color: rgb(0, 0, 0); font-size: 15px;\"><div class=\"\" style=\"position: relative;\"><p>COULEUR<\/p><\/div><\/div><\/td><td class=\"wptb-cell\" data-wptb-css-td-auto-width=\"true\" data-x-index=\"5\" data-y-index=\"0\" style=\"padding: 15px; border-style: solid; border-width: 1px;\"><div class=\"wptb-text-container wptb-ph-element wptb-element-text-6\" style=\"color: rgb(0, 0, 0); font-size: 15px;\"><div class=\"\" style=\"position: relative;\"><p>&nbsp;\u00c9TAG\u00c8RES<\/p><\/div><\/div><\/td><\/tr><tr class=\"wptb-row\" style=\"--hover-bg-color: undefined;\"><td class=\"wptb-cell\" data-wptb-css-td-auto-width=\"true\" data-x-index=\"0\" data-y-index=\"1\" style=\"padding: 15px; border-style: solid; border-width: 1px;\"><div class=\"wptb-text-container wptb-ph-element wptb-element-text-7\" style=\"color: rgb(74, 85, 104); font-size: 15px;\"><div class=\"\" style=\"position: relative;\"><p>ACD900F2S<\/p><\/div><\/div><\/td><td class=\"wptb-cell\" data-x-index=\"1\" data-y-index=\"1\" style=\"padding: 15px; border-style: solid; border-width: 1px; width: 113px;\"><div class=\"wptb-text-container wptb-ph-element wptb-element-text-8\" style=\"color: rgb(74, 85, 104); font-size: 15px;\"><div class=\"\" style=\"position: relative;\"><p>900\u00d7700\u00d71200<\/p><\/div><\/div><\/td><td class=\"wptb-cell\" data-wptb-css-td-auto-width=\"true\" data-x-index=\"2\" data-y-index=\"1\" style=\"padding: 15px; border-style: solid; border-width: 1px;\"><div class=\"wptb-text-container wptb-ph-element wptb-element-text-9\" style=\"color: rgb(74, 85, 104); font-size: 15px;\"><div class=\"\" style=\"position: relative;\"><p>Ventil\u00e9<\/p><\/div><\/div><\/td><td class=\"wptb-cell\" data-wptb-css-td-auto-width=\"true\" data-x-index=\"3\" data-y-index=\"1\" style=\"padding: 15px; border-style: solid; border-width: 1px;\"><div class=\"wptb-text-container wptb-ph-element wptb-element-text-10\" style=\"color: rgb(74, 85, 104); font-size: 15px;\"><div class=\"\" style=\"position: relative;\"><p>Ange<\/p><p><\/p><\/div><\/div><\/td><td class=\"wptb-cell\" data-wptb-css-td-auto-width=\"true\" data-x-index=\"4\" data-y-index=\"1\" style=\"padding: 15px; border-style: solid; border-width: 1px;\"><div class=\"wptb-text-container wptb-ph-element wptb-element-text-11\" style=\"color: rgb(74, 85, 104); font-size: 15px;\"><div class=\"\" style=\"position: relative;\"><p>acier inoxydable<\/p><\/div><\/div><\/td><td class=\"wptb-cell\" data-wptb-css-td-auto-width=\"true\" data-x-index=\"5\" data-y-index=\"1\" style=\"padding: 15px; border-style: solid; border-width: 1px;\"><div class=\"wptb-text-container wptb-ph-element wptb-element-text-12\" style=\"color: rgb(74, 85, 104); font-size: 15px;\"><div class=\"\" style=\"position: relative;\"><p>2<\/p><\/div><\/div><\/td><\/tr><tr class=\"wptb-row\" style=\"--hover-bg-color: undefined;\"><td class=\"wptb-cell\" data-wptb-css-td-auto-width=\"true\" data-x-index=\"0\" data-y-index=\"2\" style=\"padding: 15px; border-style: solid; border-width: 1px;\"><div class=\"wptb-text-container wptb-ph-element wptb-element-text-13\" style=\"color: rgb(74, 85, 104); font-size: 15px;\"><div class=\"\" style=\"position: relative;\"><p>ACD1200F2S<\/p><\/div><\/div><\/td><td class=\"wptb-cell\" data-x-index=\"1\" data-y-index=\"2\" style=\"padding: 15px; border-style: solid; border-width: 1px; width: 113px;\"><div class=\"wptb-text-container wptb-ph-element wptb-element-text-14\" style=\"color: rgb(74, 85, 104); font-size: 15px;\"><div class=\"\" style=\"position: relative;\"><p>1200\u00d7700\u00d71200<\/p><\/div><\/div><\/td><td class=\"wptb-cell\" data-wptb-css-td-auto-width=\"true\" data-x-index=\"2\" data-y-index=\"2\" style=\"padding: 15px; border-style: solid; border-width: 1px;\"><div class=\"wptb-text-container wptb-ph-element wptb-element-text-15\" style=\"color: rgb(74, 85, 104); font-size: 15px;\"><div class=\"\" style=\"position: relative;\"><p>Ventil\u00e9<\/p><\/div><\/div><\/td><td class=\"wptb-cell\" data-wptb-css-td-auto-width=\"true\" data-x-index=\"3\" data-y-index=\"2\" style=\"padding: 15px; border-style: solid; border-width: 1px;\"><div class=\"wptb-text-container wptb-ph-element wptb-element-text-16\" style=\"color: rgb(74, 85, 104); font-size: 15px;\"><div class=\"\" style=\"position: relative;\"><p>Ange<\/p><\/div><\/div><\/td><td class=\"wptb-cell\" data-wptb-css-td-auto-width=\"true\" data-x-index=\"4\" data-y-index=\"2\" style=\"padding: 15px; border-style: solid; border-width: 1px;\"><div class=\"wptb-text-container wptb-ph-element wptb-element-text-17\" style=\"color: rgb(74, 85, 104); font-size: 15px;\"><div class=\"\" style=\"position: relative;\"><p>Acier inoxydable<\/p><\/div><\/div><\/td><td class=\"wptb-cell\" data-wptb-css-td-auto-width=\"true\" data-x-index=\"5\" data-y-index=\"2\" style=\"padding: 15px; border-style: solid; border-width: 1px;\"><div class=\"wptb-text-container wptb-ph-element wptb-element-text-18\" style=\"color: rgb(74, 85, 104); font-size: 15px;\"><div class=\"\" style=\"position: relative;\"><p>2<\/p><\/div><\/div><\/td><\/tr><tr class=\"wptb-row\" style=\"--hover-bg-color: undefined;\"><td class=\"wptb-cell\" data-wptb-css-td-auto-width=\"true\" data-x-index=\"0\" data-y-index=\"3\" style=\"padding: 15px; border-style: solid; border-width: 1px;\"><div class=\"wptb-text-container wptb-ph-element wptb-element-text-19\" style=\"color: rgb(74, 85, 104); font-size: 15px;\"><div class=\"\" style=\"position: relative;\"><p>ACD1500F2S<\/p><\/div><\/div><\/td><td class=\"wptb-cell\" data-x-index=\"1\" data-y-index=\"3\" style=\"padding: 15px; border-style: solid; border-width: 1px; width: 113px;\"><div class=\"wptb-text-container wptb-ph-element wptb-element-text-20\" style=\"color: rgb(74, 85, 104); font-size: 15px;\"><div class=\"\" style=\"position: relative;\"><p>1500\u00d7700\u00d71200<\/p><\/div><\/div><\/td><td class=\"wptb-cell\" data-wptb-css-td-auto-width=\"true\" data-x-index=\"2\" data-y-index=\"3\" style=\"padding: 15px; border-style: solid; border-width: 1px;\"><div class=\"wptb-text-container wptb-ph-element wptb-element-text-21\" style=\"color: rgb(74, 85, 104); font-size: 15px;\"><div class=\"\" style=\"position: relative;\"><p>Ventil\u00e9<\/p><\/div><\/div><\/td><td class=\"wptb-cell\" data-wptb-css-td-auto-width=\"true\" data-x-index=\"3\" data-y-index=\"3\" style=\"padding: 15px; border-style: solid; border-width: 1px;\"><div class=\"wptb-text-container wptb-ph-element wptb-element-text-22\" style=\"color: rgb(74, 85, 104); font-size: 15px;\"><div class=\"\" style=\"position: relative;\"><p>Ange<\/p><\/div><\/div><\/td><td class=\"wptb-cell\" data-wptb-css-td-auto-width=\"true\" data-x-index=\"4\" data-y-index=\"3\" style=\"padding: 15px; border-style: solid; border-width: 1px;\"><div class=\"wptb-text-container wptb-ph-element wptb-element-text-37\" style=\"color: rgb(74, 85, 104); font-size: 15px;\"><div class=\"\" style=\"position: relative;\"><p>Acier inoxydable<\/p><\/div><\/div><\/td><td class=\"wptb-cell\" data-wptb-css-td-auto-width=\"true\" data-x-index=\"5\" data-y-index=\"3\" style=\"padding: 15px; border-style: solid; border-width: 1px;\"><div class=\"wptb-text-container wptb-ph-element wptb-element-text-24\" style=\"color: rgb(74, 85, 104); font-size: 15px;\"><div class=\"\" style=\"position: relative;\"><p>2<\/p><\/div><\/div><\/td><\/tr><tr class=\"wptb-row\" style=\"--hover-bg-color: undefined;\"><td class=\"wptb-cell\" data-wptb-css-td-auto-width=\"true\" data-x-index=\"0\" data-y-index=\"4\" style=\"padding: 15px; border-style: solid; border-width: 1px;\"><div class=\"wptb-text-container wptb-ph-element wptb-element-text-25\" style=\"color: rgb(74, 85, 104); font-size: 15px;\"><div class=\"\" style=\"position: relative;\"><p>ACD1800F2S<\/p><\/div><\/div><\/td><td class=\"wptb-cell\" data-x-index=\"1\" data-y-index=\"4\" style=\"padding: 15px; border-style: solid; border-width: 1px; width: 113px;\"><div class=\"wptb-text-container wptb-ph-element wptb-element-text-26\" style=\"color: rgb(74, 85, 104); font-size: 15px;\"><div class=\"\" style=\"position: relative;\"><p>1800\u00d7700\u00d71200<\/p><\/div><\/div><\/td><td class=\"wptb-cell\" data-wptb-css-td-auto-width=\"true\" data-x-index=\"2\" data-y-index=\"4\" style=\"padding: 15px; border-style: solid; border-width: 1px;\"><div class=\"wptb-text-container wptb-ph-element wptb-element-text-27\" style=\"color: rgb(74, 85, 104); font-size: 15px;\"><div class=\"\" style=\"position: relative;\"><p>Ventil\u00e9<\/p><\/div><\/div><\/td><td class=\"wptb-cell\" data-wptb-css-td-auto-width=\"true\" data-x-index=\"3\" data-y-index=\"4\" style=\"padding: 15px; border-style: solid; border-width: 1px;\"><div class=\"wptb-text-container wptb-ph-element wptb-element-text-28\" style=\"color: rgb(74, 85, 104); font-size: 15px;\"><div class=\"\" style=\"position: relative;\"><p>Ange<\/p><\/div><\/div><\/td><td class=\"wptb-cell\" data-wptb-css-td-auto-width=\"true\" data-x-index=\"4\" data-y-index=\"4\" style=\"padding: 15px; border-style: solid; border-width: 1px;\"><div class=\"wptb-text-container wptb-ph-element wptb-element-text-38\" style=\"color: rgb(74, 85, 104); font-size: 15px;\"><div class=\"\" style=\"position: relative;\"><p>Acier inoxydable<\/p><\/div><\/div><\/td><td class=\"wptb-cell\" data-wptb-css-td-auto-width=\"true\" data-x-index=\"5\" data-y-index=\"4\" style=\"padding: 15px; border-style: solid; border-width: 1px;\"><div class=\"wptb-text-container wptb-ph-element wptb-element-text-30\" style=\"color: rgb(74, 85, 104); font-size: 15px;\"><div class=\"\" style=\"position: relative;\"><p>2<\/p><\/div><\/div><\/td><\/tr><tr class=\"wptb-row\" style=\"--hover-bg-color: undefined;\"><td class=\"wptb-cell\" data-wptb-css-td-auto-width=\"true\" data-x-index=\"0\" data-y-index=\"5\" style=\"padding: 15px; border-style: solid; border-width: 1px;\"><div class=\"wptb-text-container wptb-ph-element wptb-element-text-31\" style=\"color: rgb(74, 85, 104); font-size: 15px;\"><div class=\"\" style=\"position: relative;\"><p>ACD2000F2S<\/p><\/div><\/div><\/td><td class=\"wptb-cell\" data-x-index=\"1\" data-y-index=\"5\" style=\"padding: 15px; border-style: solid; border-width: 1px; width: 113px;\"><div class=\"wptb-text-container wptb-ph-element wptb-element-text-32\" style=\"color: rgb(74, 85, 104); font-size: 15px;\"><div class=\"\" style=\"position: relative;\"><p>2000\u00d7700\u00d71200<\/p><\/div><\/div><\/td><td class=\"wptb-cell\" data-wptb-css-td-auto-width=\"true\" data-x-index=\"2\" data-y-index=\"5\" style=\"padding: 15px; border-style: solid; border-width: 1px;\"><div class=\"wptb-text-container wptb-ph-element wptb-element-text-33\" style=\"color: rgb(74, 85, 104); font-size: 15px;\"><div class=\"\" style=\"position: relative;\"><p>Ventil\u00e9<\/p><\/div><\/div><\/td><td class=\"wptb-cell\" data-wptb-css-td-auto-width=\"true\" data-x-index=\"3\" data-y-index=\"5\" style=\"padding: 15px; border-style: solid; border-width: 1px;\"><div class=\"wptb-text-container wptb-ph-element wptb-element-text-34\"><div class=\"\" style=\"position: relative;\"><p>Ange<\/p><\/div><\/div><\/td><td class=\"wptb-cell\" data-wptb-css-td-auto-width=\"true\" data-x-index=\"4\" data-y-index=\"5\" style=\"padding: 15px; border-style: solid; border-width: 1px;\"><div class=\"wptb-text-container wptb-ph-element wptb-element-text-39\" style=\"color: rgb(74, 85, 104); font-size: 15px;\"><div class=\"\" style=\"position: relative;\"><p>Acier inoxydable<\/p><\/div><\/div><\/td><td class=\"wptb-cell\" data-wptb-css-td-auto-width=\"true\" data-x-index=\"5\" data-y-index=\"5\" style=\"padding: 15px; border-style: solid; border-width: 1px;\"><div class=\"wptb-text-container wptb-ph-element wptb-element-text-36\" style=\"color: rgb(74, 85, 104); font-size: 15px;\"><div class=\"\" style=\"position: relative;\"><p>2<\/p><\/div><\/div><\/td><\/tr><\/tbody><\/table><\/div><\/div>\n<\/p>\n<h3>FAQ de l&#039;affichage du refroidisseur de g\u00e2teaux\u00a0:<\/h3>\n<p>&nbsp;<\/p>\n<div data-page-id=\"NVnTdl49eoEGi7xeYOVcOQEkn0b\" data-docx-has-block-data=\"false\">\n<div>\n<div data-page-id=\"NVnTdl49eoEGi7xeYOVcOQEkn0b\" data-docx-has-block-data=\"false\">\n<h4 class=\"old-record-id-Xe6VdryYpondtpxq1XxcOnHGnmc\">1. Taille du refroidisseur \u00e0 g\u00e2teau<\/h4>\n<\/div>\n<\/div>\n<div class=\"ace-line ace-line old-record-id-JuPvdwBnhomuftxrnoxc3O8wnh5\">La longueur du refroidisseur \u00e0 g\u00e2teaux varie de 900 mm \u00e0 2 000 mm, la profondeur est de 700 mm ou 650 mm, la hauteur est de 1 270 mm ou 1 320 mm selon les quantit\u00e9s d&#039;\u00e9tag\u00e8res.<\/div>\n<div class=\"ace-line ace-line old-record-id-Wl4id05fdoQ0LYxzJMicGVsSn5f\">Pour les commandes group\u00e9es, nous pouvons personnaliser les dimensions pour r\u00e9pondre \u00e0 vos exigences.<\/div>\n<\/div>\n<h4>2. \u00c0 quoi sert ce refroidisseur de pr\u00e9sentoir \u00e0 g\u00e2teaux\u00a0?<\/h4>\n<div data-page-id=\"NVnTdl49eoEGi7xeYOVcOQEkn0b\" data-docx-has-block-data=\"false\">\n<div class=\"ace-line ace-line old-record-id-SCoUdaHQroPAvUxpiVzcvabsnIW\">Les refroidisseurs de pr\u00e9sentoirs \u00e0 g\u00e2teaux sont g\u00e9n\u00e9ralement utilis\u00e9s dans les boulangeries, les p\u00e2tisseries, les caf\u00e9s, les glaciers, etc.<\/div>\n<div class=\"ace-line ace-line old-record-id-SRHgdWRcioixDOxdHEmcvbWbnEZ\">Il est utilis\u00e9 pour pr\u00e9senter toutes sortes de plats cuits au four, de desserts, de lait ou de glaces.<\/div>\n<h4>3. Puis-je acheter un ensemble de refroidisseurs \u00e0 g\u00e2teaux\u00a0?<\/h4>\n<div>Oui, un ensemble de refroidisseurs \u00e0 g\u00e2teaux est disponible, mais le co\u00fbt moyen d&#039;un ensemble de refroidisseurs \u00e0 g\u00e2teaux est relativement plus \u00e9lev\u00e9. Si vous avez besoin d&#039;autres \u00e9quipements, tels que des r\u00e9frig\u00e9rateurs ou des cong\u00e9lateurs commerciaux, nous pouvons vous livrer ces \u00e9quipements ensemble, de cette mani\u00e8re, les frais d&#039;exp\u00e9dition seront inf\u00e9rieurs.<\/div>\n<h4>4. Pouvez-vous exp\u00e9dier le refroidisseur \u00e0 g\u00e2teau aux Philippines\u00a0?<\/h4>\n<div>Oui, nous pouvons exp\u00e9dier le refroidisseur \u00e0 g\u00e2teaux au port des Philippines. Si vous pouvez demander \u00e0 un agent de vous aider \u00e0 d\u00e9douaner aux Philippines, ce sera mieux.<\/div>\n<\/div>\n<p>&nbsp;<\/p>","protected":false},"excerpt":{"rendered":"<p>ce refroidisseur de g\u00e2teau est un refroidissement ventil\u00e9, avec un volume d&#039;affichage \u00e9lev\u00e9, la mousse du sous-sol est r\u00e9alis\u00e9e par un moule avec une bonne \u00e9tanch\u00e9it\u00e9, ce qui peut maintenir l&#039;air frais \u00e0 l&#039;int\u00e9rieur et r\u00e9duire la perte d&#039;\u00e9nergie.<\/p>","protected":false},"featured_media":4705,"comment_status":"open","ping_status":"closed","template":"","meta":{"_seopress_robots_primary_cat":"none","_seopress_titles_title":"Cake Display Chiller %%sep%%Cake Chiller Manufacturer For 8 Years","_seopress_titles_desc":"This cake chiller price ranges from $500 to $900, Dimensions of this cake display chiller range from 0.9 meters to 2.0 meters. Ventilated cooling, 2\u2103~8\u2103. ","_seopress_robots_index":""},"product_cat":[59],"product_tag":[157],"_links":{"self":[{"href":"https:\/\/acenoxkitchenequipment.com\/fr\/wp-json\/wp\/v2\/product\/4716"}],"collection":[{"href":"https:\/\/acenoxkitchenequipment.com\/fr\/wp-json\/wp\/v2\/product"}],"about":[{"href":"https:\/\/acenoxkitchenequipment.com\/fr\/wp-json\/wp\/v2\/types\/product"}],"replies":[{"embeddable":true,"href":"https:\/\/acenoxkitchenequipment.com\/fr\/wp-json\/wp\/v2\/comments?post=4716"}],"version-history":[{"count":0,"href":"https:\/\/acenoxkitchenequipment.com\/fr\/wp-json\/wp\/v2\/product\/4716\/revisions"}],"wp:featuredmedia":[{"embeddable":true,"href":"https:\/\/acenoxkitchenequipment.com\/fr\/wp-json\/wp\/v2\/media\/4705"}],"wp:attachment":[{"href":"https:\/\/acenoxkitchenequipment.com\/fr\/wp-json\/wp\/v2\/media?parent=4716"}],"wp:term":[{"taxonomy":"product_cat","embeddable":true,"href":"https:\/\/acenoxkitchenequipment.com\/fr\/wp-json\/wp\/v2\/product_cat?post=4716"},{"taxonomy":"product_tag","embeddable":true,"href":"https:\/\/acenoxkitchenequipment.com\/fr\/wp-json\/wp\/v2\/product_tag?post=4716"}],"curies":[{"name":"wp","href":"https:\/\/api.w.org\/{rel}","templated":true}]}}