{"id":4624,"date":"2023-02-09T20:48:04","date_gmt":"2023-02-09T12:48:04","guid":{"rendered":"https:\/\/acenoxkitchenequipment.com\/?post_type=product&#038;p=4624"},"modified":"2023-02-09T21:00:01","modified_gmt":"2023-02-09T13:00:01","slug":"wall-type-extraction-canopy-with-grease-filters","status":"publish","type":"product","link":"https:\/\/acenoxkitchenequipment.com\/fr\/produit\/wall-type-extraction-canopy-with-grease-filters\/","title":{"rendered":"Auvent d&#039;extraction de type mural avec filtres \u00e0 graisse"},"content":{"rendered":"<p>Il s&#039;agit d&#039;un auvent d&#039;extraction commercial de type mural, qui \u00e9vacue la chaleur, la fum\u00e9e et la graisse produites par les \u00e9quipements de cuisson.<\/p>\n<p>Caract\u00e9ristiques:<\/p>\n<ul>\n<li>Mat\u00e9riaux\u00a0: construction en acier inoxydable 100%, acier 304, acier 201, acier 430 au choix.<\/li>\n<li>Construit enti\u00e8rement en acier inoxydable<\/li>\n<li>La taille est personnalis\u00e9e<\/li>\n<li>De beaux looks de soudure<\/li>\n<li>Filtres \u00e0 chicane en acier inoxydable inclus<\/li>\n<li>supports de suspension<\/li>\n<li>Bac \u00e0 graisse et godet en acier inoxydable<\/li>\n<li>Filtres en acier inoxydable inclus<\/li>\n<\/ul>\n<p>Options\uff1a<\/p>\n<ul>\n<li>Ventilateur et contr\u00f4leur de vitesse<\/li>\n<li>Tension et puissance : 220\/240 V, 250 W. 320 W pour une longueur sup\u00e9rieure \u00e0 2,0 m\u00e8tres<\/li>\n<li>Avec lumi\u00e8res\u00a0: lumi\u00e8res communes ou lumi\u00e8res LED au choix<\/li>\n<\/ul>\n<p>La forme des hottes aspirantes peut \u00eatre personnalis\u00e9e selon le march\u00e9 local du client.<\/p>","protected":false},"excerpt":{"rendered":"<p>Il s&#039;agit d&#039;un auvent d&#039;extraction commercial de type mural, avec filtre, ventilateur, lumi\u00e8re LED et contr\u00f4le de vitesse. La puissance est de 250 W, les mat\u00e9riaux peuvent \u00eatre personnalis\u00e9s.<\/p>","protected":false},"featured_media":4625,"comment_status":"closed","ping_status":"closed","template":"","meta":{"_seopress_robots_primary_cat":"none"},"product_cat":[35],"product_tag":[86],"_links":{"self":[{"href":"https:\/\/acenoxkitchenequipment.com\/fr\/wp-json\/wp\/v2\/product\/4624"}],"collection":[{"href":"https:\/\/acenoxkitchenequipment.com\/fr\/wp-json\/wp\/v2\/product"}],"about":[{"href":"https:\/\/acenoxkitchenequipment.com\/fr\/wp-json\/wp\/v2\/types\/product"}],"replies":[{"embeddable":true,"href":"https:\/\/acenoxkitchenequipment.com\/fr\/wp-json\/wp\/v2\/comments?post=4624"}],"version-history":[{"count":0,"href":"https:\/\/acenoxkitchenequipment.com\/fr\/wp-json\/wp\/v2\/product\/4624\/revisions"}],"wp:featuredmedia":[{"embeddable":true,"href":"https:\/\/acenoxkitchenequipment.com\/fr\/wp-json\/wp\/v2\/media\/4625"}],"wp:attachment":[{"href":"https:\/\/acenoxkitchenequipment.com\/fr\/wp-json\/wp\/v2\/media?parent=4624"}],"wp:term":[{"taxonomy":"product_cat","embeddable":true,"href":"https:\/\/acenoxkitchenequipment.com\/fr\/wp-json\/wp\/v2\/product_cat?post=4624"},{"taxonomy":"product_tag","embeddable":true,"href":"https:\/\/acenoxkitchenequipment.com\/fr\/wp-json\/wp\/v2\/product_tag?post=4624"}],"curies":[{"name":"wp","href":"https:\/\/api.w.org\/{rel}","templated":true}]}}