{"id":4603,"date":"2023-01-24T17:17:55","date_gmt":"2023-01-24T09:17:55","guid":{"rendered":"https:\/\/acenoxkitchenequipment.com\/?post_type=product&#038;p=4603"},"modified":"2023-05-31T16:52:17","modified_gmt":"2023-05-31T08:52:17","slug":"knee-operated-hand-wash-sink","status":"publish","type":"product","link":"https:\/\/acenoxkitchenequipment.com\/fr\/produit\/knee-operated-hand-wash-sink\/","title":{"rendered":"Lavabo \u00e0 main \u00e0 commande au genou avec robinet chrom\u00e9"},"content":{"rendered":"<p><strong><b>Caract\u00e9ristiques:<\/b><\/strong><\/p>\n<p>Fabriqu\u00e9 enti\u00e8rement en acier inoxydable. cet \u00e9vier de lavage des mains \u00e0 commande au genou offre une hygi\u00e8ne \u00e9lev\u00e9e, occupant de petits espaces avec un dosseret haut, les mains libres.<\/p>\n<p>Les cuvettes de l&#039;\u00e9vier sont modulaires sans cicatrices de soudure, bonne apparence.<\/p>\n<p>Forme rectangulaire, l&#039;acier inoxydable 304 est le meilleur choix, 0,8 mm d&#039;\u00e9paisseur.<\/p>\n<p>Il existe plusieurs qualit\u00e9s de robinets diff\u00e9rentes \u00e0 choisir. La hauteur du dosseret peut \u00eatre personnalis\u00e9e.<\/p>\n<p><strong><b>Sp\u00e9cification:<\/b><\/strong><br \/>\nMat\u00e9riau : acier inoxydable 304 et 201 au choix.<br \/>\nDimension (L\/L\/H) : 400\u00d7340\u00d7(200+384)mm<br \/>\nOp\u00e9ration : op\u00e9ration du genou<\/p>\n<p><strong><b>Le forfait comprend\u00a0:<\/b><\/strong><br \/>\n1x \u00e9vier<br \/>\n1x support mural<\/p>\n<p>1x vanne m\u00e9langeuse m\u00e9canique<br \/>\n1x tuyau<br \/>\n1x drain en acier inoxydable et tuyau en plastique<br \/>\n1x vanne m\u00e9langeuse m\u00e9canique<\/p>\n<p>1x robinet chrom\u00e9, noyau de valve en laiton<\/p>\n<p><strong><b>Autres options: <\/b><\/strong>Distributeur de savon et bo\u00eete \u00e0 mouchoirs en acier 304<\/p>\n<p>&nbsp;<\/p>","protected":false},"excerpt":{"rendered":"<p>La taille est variable, la forme aussi. Une taille personnalis\u00e9e est disponible.<\/p>","protected":false},"featured_media":5405,"comment_status":"closed","ping_status":"closed","template":"","meta":{"_seopress_robots_primary_cat":"none","_seopress_titles_title":"","_seopress_titles_desc":"Stainless Steel 304 is the better choice,0.8mm thick. There&#039;re several different taps for choice. Height of back splash could be customized.MOQ: 5pcs.","_seopress_robots_index":""},"product_cat":[53],"product_tag":[146],"_links":{"self":[{"href":"https:\/\/acenoxkitchenequipment.com\/fr\/wp-json\/wp\/v2\/product\/4603"}],"collection":[{"href":"https:\/\/acenoxkitchenequipment.com\/fr\/wp-json\/wp\/v2\/product"}],"about":[{"href":"https:\/\/acenoxkitchenequipment.com\/fr\/wp-json\/wp\/v2\/types\/product"}],"replies":[{"embeddable":true,"href":"https:\/\/acenoxkitchenequipment.com\/fr\/wp-json\/wp\/v2\/comments?post=4603"}],"version-history":[{"count":0,"href":"https:\/\/acenoxkitchenequipment.com\/fr\/wp-json\/wp\/v2\/product\/4603\/revisions"}],"wp:featuredmedia":[{"embeddable":true,"href":"https:\/\/acenoxkitchenequipment.com\/fr\/wp-json\/wp\/v2\/media\/5405"}],"wp:attachment":[{"href":"https:\/\/acenoxkitchenequipment.com\/fr\/wp-json\/wp\/v2\/media?parent=4603"}],"wp:term":[{"taxonomy":"product_cat","embeddable":true,"href":"https:\/\/acenoxkitchenequipment.com\/fr\/wp-json\/wp\/v2\/product_cat?post=4603"},{"taxonomy":"product_tag","embeddable":true,"href":"https:\/\/acenoxkitchenequipment.com\/fr\/wp-json\/wp\/v2\/product_tag?post=4603"}],"curies":[{"name":"wp","href":"https:\/\/api.w.org\/{rel}","templated":true}]}}