{"id":3965,"date":"2023-01-04T19:52:06","date_gmt":"2023-01-04T11:52:06","guid":{"rendered":"https:\/\/acenoxkitchenequipment.com\/?post_type=product&#038;p=3965"},"modified":"2024-03-07T17:18:57","modified_gmt":"2024-03-07T09:18:57","slug":"commercial-display-refrigerator-with-single-glass-door-2","status":"publish","type":"product","link":"https:\/\/acenoxkitchenequipment.com\/fr\/produit\/commercial-display-refrigerator-with-single-glass-door-2\/","title":{"rendered":"R\u00e9frig\u00e9rateur \u00e0 porte vitr\u00e9e avec porte simple"},"content":{"rendered":"<p><strong>R\u00e9frig\u00e9rateur vitrine professionnel avec portes vitr\u00e9es simples, portes battantes avec une bonne \u00e9tanch\u00e9it\u00e9<\/strong><\/p>\n<p><strong>Caract\u00e9ristiques:<\/strong><\/p>\n<p>Mod\u00e8le\u00a0:\u00a0VGD-1B<\/p>\n<p>\u25a0 Couleur : Noir<\/p>\n<p>\u25a0 Taille\u00a0: 620 mm \u00d7 635 mm \u00d7 1995 mm<\/p>\n<p>\u25a0 Mat\u00e9riaux : Acier peint<\/p>\n<p>\u25a0 Verres Low-E, doubles couches antid\u00e9flagrantes<\/p>\n<p>\u25a0 220 V\/50 Hz, +2\u2103~+8\u2103,<\/p>\n<p>\u25a0 Refroidissement ventil\u00e9, compresseur Donper\/compresseur Embraco<\/p>\n<p>\u25a0 Int\u00e9rieur avec \u00e9tag\u00e8res \u00e0 quatre couches de rev\u00eatement en PVC<\/p>\n<p>\u25a0 Contr\u00f4leur de temp\u00e9rature de marque Hongke (chine)\/marque italienne Carel<\/p>\n<p>\u25a0 Roues muettes, deux avec freins<\/p>\n<p>\u25a0 Bande de lampe LED incluse<\/p>\n<p>\u25a0 Application\u00a0: temp\u00e9rature \u2264 32 \u2103, humidit\u00e9 inf\u00e9rieure \u00e0 65%, sans brouillard<\/p>\n<p>Avec une configuration diff\u00e9rente, le co\u00fbt sera tr\u00e8s diff\u00e9rent.<\/p>\n<p>&nbsp;<\/p>\n<p>&nbsp;<\/p>","protected":false},"excerpt":{"rendered":"<p>Il est utilis\u00e9 pour afficher des boissons froides, des ours, etc. Veuillez noter que la taille et la forme peuvent \u00eatre personnalis\u00e9es, le papier publicitaire du logo de votre entreprise peut \u00eatre imprim\u00e9 pour \u00eatre plac\u00e9 sur le dessus du refroidisseur.<\/p>","protected":false},"featured_media":9011,"comment_status":"open","ping_status":"closed","template":"","meta":{"_seopress_robots_primary_cat":"none","_seopress_titles_title":"Glass Door Refrigerator Suppliers %%sep%%Commercial Glass refrigerators","_seopress_titles_desc":"We manufacture various glass door commercial refrigerators, It is used to display Cold Beverages, Bear, etc. Explore cost-effective refrigeration solutions.","_seopress_robots_index":""},"product_cat":[60],"product_tag":[258],"_links":{"self":[{"href":"https:\/\/acenoxkitchenequipment.com\/fr\/wp-json\/wp\/v2\/product\/3965"}],"collection":[{"href":"https:\/\/acenoxkitchenequipment.com\/fr\/wp-json\/wp\/v2\/product"}],"about":[{"href":"https:\/\/acenoxkitchenequipment.com\/fr\/wp-json\/wp\/v2\/types\/product"}],"replies":[{"embeddable":true,"href":"https:\/\/acenoxkitchenequipment.com\/fr\/wp-json\/wp\/v2\/comments?post=3965"}],"version-history":[{"count":0,"href":"https:\/\/acenoxkitchenequipment.com\/fr\/wp-json\/wp\/v2\/product\/3965\/revisions"}],"wp:featuredmedia":[{"embeddable":true,"href":"https:\/\/acenoxkitchenequipment.com\/fr\/wp-json\/wp\/v2\/media\/9011"}],"wp:attachment":[{"href":"https:\/\/acenoxkitchenequipment.com\/fr\/wp-json\/wp\/v2\/media?parent=3965"}],"wp:term":[{"taxonomy":"product_cat","embeddable":true,"href":"https:\/\/acenoxkitchenequipment.com\/fr\/wp-json\/wp\/v2\/product_cat?post=3965"},{"taxonomy":"product_tag","embeddable":true,"href":"https:\/\/acenoxkitchenequipment.com\/fr\/wp-json\/wp\/v2\/product_tag?post=3965"}],"curies":[{"name":"wp","href":"https:\/\/api.w.org\/{rel}","templated":true}]}}