{"id":3964,"date":"2023-01-04T19:17:12","date_gmt":"2023-01-04T11:17:12","guid":{"rendered":"https:\/\/acenoxkitchenequipment.com\/?post_type=product&#038;p=3964"},"modified":"2024-03-21T18:21:33","modified_gmt":"2024-03-21T10:21:33","slug":"commercial-display-refrigerator-with-single-glass-door","status":"publish","type":"product","link":"https:\/\/acenoxkitchenequipment.com\/fr\/produit\/commercial-display-refrigerator-with-single-glass-door\/","title":{"rendered":"R\u00e9frig\u00e9rateur pr\u00e9sentoir \u00e0 boissons avec porte vitr\u00e9e simple"},"content":{"rendered":"<h3>R\u00e9frig\u00e9rateur et r\u00e9frig\u00e9rateur \u00e0 boissons avec porte vitr\u00e9e simple<\/h3>\n<p>Le design simple mais \u00e9l\u00e9gant de ce r\u00e9frig\u00e9rateur \u00e0 porte vitr\u00e9e unique est populaire dans de nombreux pays tels que l&#039;Europe, l&#039;Australie et la Malaisie, etc. Il est utilis\u00e9 pour afficher des boissons froides, de la bi\u00e8re, etc. Veuillez noter que la taille et la forme peuvent \u00eatre personnalis\u00e9es, votre entreprise L&#039;autocollant publicitaire avec logo peut \u00eatre imprim\u00e9 pour \u00eatre plac\u00e9 sur le dessus du r\u00e9frig\u00e9rateur.<\/p>\n<p><strong>Caract\u00e9ristiques:<\/strong><\/p>\n<p>Mod\u00e8le\u00a0:\u00a0VGD-1B<\/p>\n<p>\u25a0Cadre des portes en alliage d&#039;aluminium, surface bross\u00e9e\u00a0; sous-sol en acier rev\u00eatu<\/p>\n<p>\u25a0 Portes \u00e0 fermeture automatique avec une bonne \u00e9tanch\u00e9it\u00e9, verres Low-E, double couche antid\u00e9flagrante<\/p>\n<p>\u25a0220 V\/50 Hz, +2\u2103~+8\u2103<\/p>\n<p>\u25a0 Contr\u00f4leur de temp\u00e9rature num\u00e9rique de marque de haute qualit\u00e9<\/p>\n<p>\u25a0Refroidissement ventil\u00e9, compresseur Donper, compresseur R290\/Embraco<\/p>\n<p>\u25a0 Int\u00e9rieur avec \u00e9tag\u00e8res \u00e0 quatre couches de rev\u00eatement en PVC<\/p>\n<p>\u25a0 Roues muettes, deux avec freins<\/p>\n<p>\u25a0 Bande de lampe LED brillante incluse<\/p>\n<p>\u25a0 D\u00e9givrage automatique<\/p>\n<p>\u25a0 Application\u00a0: temp\u00e9rature \u2264 32 \u2103, humidit\u00e9 inf\u00e9rieure \u00e0 65%<\/p>\n<p>&nbsp;<\/p>\n<p>&nbsp;<\/p>","protected":false},"excerpt":{"rendered":"<p>Ce r\u00e9frig\u00e9rateur d&#039;affichage \u00e0 porte unique est g\u00e9n\u00e9ralement utilis\u00e9 pour pr\u00e9senter des boissons froides, de la bi\u00e8re, de l&#039;eau, etc.<\/p>","protected":false},"featured_media":9020,"comment_status":"open","ping_status":"closed","template":"","meta":{"_seopress_robots_primary_cat":"none","_seopress_titles_title":"Drinks Display Fridge Refrigerator For Grocery Stores ","_seopress_titles_desc":"Produced by the reliable manufacturer of Acenox, who specialize in producing drinks fridges and all kinds of chillers and freezers, single door and double doors.","_seopress_robots_index":""},"product_cat":[60],"product_tag":[262],"_links":{"self":[{"href":"https:\/\/acenoxkitchenequipment.com\/fr\/wp-json\/wp\/v2\/product\/3964"}],"collection":[{"href":"https:\/\/acenoxkitchenequipment.com\/fr\/wp-json\/wp\/v2\/product"}],"about":[{"href":"https:\/\/acenoxkitchenequipment.com\/fr\/wp-json\/wp\/v2\/types\/product"}],"replies":[{"embeddable":true,"href":"https:\/\/acenoxkitchenequipment.com\/fr\/wp-json\/wp\/v2\/comments?post=3964"}],"version-history":[{"count":0,"href":"https:\/\/acenoxkitchenequipment.com\/fr\/wp-json\/wp\/v2\/product\/3964\/revisions"}],"wp:featuredmedia":[{"embeddable":true,"href":"https:\/\/acenoxkitchenequipment.com\/fr\/wp-json\/wp\/v2\/media\/9020"}],"wp:attachment":[{"href":"https:\/\/acenoxkitchenequipment.com\/fr\/wp-json\/wp\/v2\/media?parent=3964"}],"wp:term":[{"taxonomy":"product_cat","embeddable":true,"href":"https:\/\/acenoxkitchenequipment.com\/fr\/wp-json\/wp\/v2\/product_cat?post=3964"},{"taxonomy":"product_tag","embeddable":true,"href":"https:\/\/acenoxkitchenequipment.com\/fr\/wp-json\/wp\/v2\/product_tag?post=3964"}],"curies":[{"name":"wp","href":"https:\/\/api.w.org\/{rel}","templated":true}]}}