{"id":3953,"date":"2023-01-04T17:07:14","date_gmt":"2023-01-04T09:07:14","guid":{"rendered":"https:\/\/acenoxkitchenequipment.com\/?post_type=product&#038;p=3953"},"modified":"2024-03-09T16:55:12","modified_gmt":"2024-03-09T08:55:12","slug":"commercial-glass-door-display-chiller","status":"publish","type":"product","link":"https:\/\/acenoxkitchenequipment.com\/fr\/produit\/commercial-glass-door-display-chiller\/","title":{"rendered":"Porte en verre du refroidisseur d&#039;affichage"},"content":{"rendered":"<h3>Refroidisseur d&#039;affichage<\/h3>\n<p>Ce refroidisseur d&#039;affichage \u00e0 porte en verre de mod\u00e8le vertical est couramment utilis\u00e9 dans divers environnements professionnels \u00e0 des fins de r\u00e9frig\u00e9ration et d&#039;affichage.<\/p>\n<p><strong>Caract\u00e9ristiques:<\/strong><\/p>\n<p>Mod\u00e8le\u00a0:\u00a0VGD-3W<\/p>\n<p>\u25a0 Mat\u00e9riaux : Acier peint, Huisserie de porte en aluminium<\/p>\n<p>\u25a0 Taille\u00a0: 1880 mm \u00d7 735 mm \u00d7 2090 mm<\/p>\n<p>\u25a0 Portes \u00e0 fermeture automatique, double couche antid\u00e9flagrante de verres Low-E<\/p>\n<p>\u25a0 220 V\/50 Hz, +2\u2103~+8\u2103<\/p>\n<p>\u25a0 Refroidissement ventil\u00e9, compresseur Donper\/compresseur Embraco<\/p>\n<p>\u25a0 Int\u00e9rieur avec \u00e9tag\u00e8res \u00e0 quatre couches de rev\u00eatement en PVC<\/p>\n<p>\u25a0 Contr\u00f4leur de temp\u00e9rature num\u00e9rique de marque, fournissant des r\u00e9glages de temp\u00e9rature pr\u00e9cis, permettant un contr\u00f4le plus pr\u00e9cis de la temp\u00e9rature \u00e0 l&#039;int\u00e9rieur du r\u00e9frig\u00e9rateur. Ceci est crucial pour maintenir des conditions optimales de conservation des boissons ou des aliments.<\/p>\n<p>\u25a0 Roues muettes, deux avec freins<\/p>\n<p>\u25a0 Chaque porte est \u00e9quip\u00e9e de deux bandes lumineuses LED verticales pour \u00e9clairer parfaitement la marchandise<\/p>\n<p>\u25a0 Socle en acier rev\u00eatu, co\u00fbt \u00e9conomique mais qualit\u00e9 durable<\/p>\n<p>\u25a0 Application\u00a0: temp\u00e9rature \u2264 32 \u2103, humidit\u00e9 inf\u00e9rieure \u00e0 65%<\/p>\n<p>Remarque\u00a0:\u00a0Environnement applicable\u00a0: temp\u00e9rature ambiante inf\u00e9rieure \u00e0 32 \u2103<\/p>\n<p>&nbsp;<\/p>","protected":false},"excerpt":{"rendered":"<p>Ce refroidisseur \u00e0 affichage vertical a trois portes en verre, la couleur peut \u00eatre blanche, noire ou d&#039;autres couleurs personnalis\u00e9es. Taille id\u00e9ale pour afficher des boissons froides, de la bi\u00e8re, etc. Votre logo de marque et votre autocollant publicitaire peuvent \u00eatre imprim\u00e9s pour \u00eatre plac\u00e9s sur le dessus du refroidisseur.<\/p>","protected":false},"featured_media":9036,"comment_status":"open","ping_status":"closed","template":"","meta":{"_seopress_robots_primary_cat":"none","_seopress_titles_title":"Display Chiller Manufacturer %%sep%%Glass Door Chiller","_seopress_titles_desc":"A perfect display chiller in retail establishments, including supermarkets, grocery stores, and convenience stores. Order in bulk for exclusive discounts.","_seopress_robots_index":""},"product_cat":[60],"product_tag":[135],"_links":{"self":[{"href":"https:\/\/acenoxkitchenequipment.com\/fr\/wp-json\/wp\/v2\/product\/3953"}],"collection":[{"href":"https:\/\/acenoxkitchenequipment.com\/fr\/wp-json\/wp\/v2\/product"}],"about":[{"href":"https:\/\/acenoxkitchenequipment.com\/fr\/wp-json\/wp\/v2\/types\/product"}],"replies":[{"embeddable":true,"href":"https:\/\/acenoxkitchenequipment.com\/fr\/wp-json\/wp\/v2\/comments?post=3953"}],"version-history":[{"count":0,"href":"https:\/\/acenoxkitchenequipment.com\/fr\/wp-json\/wp\/v2\/product\/3953\/revisions"}],"wp:featuredmedia":[{"embeddable":true,"href":"https:\/\/acenoxkitchenequipment.com\/fr\/wp-json\/wp\/v2\/media\/9036"}],"wp:attachment":[{"href":"https:\/\/acenoxkitchenequipment.com\/fr\/wp-json\/wp\/v2\/media?parent=3953"}],"wp:term":[{"taxonomy":"product_cat","embeddable":true,"href":"https:\/\/acenoxkitchenequipment.com\/fr\/wp-json\/wp\/v2\/product_cat?post=3953"},{"taxonomy":"product_tag","embeddable":true,"href":"https:\/\/acenoxkitchenequipment.com\/fr\/wp-json\/wp\/v2\/product_tag?post=3953"}],"curies":[{"name":"wp","href":"https:\/\/api.w.org\/{rel}","templated":true}]}}