{"id":2531,"date":"2022-10-28T13:24:35","date_gmt":"2022-10-28T05:24:35","guid":{"rendered":"http:\/\/acenoxkitchenequipment.com\/?post_type=product&#038;p=2531"},"modified":"2023-07-05T18:38:52","modified_gmt":"2023-07-05T10:38:52","slug":"janitorial-hand-washing-mop-sink","status":"publish","type":"product","link":"https:\/\/acenoxkitchenequipment.com\/fr\/produit\/janitorial-hand-washing-mop-sink\/","title":{"rendered":"\u00c9vier de lavage des mains et de vadrouille de conciergerie"},"content":{"rendered":"<h3>Caract\u00e9ristiques de l&#039;\u00e9vier de lavage des mains et de vadrouille :<\/h3>\n<ul>\n<li><strong><span data-preserver-spaces=\"true\">Mat\u00e9riaux:\u00a0<\/span><\/strong><span data-preserver-spaces=\"true\">nous sugg\u00e9rons d&#039;utiliser de l&#039;acier inoxydable 304 avec de bonnes performances antirouille, ou de l&#039;acier inoxydable 201 comme \u00e9conomique, de type robuste, car il s&#039;agit d&#039;un \u00e9vier de nettoyage \u00e0 fonctions multiples, le type robuste le rend suffisamment stable.<\/span><\/li>\n<li><strong><span data-preserver-spaces=\"true\">Bol sup\u00e9rieur\u00a0:\u00a0\u00a0<\/span><\/strong><span data-preserver-spaces=\"true\">390 mm \u00d7 240 mm \u00d7 120 mm, drain inclus.<\/span><\/li>\n<li><strong><span data-preserver-spaces=\"true\">Sous le bol\u00a0:\u00a0<\/span><\/strong><span data-preserver-spaces=\"true\">400 mm \u00d7 300 mm \u00d7 200 mm (standard), drain inclus<\/span><\/li>\n<li><strong><span data-preserver-spaces=\"true\">Structure:\u00a0<\/span><\/strong><span data-preserver-spaces=\"true\">type non assembl\u00e9, paquet plat.<\/span><\/li>\n<li><strong><span data-preserver-spaces=\"true\">Taille d&#039;emballage:\u00a0<\/span><\/strong><span data-preserver-spaces=\"true\">\u00a0530 mm \u00d7 620 mm \u00d7 620 mm<\/span><\/li>\n<li><strong><span data-preserver-spaces=\"true\">Installation:\u00a0<\/span><\/strong><span data-preserver-spaces=\"true\">autoportant avec quatre pieds, les pieds peuvent \u00eatre r\u00e9glables.\u00a0<\/span><\/li>\n<li><strong><span data-preserver-spaces=\"true\">Autres:\u00a0<\/span><\/strong><span data-preserver-spaces=\"true\">une grille de support est propos\u00e9e, elle pourrait \u00e9galement \u00eatre supprim\u00e9e.<\/span><\/li>\n<\/ul>","protected":false},"excerpt":{"rendered":"<p>Cette combinaison d&#039;\u00e9vier de conciergerie a de multiples fonctions, lavage des mains, nettoyage du seau ou comme \u00e9vier \u00e0 vadrouille, en acier inoxydable 304, la forme et la taille peuvent \u00eatre personnalis\u00e9es.<\/p>","protected":false},"featured_media":5407,"comment_status":"open","ping_status":"closed","template":"","meta":{"_seopress_robots_primary_cat":"none","_seopress_titles_title":"Janitorial Hand Washing &amp; mop Sink %%sep%%Acenox Manufacturing","_seopress_titles_desc":"MOQ: 5 Pcs; This janitorial sink combination has multiple functions, hand washing, bucket cleaning or as a mop sink, made of stainless steel 304.","_seopress_robots_index":""},"product_cat":[53],"product_tag":[181],"_links":{"self":[{"href":"https:\/\/acenoxkitchenequipment.com\/fr\/wp-json\/wp\/v2\/product\/2531"}],"collection":[{"href":"https:\/\/acenoxkitchenequipment.com\/fr\/wp-json\/wp\/v2\/product"}],"about":[{"href":"https:\/\/acenoxkitchenequipment.com\/fr\/wp-json\/wp\/v2\/types\/product"}],"replies":[{"embeddable":true,"href":"https:\/\/acenoxkitchenequipment.com\/fr\/wp-json\/wp\/v2\/comments?post=2531"}],"version-history":[{"count":0,"href":"https:\/\/acenoxkitchenequipment.com\/fr\/wp-json\/wp\/v2\/product\/2531\/revisions"}],"wp:featuredmedia":[{"embeddable":true,"href":"https:\/\/acenoxkitchenequipment.com\/fr\/wp-json\/wp\/v2\/media\/5407"}],"wp:attachment":[{"href":"https:\/\/acenoxkitchenequipment.com\/fr\/wp-json\/wp\/v2\/media?parent=2531"}],"wp:term":[{"taxonomy":"product_cat","embeddable":true,"href":"https:\/\/acenoxkitchenequipment.com\/fr\/wp-json\/wp\/v2\/product_cat?post=2531"},{"taxonomy":"product_tag","embeddable":true,"href":"https:\/\/acenoxkitchenequipment.com\/fr\/wp-json\/wp\/v2\/product_tag?post=2531"}],"curies":[{"name":"wp","href":"https:\/\/api.w.org\/{rel}","templated":true}]}}