{"id":2422,"date":"2022-10-13T15:02:54","date_gmt":"2022-10-13T07:02:54","guid":{"rendered":"http:\/\/acenoxkitchenequipment.com\/?post_type=product&#038;p=2422"},"modified":"2023-07-23T20:33:54","modified_gmt":"2023-07-23T12:33:54","slug":"stainless-steel-hood-filters","status":"publish","type":"product","link":"https:\/\/acenoxkitchenequipment.com\/fr\/produit\/stainless-steel-hood-filters\/","title":{"rendered":"Filtres \u00e0 graisse \u00e0 chicane"},"content":{"rendered":"<p>Filtres de hotte en acier inoxydable \u00e0 chicane<\/p>\n<p>Le d\u00e9flecteur est fabriqu\u00e9 par moule, par cons\u00e9quent, tous les d\u00e9flecteurs sont standards avec un aspect unifi\u00e9<\/p>\n<p><strong><b>Caract\u00e9ristiques:<\/b><\/strong><\/p>\n<ul>\n<li><strong>Mat\u00e9riaux: <\/strong>fabriqu\u00e9 en acier inoxydable 430. Finition miroir.<strong><br \/>\n<\/strong><\/li>\n<li><strong><strong>Performane\u00a0: <\/strong><\/strong>Surface antirouille et lisse<\/li>\n<li><strong>Structure:<\/strong>Il est assembl\u00e9 par rivet, pas de cicatrices de soudure \u00e0 l&#039;ext\u00e9rieur<\/li>\n<li><strong>Artisanat: <\/strong>pas de bords tranchants, pas de rayures<\/li>\n<li>La taille personnalis\u00e9e est disponible<\/li>\n<\/ul>\n<p><strong>MOQ<\/strong><\/p>\n<p>La quantit\u00e9 minimum de commande est de 50 pi\u00e8ces<\/p>\n<p>Un \u00e9chantillon est gratuit pour que vous puissiez v\u00e9rifier notre qualit\u00e9\u00a0!<\/p>","protected":false},"excerpt":{"rendered":"<p>Le d\u00e9flecteur et le cadre sont en acier inoxydable 430 ou 201. Finition miroir. Surface antirouille et lisse.<br \/>\nIl est assembl\u00e9 par rivet, 6 pi\u00e8ces dans un carton, MOQ\u00a0: 50 pi\u00e8ces, la taille est personnalis\u00e9e.<\/p>","protected":false},"featured_media":3612,"comment_status":"closed","ping_status":"closed","template":"","meta":{"_seopress_robots_primary_cat":"none","_seopress_titles_title":"","_seopress_titles_desc":"","_seopress_robots_index":""},"product_cat":[35],"product_tag":[86],"_links":{"self":[{"href":"https:\/\/acenoxkitchenequipment.com\/fr\/wp-json\/wp\/v2\/product\/2422"}],"collection":[{"href":"https:\/\/acenoxkitchenequipment.com\/fr\/wp-json\/wp\/v2\/product"}],"about":[{"href":"https:\/\/acenoxkitchenequipment.com\/fr\/wp-json\/wp\/v2\/types\/product"}],"replies":[{"embeddable":true,"href":"https:\/\/acenoxkitchenequipment.com\/fr\/wp-json\/wp\/v2\/comments?post=2422"}],"version-history":[{"count":0,"href":"https:\/\/acenoxkitchenequipment.com\/fr\/wp-json\/wp\/v2\/product\/2422\/revisions"}],"wp:featuredmedia":[{"embeddable":true,"href":"https:\/\/acenoxkitchenequipment.com\/fr\/wp-json\/wp\/v2\/media\/3612"}],"wp:attachment":[{"href":"https:\/\/acenoxkitchenequipment.com\/fr\/wp-json\/wp\/v2\/media?parent=2422"}],"wp:term":[{"taxonomy":"product_cat","embeddable":true,"href":"https:\/\/acenoxkitchenequipment.com\/fr\/wp-json\/wp\/v2\/product_cat?post=2422"},{"taxonomy":"product_tag","embeddable":true,"href":"https:\/\/acenoxkitchenequipment.com\/fr\/wp-json\/wp\/v2\/product_tag?post=2422"}],"curies":[{"name":"wp","href":"https:\/\/api.w.org\/{rel}","templated":true}]}}