{"id":2395,"date":"2022-10-13T10:18:16","date_gmt":"2022-10-13T02:18:16","guid":{"rendered":"http:\/\/acenoxkitchenequipment.com\/?post_type=product&#038;p=2395"},"modified":"2023-02-08T17:09:57","modified_gmt":"2023-02-08T09:09:57","slug":"commercial-exhaust-hood-with-makeup-air","status":"publish","type":"product","link":"https:\/\/acenoxkitchenequipment.com\/fr\/produit\/commercial-exhaust-hood-with-makeup-air\/","title":{"rendered":"Hotte aspirante commerciale avec air d&#039;appoint"},"content":{"rendered":"<p>Dans les cuisines commerciales, nous avons g\u00e9n\u00e9ralement plusieurs hottes aspirantes qui peuvent fonctionner diff\u00e9remment selon les usages, pour la cuisini\u00e8re, pour la cuisson \u00e0 la vapeur, pour le lave-vaisselle, etc. Une unit\u00e9 d&#039;alimentation en air d&#039;appoint peut apporter de l&#039;air neuf en plus.<\/p>\n<p>Caract\u00e9ristiques:<\/p>\n<ul>\n<li>Mat\u00e9riaux\u00a0: construction en acier inoxydable 100%, acier 304, acier 201, acier 430 au choix.<\/li>\n<li>Fonction : \u00e9liminer la graisse et les fum\u00e9es nocives et souffler de l&#039;air frais<\/li>\n<li>Inclure\u00a0: 1. Hotte 2. Filtres 3. Lumi\u00e8res LED (Ventilateurs non inclus)<\/li>\n<li>Filtres\u00a0: les filtres \u00e0 chicanes sont g\u00e9n\u00e9ralement les plus populaires. La graisse extraite par le filtre est collect\u00e9e dans un bac \u00e0 graisse. Il existe diff\u00e9rents filtres \u00e0 choisir.<\/li>\n<li>Structure du capot : int\u00e9grale<\/li>\n<li>Taille : la longueur peut \u00eatre personnalis\u00e9e, la hauteur est g\u00e9n\u00e9ralement de 50 cm, la profondeur est g\u00e9n\u00e9ralement de 90 cm ou 100 cm.<\/li>\n<\/ul>\n<p>&nbsp;<\/p>","protected":false},"excerpt":{"rendered":"<p>Cette hotte aspirante commerciale comprend des filtres, des lumi\u00e8res LED et des ventilateurs pour l&#039;air frais. la taille peut \u00eatre personnalis\u00e9e.<\/p>","protected":false},"featured_media":2398,"comment_status":"closed","ping_status":"closed","template":"","meta":{"_seopress_robots_primary_cat":"none","_seopress_titles_title":"","_seopress_titles_desc":"","_seopress_robots_index":""},"product_cat":[35],"product_tag":[86],"_links":{"self":[{"href":"https:\/\/acenoxkitchenequipment.com\/fr\/wp-json\/wp\/v2\/product\/2395"}],"collection":[{"href":"https:\/\/acenoxkitchenequipment.com\/fr\/wp-json\/wp\/v2\/product"}],"about":[{"href":"https:\/\/acenoxkitchenequipment.com\/fr\/wp-json\/wp\/v2\/types\/product"}],"replies":[{"embeddable":true,"href":"https:\/\/acenoxkitchenequipment.com\/fr\/wp-json\/wp\/v2\/comments?post=2395"}],"version-history":[{"count":0,"href":"https:\/\/acenoxkitchenequipment.com\/fr\/wp-json\/wp\/v2\/product\/2395\/revisions"}],"wp:featuredmedia":[{"embeddable":true,"href":"https:\/\/acenoxkitchenequipment.com\/fr\/wp-json\/wp\/v2\/media\/2398"}],"wp:attachment":[{"href":"https:\/\/acenoxkitchenequipment.com\/fr\/wp-json\/wp\/v2\/media?parent=2395"}],"wp:term":[{"taxonomy":"product_cat","embeddable":true,"href":"https:\/\/acenoxkitchenequipment.com\/fr\/wp-json\/wp\/v2\/product_cat?post=2395"},{"taxonomy":"product_tag","embeddable":true,"href":"https:\/\/acenoxkitchenequipment.com\/fr\/wp-json\/wp\/v2\/product_tag?post=2395"}],"curies":[{"name":"wp","href":"https:\/\/api.w.org\/{rel}","templated":true}]}}