{"id":1559,"date":"2022-08-09T15:38:36","date_gmt":"2022-08-09T07:38:36","guid":{"rendered":"http:\/\/acenoxkitchenequipment.com\/?post_type=product&#038;p=1559"},"modified":"2024-07-03T20:42:14","modified_gmt":"2024-07-03T12:42:14","slug":"curved-refrigerated-cake-display","status":"publish","type":"product","link":"https:\/\/acenoxkitchenequipment.com\/fr\/produit\/curved-refrigerated-cake-display\/","title":{"rendered":"Pr\u00e9sentoir \u00e0 g\u00e2teaux r\u00e9frig\u00e9r\u00e9 incurv\u00e9"},"content":{"rendered":"<h3><span class=\"zRhise\"><span class=\"PkjLuf\" title=\"fournisseur commercial de pr\u00e9sentoirs \u00e0 g\u00e2teaux en verre incurv\u00e9\">Fournisseur commercial de pr\u00e9sentoirs \u00e0 g\u00e2teaux en verre\u00a0:<\/span><\/span><\/h3>\n<ul>\n<li><strong>Verres courb\u00e9s\u00a0:<\/strong><\/li>\n<\/ul>\n<p>Le pr\u00e9sentoir \u00e0 g\u00e2teaux r\u00e9frig\u00e9r\u00e9 incurv\u00e9 offre une vue compl\u00e8te et directe des desserts et des g\u00e2teaux \u00e0 l&#039;int\u00e9rieur de la vitrine. Les gens peuvent avoir une vue compl\u00e8te des \u00e9crans sans aucune barri\u00e8re physique. Les verres incurv\u00e9s sont \u00e9l\u00e9gants et visuellement frappants.<\/p>\n<ul>\n<li><strong>Verres tremp\u00e9s<\/strong><\/li>\n<\/ul>\n<ul>\n<li><strong>Temp\u00e9rature: <\/strong><\/li>\n<\/ul>\n<p>Nous r\u00e9glons la temp\u00e9rature entre +2\u2103~+8\u2103. La machine fonctionnera et maintiendra la temp\u00e9rature stable dans cette plage, ce qui est id\u00e9al pour conserver les g\u00e2teaux, la cr\u00e8me et autres desserts frais et avec une bonne saveur.<\/p>\n<ul>\n<li><strong>Lunettes antibu\u00e9e Low-E<\/strong><\/li>\n<\/ul>\n<p>Nous utilisons des lunettes Low-E et des fonctions de soufflage d&#039;air chaud pour \u00e9viter la formation de bu\u00e9e, ce qui pourrait \u00eatre utilis\u00e9 dans la plupart des circonstances. Le co\u00fbt est bien inf\u00e9rieur \u00e0 celui des lunettes chauffantes<\/p>\n<p>Il est important de noter que le choix entre un pr\u00e9sentoir \u00e0 g\u00e2teaux incurv\u00e9 ou \u00e0 angle droit d\u00e9pend en fin de compte de facteurs tels que les pr\u00e9f\u00e9rences de conception sp\u00e9cifiques, l&#039;espace disponible et l&#039;esth\u00e9tique globale de la boulangerie ou du magasin.<\/p>\n<p>En tant que fabricant exp\u00e9riment\u00e9, nous proposons une conception individualis\u00e9e des mat\u00e9riaux, des couleurs, voire m\u00eame des formes, des structures, etc.<\/p>\n<p>&nbsp;<\/p>\n<p>Environnement Applicable\u00a0: temp\u00e9rature ambiante meilleure en dessous de 35 \u2103<\/p>\n<p>&nbsp;<\/p>\n<p>&nbsp;<\/p>\n<p>&nbsp;<\/p>\n<p>&nbsp;<\/p>\n<p>&nbsp;<\/p>\n<p>&nbsp;<\/p>\n<p>&nbsp;<\/p>","protected":false},"excerpt":{"rendered":"<ul>\n<li>Pr\u00e9sentoir \u00e0 g\u00e2teaux r\u00e9frig\u00e9r\u00e9 avec fen\u00eatre en verre incurv\u00e9e<\/li>\n<li>Excellente \u00e9conomie d&#039;\u00e9nergie et isolation<\/li>\n<li>Cela ne rendra pas vos desserts et g\u00e2teaux secs, gardera l&#039;humidit\u00e9 \u00e0 l&#039;int\u00e9rieur du bo\u00eetier.<\/li>\n<li>Verres Termperd, plus solides et plus s\u00fbrs<\/li>\n<\/ul>","protected":false},"featured_media":0,"comment_status":"closed","ping_status":"closed","template":"","meta":{"_seopress_robots_primary_cat":"none","_seopress_titles_title":"","_seopress_titles_desc":"This refrigerated bakery display case offers a comprehensive and direct view of the deserts and cakes inside the case. Made of stainless steel, Embraco compressor","_seopress_robots_index":""},"product_cat":[59],"product_tag":[182],"_links":{"self":[{"href":"https:\/\/acenoxkitchenequipment.com\/fr\/wp-json\/wp\/v2\/product\/1559"}],"collection":[{"href":"https:\/\/acenoxkitchenequipment.com\/fr\/wp-json\/wp\/v2\/product"}],"about":[{"href":"https:\/\/acenoxkitchenequipment.com\/fr\/wp-json\/wp\/v2\/types\/product"}],"replies":[{"embeddable":true,"href":"https:\/\/acenoxkitchenequipment.com\/fr\/wp-json\/wp\/v2\/comments?post=1559"}],"version-history":[{"count":0,"href":"https:\/\/acenoxkitchenequipment.com\/fr\/wp-json\/wp\/v2\/product\/1559\/revisions"}],"wp:attachment":[{"href":"https:\/\/acenoxkitchenequipment.com\/fr\/wp-json\/wp\/v2\/media?parent=1559"}],"wp:term":[{"taxonomy":"product_cat","embeddable":true,"href":"https:\/\/acenoxkitchenequipment.com\/fr\/wp-json\/wp\/v2\/product_cat?post=1559"},{"taxonomy":"product_tag","embeddable":true,"href":"https:\/\/acenoxkitchenequipment.com\/fr\/wp-json\/wp\/v2\/product_tag?post=1559"}],"curies":[{"name":"wp","href":"https:\/\/api.w.org\/{rel}","templated":true}]}}