{"id":1471,"date":"2022-04-26T16:55:39","date_gmt":"2022-04-26T08:55:39","guid":{"rendered":"http:\/\/acenoxkitchenequipment.com\/?post_type=product&#038;p=1471"},"modified":"2023-06-04T12:12:48","modified_gmt":"2023-06-04T04:12:48","slug":"hand-wash-sink","status":"publish","type":"product","link":"https:\/\/acenoxkitchenequipment.com\/fr\/produit\/hand-wash-sink\/","title":{"rendered":"\u00c9vier commercial mains libres"},"content":{"rendered":"<p>Cet \u00e9vier mains libres prend tr\u00e8s peu de place. La structure murale est tr\u00e8s solide et facile \u00e0 installer.<\/p>\n<p>Il est tr\u00e8s populaire et largement utilis\u00e9 dans diff\u00e9rents domaines. enti\u00e8rement en acier inoxydable, diff\u00e9rentes formes de bassin peuvent \u00eatre choisies, la taille est personnalis\u00e9e.<\/p>\n<p><strong><b>Caract\u00e9ristiques:<\/b><\/strong><\/p>\n<p>Il s&#039;agit d&#039;un \u00e9vier de lavage des mains \u00e0 commande au genou pour un usage commercial, mains libres.<\/p>\n<p>Les cuvettes de l&#039;\u00e9vier sont modulaires sans cicatrices de soudure, bonne apparence.<\/p>\n<p><strong><b>Sp\u00e9cification:<\/b><\/strong><br \/>\nMat\u00e9riau : acier inoxydable 304 pour un choix premium, acier inoxydable 201 pour un choix commun.<br \/>\nDimension (L\/l\/H) : 400*400*240 mm<br \/>\nOp\u00e9ration : op\u00e9ration du genou<\/p>\n<p><strong><b>Emballage inclus :<\/b><\/strong><br \/>\n1x \u00e9vier<br \/>\n1x tuyau<br \/>\n1x drain et 1\u00d7 tuyau de drainage<br \/>\n1x siphon<br \/>\n1x vanne m\u00e9langeuse m\u00e9canique<\/p>\n<p><strong><b>Possibilit\u00e9s\u00a0: <\/b><\/strong><\/p>\n<p>1x robinet<br \/>\n1x distributeur de savon<\/p>\n<p><strong>MOQ<\/strong><\/p>\n<p>La quantit\u00e9 minimum de commande est de 5 pi\u00e8ces pour chaque taille<\/p>\n<p>Un \u00e9chantillon avec prix de gros est disponible pour que vous puissiez v\u00e9rifier notre qualit\u00e9\u00a0!<\/p>","protected":false},"excerpt":{"rendered":"<p>Cet \u00e9vier mains libres prend tr\u00e8s peu de place. La structure murale est tr\u00e8s solide et facile \u00e0 installer. Il est tr\u00e8s populaire et largement utilis\u00e9 dans diff\u00e9rents domaines. enti\u00e8rement en acier inoxydable, diff\u00e9rentes formes de bassin peuvent \u00eatre choisies, la taille est personnalis\u00e9e.<\/p>","protected":false},"featured_media":5420,"comment_status":"closed","ping_status":"closed","template":"","meta":{"_seopress_robots_primary_cat":"none","_seopress_titles_title":"","_seopress_titles_desc":"This hands free sink takes up very little space. Wall mounted structure is very solid and easy to install.","_seopress_robots_index":""},"product_cat":[53],"product_tag":[149],"_links":{"self":[{"href":"https:\/\/acenoxkitchenequipment.com\/fr\/wp-json\/wp\/v2\/product\/1471"}],"collection":[{"href":"https:\/\/acenoxkitchenequipment.com\/fr\/wp-json\/wp\/v2\/product"}],"about":[{"href":"https:\/\/acenoxkitchenequipment.com\/fr\/wp-json\/wp\/v2\/types\/product"}],"replies":[{"embeddable":true,"href":"https:\/\/acenoxkitchenequipment.com\/fr\/wp-json\/wp\/v2\/comments?post=1471"}],"version-history":[{"count":0,"href":"https:\/\/acenoxkitchenequipment.com\/fr\/wp-json\/wp\/v2\/product\/1471\/revisions"}],"wp:featuredmedia":[{"embeddable":true,"href":"https:\/\/acenoxkitchenequipment.com\/fr\/wp-json\/wp\/v2\/media\/5420"}],"wp:attachment":[{"href":"https:\/\/acenoxkitchenequipment.com\/fr\/wp-json\/wp\/v2\/media?parent=1471"}],"wp:term":[{"taxonomy":"product_cat","embeddable":true,"href":"https:\/\/acenoxkitchenequipment.com\/fr\/wp-json\/wp\/v2\/product_cat?post=1471"},{"taxonomy":"product_tag","embeddable":true,"href":"https:\/\/acenoxkitchenequipment.com\/fr\/wp-json\/wp\/v2\/product_tag?post=1471"}],"curies":[{"name":"wp","href":"https:\/\/api.w.org\/{rel}","templated":true}]}}