{"id":1465,"date":"2022-04-26T14:20:52","date_gmt":"2022-04-26T06:20:52","guid":{"rendered":"http:\/\/acenoxkitchenequipment.com\/?post_type=product&#038;p=1465"},"modified":"2023-06-02T12:07:48","modified_gmt":"2023-06-02T04:07:48","slug":"stainless-steel-industrial-sink","status":"publish","type":"product","link":"https:\/\/acenoxkitchenequipment.com\/fr\/produit\/stainless-steel-industrial-sink\/","title":{"rendered":"\u00c9vier industriel en acier inoxydable"},"content":{"rendered":"<p><strong><b>Caract\u00e9ristiques:<\/b><\/strong><\/p>\n<p>L\u2019\u00e9vier industriel se distingue d\u2019un \u00e9vier domestique, il est g\u00e9n\u00e9ralement de plus grande taille, plus robuste et plus durable.<\/p>\n<p>Il peut \u00eatre utilis\u00e9 dans certains ateliers d&#039;usines, dans les salles de nettoyage des h\u00f4pitaux, mais son utilisation la plus courante est celle des cuisines commerciales des restaurants, des h\u00f4tels, des \u00e9coles ou des supermarch\u00e9s, etc.<\/p>\n<p>Ce mod\u00e8le est dot\u00e9 d&#039;une conception simple, sans \u00e9tag\u00e8re inf\u00e9rieure ni feuilles suppl\u00e9mentaires, son co\u00fbt est donc tr\u00e8s \u00e9conomique et largement choisi par les clients.<\/p>\n<p>Selon le nombre de cuvettes d&#039;\u00e9vier, les \u00e9viers sont class\u00e9s en \u00e9vier \u00e0 une cuve, \u00e9vier \u00e0 double cuve et \u00e9vier \u00e0 triple cuve, ainsi qu&#039;en fonction du fait qu&#039;ils soient \u00e9quip\u00e9s d&#039;une planche de drainage.<\/p>\n<ul>\n<li><strong>Plan de travail\u00a0:<\/strong> g\u00e9n\u00e9ralement 0,8 mm ou 1,0 mm d&#039;\u00e9paisseur est un meilleur choix<\/li>\n<li><strong>Bol d&#039;\u00e9vier\u00a0:<\/strong> la taille est de 500 \u00d7 400 \u00d7 250 mm\/500 \u00d7 500 \u00d7 250 mm, mat\u00e9riaux inoxydables de haute qualit\u00e9, bols modulaires, polissage propre et bien rang\u00e9 de l&#039;int\u00e9rieur, facile \u00e0 entretenir, belle apparence.<\/li>\n<li><strong>Sous \u00e9tag\u00e8re\u00a0: N\/M<\/strong><\/li>\n<li><strong>Dosseret\u00a0:<\/strong> 100mm de haut<\/li>\n<li><strong>Jambes:<\/strong> Pieds ronds avec pieds r\u00e9glables<\/li>\n<\/ul>\n<p><strong>MOQ<\/strong><\/p>\n<p>La quantit\u00e9 minimum de commande est de 5 pi\u00e8ces pour chaque taille<\/p>","protected":false},"excerpt":{"rendered":"<p>Il s\u2019agit d\u2019un \u00e9vier industriel destin\u00e9 \u00e0 une utilisation en cuisine commerciale, il pr\u00e9sente une conception simple, sans \u00e9tag\u00e8re inf\u00e9rieure ni feuilles suppl\u00e9mentaires. Une taille personnalis\u00e9e est disponible.<\/p>","protected":false},"featured_media":5421,"comment_status":"closed","ping_status":"closed","template":"","meta":{"_seopress_robots_primary_cat":"none","_seopress_titles_title":"","_seopress_titles_desc":"industrial sink for commercial kitchen use, it comes with a simple design without undershelf or extra sheets, economic and widely chosed by customers.","_seopress_robots_index":""},"product_cat":[53],"product_tag":[148],"_links":{"self":[{"href":"https:\/\/acenoxkitchenequipment.com\/fr\/wp-json\/wp\/v2\/product\/1465"}],"collection":[{"href":"https:\/\/acenoxkitchenequipment.com\/fr\/wp-json\/wp\/v2\/product"}],"about":[{"href":"https:\/\/acenoxkitchenequipment.com\/fr\/wp-json\/wp\/v2\/types\/product"}],"replies":[{"embeddable":true,"href":"https:\/\/acenoxkitchenequipment.com\/fr\/wp-json\/wp\/v2\/comments?post=1465"}],"version-history":[{"count":0,"href":"https:\/\/acenoxkitchenequipment.com\/fr\/wp-json\/wp\/v2\/product\/1465\/revisions"}],"wp:featuredmedia":[{"embeddable":true,"href":"https:\/\/acenoxkitchenequipment.com\/fr\/wp-json\/wp\/v2\/media\/5421"}],"wp:attachment":[{"href":"https:\/\/acenoxkitchenequipment.com\/fr\/wp-json\/wp\/v2\/media?parent=1465"}],"wp:term":[{"taxonomy":"product_cat","embeddable":true,"href":"https:\/\/acenoxkitchenequipment.com\/fr\/wp-json\/wp\/v2\/product_cat?post=1465"},{"taxonomy":"product_tag","embeddable":true,"href":"https:\/\/acenoxkitchenequipment.com\/fr\/wp-json\/wp\/v2\/product_tag?post=1465"}],"curies":[{"name":"wp","href":"https:\/\/api.w.org\/{rel}","templated":true}]}}