{"id":1460,"date":"2022-04-20T17:12:54","date_gmt":"2022-04-20T09:12:54","guid":{"rendered":"http:\/\/acenoxkitchenequipment.com\/?post_type=product&#038;p=1460"},"modified":"2023-06-02T15:16:46","modified_gmt":"2023-06-02T07:16:46","slug":"stainless-steel-table-with-sink","status":"publish","type":"product","link":"https:\/\/acenoxkitchenequipment.com\/fr\/produit\/stainless-steel-table-with-sink\/","title":{"rendered":"Table en acier inoxydable avec \u00e9vier"},"content":{"rendered":"<p>Il a un \u00e9gouttoir et une \u00e9tag\u00e8re inf\u00e9rieure, l&#039;\u00e9tag\u00e8re inf\u00e9rieure peut \u00eatre d\u00e9mont\u00e9e.<\/p>\n<p>L&#039;acier 304 ou l&#039;acier 201 sont tous disponibles.<\/p>\n<p><strong><b>Caract\u00e9ristiques:<\/b><\/strong><\/p>\n<ul>\n<li>Cette table en acier inoxydable est livr\u00e9e avec un \u00e9vier \u00e0 gauche ou \u00e0 droite, ce qui est pratique pour se laver les mains ou nettoyer les objets.<\/li>\n<li>Il dispose \u00e9galement d&#039;une \u00e9tag\u00e8re inf\u00e9rieure, qui peut \u00eatre utilis\u00e9e pour y poser des casseroles et des po\u00eales.<\/li>\n<li>L&#039;\u00e9gouttoir est de conception plate, vous pouvez travailler dessus pour pr\u00e9parer ou poser des assiettes ou faire des travaux de vaisselle<\/li>\n<li>Les pattes sont rondes, dia. 38 mm ou 42 mm est le bon choix.<\/li>\n<li>Structure non assembl\u00e9e, emballage petit et plat, \u00e9conomisez beaucoup de frais de livraison et de frais d&#039;exp\u00e9dition<\/li>\n<li>La structure est tr\u00e8s solide, nous utilisons des raccords robustes pour assembler chaque pi\u00e8ce, la fermet\u00e9 est la m\u00eame que celle soud\u00e9e.<\/li>\n<li>Les bols peuvent \u00eatre fabriqu\u00e9s de mani\u00e8re modulaire ou soud\u00e9s, les deux types peuvent \u00eatre fournis par nos soins.<\/li>\n<li>bol simple, bols doubles ou bols triples pour r\u00e9pondre aux diff\u00e9rentes exigences de taille<\/li>\n<\/ul>\n<p>&nbsp;<\/p>","protected":false},"excerpt":{"rendered":"<p>Cette table en acier inoxydable est livr\u00e9e avec un \u00e9vier \u00e0 gauche ou \u00e0 droite, ce qui est pratique pour se laver les mains ou nettoyer les objets. L&#039;acier 304 ou l&#039;acier 201 sont tous disponibles<\/p>","protected":false},"featured_media":5419,"comment_status":"closed","ping_status":"closed","template":"","meta":{"_seopress_robots_primary_cat":"none","_seopress_titles_title":"Stainless Steel Table With Sink %%sep%%China Manufacturer %%sep%%Acenox","_seopress_titles_desc":"This stainless steel table comes with an sink bowl in left or right, which is convenient to wash hands or cleaning stuff. 304 steel or 201 steel are all avaliable","_seopress_robots_index":""},"product_cat":[53],"product_tag":[153],"_links":{"self":[{"href":"https:\/\/acenoxkitchenequipment.com\/fr\/wp-json\/wp\/v2\/product\/1460"}],"collection":[{"href":"https:\/\/acenoxkitchenequipment.com\/fr\/wp-json\/wp\/v2\/product"}],"about":[{"href":"https:\/\/acenoxkitchenequipment.com\/fr\/wp-json\/wp\/v2\/types\/product"}],"replies":[{"embeddable":true,"href":"https:\/\/acenoxkitchenequipment.com\/fr\/wp-json\/wp\/v2\/comments?post=1460"}],"version-history":[{"count":0,"href":"https:\/\/acenoxkitchenequipment.com\/fr\/wp-json\/wp\/v2\/product\/1460\/revisions"}],"wp:featuredmedia":[{"embeddable":true,"href":"https:\/\/acenoxkitchenequipment.com\/fr\/wp-json\/wp\/v2\/media\/5419"}],"wp:attachment":[{"href":"https:\/\/acenoxkitchenequipment.com\/fr\/wp-json\/wp\/v2\/media?parent=1460"}],"wp:term":[{"taxonomy":"product_cat","embeddable":true,"href":"https:\/\/acenoxkitchenequipment.com\/fr\/wp-json\/wp\/v2\/product_cat?post=1460"},{"taxonomy":"product_tag","embeddable":true,"href":"https:\/\/acenoxkitchenequipment.com\/fr\/wp-json\/wp\/v2\/product_tag?post=1460"}],"curies":[{"name":"wp","href":"https:\/\/api.w.org\/{rel}","templated":true}]}}