{"id":10532,"date":"2024-09-13T11:40:12","date_gmt":"2024-09-13T03:40:12","guid":{"rendered":"https:\/\/acenoxkitchenequipment.com\/?post_type=product&#038;p=10532"},"modified":"2024-09-13T13:24:26","modified_gmt":"2024-09-13T05:24:26","slug":"hot-food-display","status":"publish","type":"product","link":"https:\/\/acenoxkitchenequipment.com\/fr\/produit\/hot-food-display\/","title":{"rendered":"Hot Food Display"},"content":{"rendered":"<h3>Features of Hot Food Display<\/h3>\n<ul>\n<li>What is Hot Food Display<\/li>\n<\/ul>\n<p>A hot food display is used to showcase and keep food items warm in various settings such as restaurants, bakeries, cafes, delis, and buffets. It is a commercial hot food display, these displays are designed to maintain the temperature at 30\u2103~ 60\u2103 based on different food like <b>sandwiches, pizzas, pastries, and pies<\/b>.<\/p>\n<ul>\n<li>Verres tremp\u00e9s<\/li>\n<\/ul>\n<p>Les verres tremp\u00e9s sont beaucoup plus r\u00e9sistants que les verres ordinaires. Le verre tremp\u00e9 peut r\u00e9sister \u00e0 des temp\u00e9ratures plus \u00e9lev\u00e9es que le verre ordinaire. Cela le rend adapt\u00e9 aux applications telles que les portes de four, les cuisini\u00e8res et les pr\u00e9sentoirs en verre pour r\u00e9chauffer les aliments.<\/p>\n<ul>\n<li>30\u2103~70\u2103<\/li>\n<\/ul>\n<p>Cet \u00e9cran plus chaud peut conserver les aliments avec des options de 30 \u2103 ~ 60 \u2103, les \u00e9l\u00e9ments chauffants \u00e9lectriques de qualit\u00e9 durable ont une longue dur\u00e9e de vie de plus de 5 ans et peuvent \u00eatre remplac\u00e9s facilement. Nous fournissons<\/p>\n<ul>\n<li>Qualit\u00e9 durable<\/li>\n<\/ul>\n<p>Ce n&#039;est pas comme les autres pr\u00e9sentoirs alimentaires de mauvaise qualit\u00e9, qui cesseront de fonctionner apr\u00e8s quelques fois, nous pouvons garantir 1 an d&#039;assurance qualit\u00e9, \u00e0 l&#039;exception des verres (les verres seront cass\u00e9s si vous utilisez des outils lourds pour les frapper). Peu importe le nombre de fois que vous l&#039;allumez, peu importe les lumi\u00e8res LED ou la fonction de chauffage, elle fonctionnera. Cependant, personne ne peut garantir des produits 100% parfaits. Une fois les pi\u00e8ces endommag\u00e9es, nous fournirons des pi\u00e8ces gratuites pendant la p\u00e9riode de garantie.<\/p>\n<ul>\n<li>Les \u00e9tag\u00e8res enti\u00e8rement en acier inoxydable offrent<\/li>\n<\/ul>\n<p>Fabrication enti\u00e8rement en acier inoxydable, conforme aux normes d&#039;hygi\u00e8ne alimentaire.<\/p>\n<p>&nbsp;<\/p>\n<h3>Photos Of Hot Food Display:<\/h3>\n<p><img fetchpriority=\"high\" decoding=\"async\" class=\"alignnone  wp-image-10534\" src=\"https:\/\/acenoxkitchenequipment.com\/wp-content\/uploads\/2024\/09\/shelf-of-the-hot-food-display.webp\" alt=\"hot food display\" width=\"699\" height=\"524\" srcset=\"https:\/\/acenoxkitchenequipment.com\/wp-content\/uploads\/2024\/09\/shelf-of-the-hot-food-display.webp 800w, https:\/\/acenoxkitchenequipment.com\/wp-content\/uploads\/2024\/09\/shelf-of-the-hot-food-display-300x225.webp 300w, https:\/\/acenoxkitchenequipment.com\/wp-content\/uploads\/2024\/09\/shelf-of-the-hot-food-display-768x576.webp 768w, https:\/\/acenoxkitchenequipment.com\/wp-content\/uploads\/2024\/09\/shelf-of-the-hot-food-display-16x12.webp 16w, https:\/\/acenoxkitchenequipment.com\/wp-content\/uploads\/2024\/09\/shelf-of-the-hot-food-display-600x450.webp 600w\" sizes=\"(max-width: 699px) 100vw, 699px\" \/><\/p>\n<p><img decoding=\"async\" class=\"alignnone  wp-image-10535\" src=\"https:\/\/acenoxkitchenequipment.com\/wp-content\/uploads\/2024\/09\/commercial-hot-food-display.webp\" alt=\"hot food display\" width=\"698\" height=\"523\" srcset=\"https:\/\/acenoxkitchenequipment.com\/wp-content\/uploads\/2024\/09\/commercial-hot-food-display.webp 800w, https:\/\/acenoxkitchenequipment.com\/wp-content\/uploads\/2024\/09\/commercial-hot-food-display-300x225.webp 300w, https:\/\/acenoxkitchenequipment.com\/wp-content\/uploads\/2024\/09\/commercial-hot-food-display-768x576.webp 768w, https:\/\/acenoxkitchenequipment.com\/wp-content\/uploads\/2024\/09\/commercial-hot-food-display-16x12.webp 16w, https:\/\/acenoxkitchenequipment.com\/wp-content\/uploads\/2024\/09\/commercial-hot-food-display-600x450.webp 600w\" sizes=\"(max-width: 698px) 100vw, 698px\" \/><\/p>\n<p>&nbsp;<\/p>\n<p>&nbsp;<\/p>","protected":false},"excerpt":{"rendered":"<p>Three stainless steel wire shelves, strong and large display volume<\/p>","protected":false},"featured_media":10536,"comment_status":"closed","ping_status":"closed","template":"","meta":{"_seopress_robots_primary_cat":"none","_seopress_titles_title":"Hot Food Display For Pastry For Sale %%sep%%Heavy-duty Stainless","_seopress_titles_desc":"Hot Food Display for Sale, $ 2100.00 for 900mm wide on sale, Get a bottom price from direct manufacturer based at Melbourne,Australia,18 months warranty!","_seopress_robots_index":""},"product_cat":[59],"product_tag":[],"_links":{"self":[{"href":"https:\/\/acenoxkitchenequipment.com\/fr\/wp-json\/wp\/v2\/product\/10532"}],"collection":[{"href":"https:\/\/acenoxkitchenequipment.com\/fr\/wp-json\/wp\/v2\/product"}],"about":[{"href":"https:\/\/acenoxkitchenequipment.com\/fr\/wp-json\/wp\/v2\/types\/product"}],"replies":[{"embeddable":true,"href":"https:\/\/acenoxkitchenequipment.com\/fr\/wp-json\/wp\/v2\/comments?post=10532"}],"version-history":[{"count":0,"href":"https:\/\/acenoxkitchenequipment.com\/fr\/wp-json\/wp\/v2\/product\/10532\/revisions"}],"wp:featuredmedia":[{"embeddable":true,"href":"https:\/\/acenoxkitchenequipment.com\/fr\/wp-json\/wp\/v2\/media\/10536"}],"wp:attachment":[{"href":"https:\/\/acenoxkitchenequipment.com\/fr\/wp-json\/wp\/v2\/media?parent=10532"}],"wp:term":[{"taxonomy":"product_cat","embeddable":true,"href":"https:\/\/acenoxkitchenequipment.com\/fr\/wp-json\/wp\/v2\/product_cat?post=10532"},{"taxonomy":"product_tag","embeddable":true,"href":"https:\/\/acenoxkitchenequipment.com\/fr\/wp-json\/wp\/v2\/product_tag?post=10532"}],"curies":[{"name":"wp","href":"https:\/\/api.w.org\/{rel}","templated":true}]}}