{"id":10497,"date":"2024-08-13T20:03:59","date_gmt":"2024-08-13T12:03:59","guid":{"rendered":"https:\/\/acenoxkitchenequipment.com\/?post_type=product&#038;p=10497"},"modified":"2024-08-13T20:50:11","modified_gmt":"2024-08-13T12:50:11","slug":"commerial-fridge-upright-supplier","status":"publish","type":"product","link":"https:\/\/acenoxkitchenequipment.com\/fr\/produit\/commerial-fridge-upright-supplier\/","title":{"rendered":"R\u00e9frig\u00e9rateur commercial vertical"},"content":{"rendered":"<h3>R\u00e9frig\u00e9rateur commercial vertical<\/h3>\n<p>Les cong\u00e9lateurs \u00e0 porte simple sont essentiels pour conserver les ingr\u00e9dients, diverses saveurs de cr\u00e8me glac\u00e9e, de glace et de friandises glac\u00e9es. Leur taille compacte convient aux petits \u00e9tablissements disposant d\u2019un espace limit\u00e9.<\/p>\n<p><strong>Caract\u00e9ristiques:<\/strong><\/p>\n<ul>\n<li>Utilisant des t\u00f4les d\u2019acier inoxydable de haute qualit\u00e9, la conception est esth\u00e9tique, luxueuse et int\u00e8gre un design industriel respectueux de l\u2019environnement.<\/li>\n<li>Avec la doublure int\u00e9rieure moul\u00e9e, assurant un nettoyage facile et approfondi.<\/li>\n<li>L&#039;ensemble de l&#039;unit\u00e9 est fabriqu\u00e9 avec une isolation en mousse de cyclopentane haute densit\u00e9, d&#039;une \u00e9paisseur de 5 \u00e0 6 cm pour une efficacit\u00e9 \u00e9nerg\u00e9tique et un respect de l&#039;environnement plus \u00e9lev\u00e9s.<\/li>\n<li>\u00c9quip\u00e9 d&#039;un r\u00e9gulateur de temp\u00e9rature num\u00e9rique italien elf et d&#039;un compresseur de marque de haute qualit\u00e9.<\/li>\n<li>Circulation d&#039;air tridimensionnelle \u00e0 360 degr\u00e9s, ne laissant aucun angle mort.<\/li>\n<li>Porte \u00e0 fermeture automatique.<\/li>\n<li>Utilisant des tuyaux en acier enti\u00e8rement en cuivre, garantissant l\u2019absence de fuite.<\/li>\n<li>Roulettes int\u00e9gr\u00e9es avec pieds r\u00e9glables pour une mobilit\u00e9 facile.<\/li>\n<\/ul>\n<h3>Sp\u00e9cifications du r\u00e9frig\u00e9rateur commercial \u00e0 porte unique<\/h3>\n<p>&nbsp;<\/p>","protected":false},"excerpt":{"rendered":"<p>Refroidissement ventil\u00e9\u00a0; Porte simple, marque de compresseur personnalis\u00e9e et configuration personnalis\u00e9e pour les r\u00e9frig\u00e9rateurs commerciaux en gros<\/p>","protected":false},"featured_media":8965,"comment_status":"open","ping_status":"closed","template":"","meta":{"_seopress_robots_primary_cat":"none","_seopress_titles_title":"Commerial Fridge Upright %%sep%%Upright Chiller Manufacturer","_seopress_titles_desc":"Commerial Fridge Upright Model for sale, single door, double door large commercial fridges for restaurants, supermarkets, and more. ","_seopress_robots_index":""},"product_cat":[242],"product_tag":[],"_links":{"self":[{"href":"https:\/\/acenoxkitchenequipment.com\/fr\/wp-json\/wp\/v2\/product\/10497"}],"collection":[{"href":"https:\/\/acenoxkitchenequipment.com\/fr\/wp-json\/wp\/v2\/product"}],"about":[{"href":"https:\/\/acenoxkitchenequipment.com\/fr\/wp-json\/wp\/v2\/types\/product"}],"replies":[{"embeddable":true,"href":"https:\/\/acenoxkitchenequipment.com\/fr\/wp-json\/wp\/v2\/comments?post=10497"}],"version-history":[{"count":0,"href":"https:\/\/acenoxkitchenequipment.com\/fr\/wp-json\/wp\/v2\/product\/10497\/revisions"}],"wp:featuredmedia":[{"embeddable":true,"href":"https:\/\/acenoxkitchenequipment.com\/fr\/wp-json\/wp\/v2\/media\/8965"}],"wp:attachment":[{"href":"https:\/\/acenoxkitchenequipment.com\/fr\/wp-json\/wp\/v2\/media?parent=10497"}],"wp:term":[{"taxonomy":"product_cat","embeddable":true,"href":"https:\/\/acenoxkitchenequipment.com\/fr\/wp-json\/wp\/v2\/product_cat?post=10497"},{"taxonomy":"product_tag","embeddable":true,"href":"https:\/\/acenoxkitchenequipment.com\/fr\/wp-json\/wp\/v2\/product_tag?post=10497"}],"curies":[{"name":"wp","href":"https:\/\/api.w.org\/{rel}","templated":true}]}}