{"id":10050,"date":"2024-07-27T22:46:53","date_gmt":"2024-07-27T14:46:53","guid":{"rendered":"https:\/\/acenoxkitchenequipment.com\/?post_type=product&#038;p=10050"},"modified":"2024-07-28T15:33:35","modified_gmt":"2024-07-28T07:33:35","slug":"commercial-reach-in-refrigerator","status":"publish","type":"product","link":"https:\/\/acenoxkitchenequipment.com\/fr\/produit\/commercial-reach-in-refrigerator\/","title":{"rendered":"Port\u00e9e commerciale dans le r\u00e9frig\u00e9rateur"},"content":{"rendered":"<h3>Port\u00e9e commerciale dans le r\u00e9frig\u00e9rateur<br \/>\n<img decoding=\"async\" class=\"size-full wp-image-10046 alignright\" src=\"https:\/\/acenoxkitchenequipment.com\/wp-content\/uploads\/2024\/07\/etl.png\" alt=\"commerial fridge\" width=\"177\" height=\"186\" srcset=\"https:\/\/acenoxkitchenequipment.com\/wp-content\/uploads\/2024\/07\/etl.png 177w, https:\/\/acenoxkitchenequipment.com\/wp-content\/uploads\/2024\/07\/etl-11x12.png 11w\" sizes=\"(max-width: 177px) 100vw, 177px\" \/><\/h3>\n<div class=\"q-click-wrapper qu-display--block qu-tapHighlight--white qu-cursor--pointer qu-hover--textDecoration--underline ClickWrapper___StyledClickWrapperBox-zoqi4f-0 iyYUZT\" tabindex=\"0\">\n<div class=\"q-flex qu-flexDirection--row\">\n<div class=\"q-inline qu-flexWrap--wrap\">\n<div class=\"QuestionTitle___StyledText-exj38m-0 chNUqN puppeteer_test_question_title\"><span class=\"q-box qu-userSelect--text\">Les \u00e9l\u00e9ments de r\u00e9frig\u00e9ration sont plac\u00e9s au bas du r\u00e9frig\u00e9rateur<\/span><\/div>\n<\/div>\n<\/div>\n<\/div>\n<p>il s&#039;agit d&#039;un r\u00e9frig\u00e9rateur commercial \u00e0 porte unique destin\u00e9 \u00e0 un usage commercial, sa petite taille en fait un choix id\u00e9al pour les petites cuisines commerciales<\/p>\n<p><strong>Caract\u00e9ristiques:<\/strong><\/p>\n<ul>\n<li>Nous recommandons le compresseur Secop si cela vous convient, le compresseur Secop d&#039;Allemagne est une marque c\u00e9l\u00e8bre et r\u00e9put\u00e9e avec 60 ans d&#039;histoire.<\/li>\n<li>L&#039;acier inoxydable sans empreintes digitales aide \u00e0 maintenir une surface plus propre, ce qui est important pour l&#039;hygi\u00e8ne. Il garde le r\u00e9frig\u00e9rateur \u00e9l\u00e9gant et bien fini.<\/li>\n<li>Trois portes \u00e0 fermeture automatique<\/li>\n<li>Options de compresseur : Cubigel\/ Embraco\/ Secop<\/li>\n<li>Option 1 des conditions de travail\u00a0: \u226432\u2103, humidit\u00e9\u226465%<\/li>\n<li>Option 2 des conditions de travail\u00a0: \u226438\u2103, humidit\u00e9\u226465%<\/li>\n<\/ul>\n<h3>Sp\u00e9cifications de la port\u00e9e commerciale dans le r\u00e9frig\u00e9rateur<\/h3>\n<p>&nbsp;<\/p>\n<h3>Photos de r\u00e9frig\u00e9rateur commercial<\/h3>\n<p><img fetchpriority=\"high\" decoding=\"async\" class=\"alignnone wp-image-10049\" src=\"https:\/\/acenoxkitchenequipment.com\/wp-content\/uploads\/2024\/02\/digital-controller-of-reach-in-refrigerators.webp\" alt=\"single door commerial fridge\" width=\"727\" height=\"546\" srcset=\"https:\/\/acenoxkitchenequipment.com\/wp-content\/uploads\/2024\/02\/digital-controller-of-reach-in-refrigerators.webp 1000w, https:\/\/acenoxkitchenequipment.com\/wp-content\/uploads\/2024\/02\/digital-controller-of-reach-in-refrigerators-300x225.webp 300w, https:\/\/acenoxkitchenequipment.com\/wp-content\/uploads\/2024\/02\/digital-controller-of-reach-in-refrigerators-768x576.webp 768w, https:\/\/acenoxkitchenequipment.com\/wp-content\/uploads\/2024\/02\/digital-controller-of-reach-in-refrigerators-16x12.webp 16w, https:\/\/acenoxkitchenequipment.com\/wp-content\/uploads\/2024\/02\/digital-controller-of-reach-in-refrigerators-600x450.webp 600w\" sizes=\"(max-width: 727px) 100vw, 727px\" \/><\/p>\n<p><img decoding=\"async\" class=\"alignnone wp-image-9754\" src=\"https:\/\/acenoxkitchenequipment.com\/wp-content\/uploads\/2024\/07\/reach-in-refrigerators.webp\" alt=\"reach in refrigerator\" width=\"728\" height=\"546\" srcset=\"https:\/\/acenoxkitchenequipment.com\/wp-content\/uploads\/2024\/07\/reach-in-refrigerators.webp 900w, https:\/\/acenoxkitchenequipment.com\/wp-content\/uploads\/2024\/07\/reach-in-refrigerators-300x225.webp 300w, https:\/\/acenoxkitchenequipment.com\/wp-content\/uploads\/2024\/07\/reach-in-refrigerators-768x576.webp 768w, https:\/\/acenoxkitchenequipment.com\/wp-content\/uploads\/2024\/07\/reach-in-refrigerators-16x12.webp 16w, https:\/\/acenoxkitchenequipment.com\/wp-content\/uploads\/2024\/07\/reach-in-refrigerators-600x450.webp 600w\" sizes=\"(max-width: 728px) 100vw, 728px\" \/><\/p>\n<h3>Personnalisation de la port\u00e9e commerciale dans le r\u00e9frig\u00e9rateur<\/h3>\n<h3>FAQ<\/h3>\n<p>&nbsp;<\/p>\n<p>&nbsp;<\/p>\n<p>&nbsp;<\/p>\n<p>&nbsp;<\/p>\n<p>&nbsp;<\/p>\n<p>&nbsp;<\/p>","protected":false},"excerpt":{"rendered":"<p>Refroidissement ventil\u00e9\u00a0; Trois portes, marque de compresseur personnalis\u00e9e et configuration personnalis\u00e9e pour les r\u00e9frig\u00e9rateurs commerciaux en gros, artisanat haut de gamme provenant d&#039;une usine r\u00e9put\u00e9e.<\/p>","protected":false},"featured_media":10051,"comment_status":"open","ping_status":"closed","template":"","meta":{"_seopress_robots_primary_cat":"none","_seopress_titles_title":"Commercial Reach In Refrigerator %%sep%% Custom Design Available","_seopress_titles_desc":"Buy Commercial Reach In Refrigerator at wholesale price from us online, ETL certificated, temperature 33\u2109~ 41\u2109, customization is available.","_seopress_robots_index":""},"product_cat":[242],"product_tag":[293],"_links":{"self":[{"href":"https:\/\/acenoxkitchenequipment.com\/fr\/wp-json\/wp\/v2\/product\/10050"}],"collection":[{"href":"https:\/\/acenoxkitchenequipment.com\/fr\/wp-json\/wp\/v2\/product"}],"about":[{"href":"https:\/\/acenoxkitchenequipment.com\/fr\/wp-json\/wp\/v2\/types\/product"}],"replies":[{"embeddable":true,"href":"https:\/\/acenoxkitchenequipment.com\/fr\/wp-json\/wp\/v2\/comments?post=10050"}],"version-history":[{"count":0,"href":"https:\/\/acenoxkitchenequipment.com\/fr\/wp-json\/wp\/v2\/product\/10050\/revisions"}],"wp:featuredmedia":[{"embeddable":true,"href":"https:\/\/acenoxkitchenequipment.com\/fr\/wp-json\/wp\/v2\/media\/10051"}],"wp:attachment":[{"href":"https:\/\/acenoxkitchenequipment.com\/fr\/wp-json\/wp\/v2\/media?parent=10050"}],"wp:term":[{"taxonomy":"product_cat","embeddable":true,"href":"https:\/\/acenoxkitchenequipment.com\/fr\/wp-json\/wp\/v2\/product_cat?post=10050"},{"taxonomy":"product_tag","embeddable":true,"href":"https:\/\/acenoxkitchenequipment.com\/fr\/wp-json\/wp\/v2\/product_tag?post=10050"}],"curies":[{"name":"wp","href":"https:\/\/api.w.org\/{rel}","templated":true}]}}