{"id":10021,"date":"2024-07-25T15:22:43","date_gmt":"2024-07-25T07:22:43","guid":{"rendered":"https:\/\/acenoxkitchenequipment.com\/?post_type=product&#038;p=10021"},"modified":"2024-07-30T00:07:29","modified_gmt":"2024-07-29T16:07:29","slug":"cake-fridge","status":"publish","type":"product","link":"https:\/\/acenoxkitchenequipment.com\/fr\/produit\/cake-fridge\/","title":{"rendered":"R\u00e9frig\u00e9rateur \u00e0 g\u00e2teaux au design moderne"},"content":{"rendered":"<h3>Caract\u00e9ristiques du r\u00e9frig\u00e9rateur \u00e0 g\u00e2teaux<\/h3>\n<ul>\n<li><strong>R\u00e9frig\u00e9rateur \u00e0 g\u00e2teaux sans bord au design moderne<\/strong><\/li>\n<\/ul>\n<p>Les joints de verre sans soudure offrent une vue d\u00e9gag\u00e9e sur les g\u00e2teaux sous tous les angles, ce qui rend l&#039;affichage extr\u00eamement attrayant. Avec moins d&#039;obstructions, l&#039;\u00e9clairage peut \u00eatre r\u00e9parti plus efficacement dans tout l&#039;\u00e9cran, mettant magnifiquement en valeur les g\u00e2teaux.<\/p>\n<ul>\n<li><strong>Personnaliser l&#039;humidificateur install\u00e9<\/strong><\/li>\n<\/ul>\n<div class=\"JlqpRe\"><span class=\"JCzEY tNxQIb\"><span class=\"CSkcDe\">Comment \u00e9viter que le g\u00e2teau ne s\u00e8che dans la vitrine frigorifique ? les r\u00e9frig\u00e9rateurs \u00e0 g\u00e2teaux sont ventil\u00e9s avec des ventilateurs pour faire circuler l&#039;air, ce qui peut faire s\u00e9cher les g\u00e2teaux et les p\u00e2tisseries apr\u00e8s une longue p\u00e9riode de soufflage si l&#039;\u00e9tanch\u00e9it\u00e9 du r\u00e9frig\u00e9rateur n&#039;est pas excellente.<\/span><\/span><\/div>\n<div>Nous avons install\u00e9 un humidificateur dans ce pr\u00e9sentoir \u00e0 g\u00e2teaux pour \u00e9viter que les g\u00e2teaux et desserts ne s\u00e8chent. Vous n&#039;aurez jamais \u00e0 vous soucier de ces probl\u00e8mes de s\u00e9chage\u00a0!<\/div>\n<ul>\n<li><strong>Deux ou trois \u00e9tag\u00e8res en acier inoxydable au choix<\/strong><\/li>\n<\/ul>\n<p>Les quantit\u00e9s d&#039;\u00e9tag\u00e8res peuvent \u00eatre personnalis\u00e9es, la hauteur peut \u00eatre personnalis\u00e9e.<\/p>\n<ul>\n<li><strong>Lunettes avec syst\u00e8me anti-bu\u00e9e<\/strong><\/li>\n<\/ul>\n<p>Trois c\u00f4t\u00e9s des verres ont une fonction chauffante, ce qui garantit toujours un affichage parfait<\/p>\n<h3>Sp\u00e9cifications du r\u00e9frig\u00e9rateur \u00e0 g\u00e2teaux\u00a0:<\/h3>\n<h3>Photos du r\u00e9frig\u00e9rateur \u00e0 g\u00e2teaux\u00a0:<\/h3>\n<p><img fetchpriority=\"high\" decoding=\"async\" class=\"alignnone  wp-image-10074\" src=\"https:\/\/acenoxkitchenequipment.com\/wp-content\/uploads\/2024\/07\/New-design-cake-fridge.webp\" alt=\"cake fridge modern design\" width=\"647\" height=\"448\" srcset=\"https:\/\/acenoxkitchenequipment.com\/wp-content\/uploads\/2024\/07\/New-design-cake-fridge.webp 679w, https:\/\/acenoxkitchenequipment.com\/wp-content\/uploads\/2024\/07\/New-design-cake-fridge-300x208.webp 300w, https:\/\/acenoxkitchenequipment.com\/wp-content\/uploads\/2024\/07\/New-design-cake-fridge-18x12.webp 18w, https:\/\/acenoxkitchenequipment.com\/wp-content\/uploads\/2024\/07\/New-design-cake-fridge-600x415.webp 600w\" sizes=\"(max-width: 647px) 100vw, 647px\" \/><\/p>\n<p><img decoding=\"async\" class=\"alignnone  wp-image-10075\" src=\"https:\/\/acenoxkitchenequipment.com\/wp-content\/uploads\/2024\/07\/New-design-cake-fridge-2.webp\" alt=\"cake fridge modern design\" width=\"650\" height=\"448\" srcset=\"https:\/\/acenoxkitchenequipment.com\/wp-content\/uploads\/2024\/07\/New-design-cake-fridge-2.webp 680w, https:\/\/acenoxkitchenequipment.com\/wp-content\/uploads\/2024\/07\/New-design-cake-fridge-2-300x207.webp 300w, https:\/\/acenoxkitchenequipment.com\/wp-content\/uploads\/2024\/07\/New-design-cake-fridge-2-18x12.webp 18w, https:\/\/acenoxkitchenequipment.com\/wp-content\/uploads\/2024\/07\/New-design-cake-fridge-2-600x414.webp 600w\" sizes=\"(max-width: 650px) 100vw, 650px\" \/><\/p>\n<p><img decoding=\"async\" class=\"alignnone wp-image-10063\" src=\"https:\/\/acenoxkitchenequipment.com\/wp-content\/uploads\/2024\/07\/modern-cake-displays.webp\" alt=\"modern cake fridge\" width=\"651\" height=\"488\" srcset=\"https:\/\/acenoxkitchenequipment.com\/wp-content\/uploads\/2024\/07\/modern-cake-displays.webp 800w, https:\/\/acenoxkitchenequipment.com\/wp-content\/uploads\/2024\/07\/modern-cake-displays-300x225.webp 300w, https:\/\/acenoxkitchenequipment.com\/wp-content\/uploads\/2024\/07\/modern-cake-displays-768x576.webp 768w, https:\/\/acenoxkitchenequipment.com\/wp-content\/uploads\/2024\/07\/modern-cake-displays-16x12.webp 16w, https:\/\/acenoxkitchenequipment.com\/wp-content\/uploads\/2024\/07\/modern-cake-displays-600x450.webp 600w\" sizes=\"(max-width: 651px) 100vw, 651px\" \/><\/p>\n<p><img loading=\"lazy\" decoding=\"async\" class=\"alignnone wp-image-10066\" src=\"https:\/\/acenoxkitchenequipment.com\/wp-content\/uploads\/2024\/07\/pastry-cake-fridge.webp\" alt=\"cake fridge modern design\" width=\"655\" height=\"489\" srcset=\"https:\/\/acenoxkitchenequipment.com\/wp-content\/uploads\/2024\/07\/pastry-cake-fridge.webp 752w, https:\/\/acenoxkitchenequipment.com\/wp-content\/uploads\/2024\/07\/pastry-cake-fridge-300x224.webp 300w, https:\/\/acenoxkitchenequipment.com\/wp-content\/uploads\/2024\/07\/pastry-cake-fridge-16x12.webp 16w, https:\/\/acenoxkitchenequipment.com\/wp-content\/uploads\/2024\/07\/pastry-cake-fridge-600x448.webp 600w\" sizes=\"(max-width: 655px) 100vw, 655px\" \/><\/p>\n<p>&nbsp;<\/p>\n<p><img loading=\"lazy\" decoding=\"async\" class=\"wp-image-10064\" src=\"https:\/\/acenoxkitchenequipment.com\/wp-content\/uploads\/2024\/07\/cake-fridge-for-bakery.webp\" alt=\"cake fridge\" width=\"701\" height=\"701\" srcset=\"https:\/\/acenoxkitchenequipment.com\/wp-content\/uploads\/2024\/07\/cake-fridge-for-bakery.webp 800w, https:\/\/acenoxkitchenequipment.com\/wp-content\/uploads\/2024\/07\/cake-fridge-for-bakery-300x300.webp 300w, https:\/\/acenoxkitchenequipment.com\/wp-content\/uploads\/2024\/07\/cake-fridge-for-bakery-150x150.webp 150w, https:\/\/acenoxkitchenequipment.com\/wp-content\/uploads\/2024\/07\/cake-fridge-for-bakery-768x768.webp 768w, https:\/\/acenoxkitchenequipment.com\/wp-content\/uploads\/2024\/07\/cake-fridge-for-bakery-12x12.webp 12w, https:\/\/acenoxkitchenequipment.com\/wp-content\/uploads\/2024\/07\/cake-fridge-for-bakery-600x600.webp 600w, https:\/\/acenoxkitchenequipment.com\/wp-content\/uploads\/2024\/07\/cake-fridge-for-bakery-100x100.webp 100w\" sizes=\"(max-width: 701px) 100vw, 701px\" \/><\/p>\n<p>&nbsp;<\/p>\n<p>&nbsp;<\/p>\n<p>&nbsp;<\/p>","protected":false},"excerpt":{"rendered":"<ul>\n<li>Esth\u00e9tique moderne<\/li>\n<li>Lunettes super transparentes avec des vues parfaites<\/li>\n<li>Affichage lumineux et vif<\/li>\n<li>Ajout \u00e9tonnant et efficace \u00e0 une boulangerie ou un caf\u00e9<\/li>\n<\/ul>","protected":false},"featured_media":10060,"comment_status":"closed","ping_status":"closed","template":"","meta":{"_seopress_robots_primary_cat":"none","_seopress_titles_title":"Cake Fridge Display %%sep%%Sleek and Modern Design","_seopress_titles_desc":"Buy our lastest design of cake fridge and glass display fridge for your coffee shop or pastry store, we provide wholesale price with one year&#039;s qualiity guarantee","_seopress_robots_index":""},"product_cat":[59],"product_tag":[295],"_links":{"self":[{"href":"https:\/\/acenoxkitchenequipment.com\/fr\/wp-json\/wp\/v2\/product\/10021"}],"collection":[{"href":"https:\/\/acenoxkitchenequipment.com\/fr\/wp-json\/wp\/v2\/product"}],"about":[{"href":"https:\/\/acenoxkitchenequipment.com\/fr\/wp-json\/wp\/v2\/types\/product"}],"replies":[{"embeddable":true,"href":"https:\/\/acenoxkitchenequipment.com\/fr\/wp-json\/wp\/v2\/comments?post=10021"}],"version-history":[{"count":0,"href":"https:\/\/acenoxkitchenequipment.com\/fr\/wp-json\/wp\/v2\/product\/10021\/revisions"}],"wp:featuredmedia":[{"embeddable":true,"href":"https:\/\/acenoxkitchenequipment.com\/fr\/wp-json\/wp\/v2\/media\/10060"}],"wp:attachment":[{"href":"https:\/\/acenoxkitchenequipment.com\/fr\/wp-json\/wp\/v2\/media?parent=10021"}],"wp:term":[{"taxonomy":"product_cat","embeddable":true,"href":"https:\/\/acenoxkitchenequipment.com\/fr\/wp-json\/wp\/v2\/product_cat?post=10021"},{"taxonomy":"product_tag","embeddable":true,"href":"https:\/\/acenoxkitchenequipment.com\/fr\/wp-json\/wp\/v2\/product_tag?post=10021"}],"curies":[{"name":"wp","href":"https:\/\/api.w.org\/{rel}","templated":true}]}}