{"id":10011,"date":"2024-07-22T14:45:16","date_gmt":"2024-07-22T06:45:16","guid":{"rendered":"https:\/\/acenoxkitchenequipment.com\/?post_type=product&#038;p=10011"},"modified":"2024-07-25T21:35:04","modified_gmt":"2024-07-25T13:35:04","slug":"food-warmer-display","status":"publish","type":"product","link":"https:\/\/acenoxkitchenequipment.com\/fr\/produit\/food-warmer-display\/","title":{"rendered":"Comptoir d&#039;affichage pour chauffe-plats"},"content":{"rendered":"<h3>Caract\u00e9ristiques du comptoir d&#039;affichage du chauffe-plats<\/h3>\n<ul>\n<li>Qu&#039;est-ce que l&#039;affichage du chauffe-plats<\/li>\n<\/ul>\n<p>Un pr\u00e9sentoir chauffe-plats est utilis\u00e9 pour pr\u00e9senter et garder les aliments au chaud dans divers contextes tels que les restaurants, les boulangeries, les caf\u00e9s, les \u00e9piceries fines et les buffets. Ces \u00e9crans sont con\u00e7us pour maintenir la temp\u00e9rature entre 30 \u2103 et 60 \u2103 en fonction de diff\u00e9rents aliments.<\/p>\n<ul>\n<li>Verres tremp\u00e9s<\/li>\n<\/ul>\n<p>Les verres tremp\u00e9s sont beaucoup plus r\u00e9sistants que les verres ordinaires. Le verre tremp\u00e9 peut r\u00e9sister \u00e0 des temp\u00e9ratures plus \u00e9lev\u00e9es que le verre ordinaire. Cela le rend adapt\u00e9 aux applications telles que les portes de four, les cuisini\u00e8res et les pr\u00e9sentoirs en verre pour r\u00e9chauffer les aliments.<\/p>\n<ul>\n<li>30 \u2103 ~ 60 \u2103<\/li>\n<\/ul>\n<p>Cet \u00e9cran plus chaud peut conserver les aliments avec des options de 30 \u2103 ~ 60 \u2103, les \u00e9l\u00e9ments chauffants \u00e9lectriques de qualit\u00e9 durable ont une longue dur\u00e9e de vie de plus de 5 ans et peuvent \u00eatre remplac\u00e9s facilement. Nous fournissons<\/p>\n<ul>\n<li>Qualit\u00e9 durable<\/li>\n<\/ul>\n<p>Ce n&#039;est pas comme les autres pr\u00e9sentoirs alimentaires de mauvaise qualit\u00e9, qui cesseront de fonctionner apr\u00e8s quelques fois, nous pouvons garantir 1 an d&#039;assurance qualit\u00e9, \u00e0 l&#039;exception des verres (les verres seront cass\u00e9s si vous utilisez des outils lourds pour les frapper). Peu importe le nombre de fois que vous l&#039;allumez, peu importe les lumi\u00e8res LED ou la fonction de chauffage, elle fonctionnera. Cependant, personne ne peut garantir des produits 100% parfaits. Une fois les pi\u00e8ces endommag\u00e9es, nous fournirons des pi\u00e8ces gratuites pendant la p\u00e9riode de garantie.<\/p>\n<ul>\n<li>Les \u00e9tag\u00e8res enti\u00e8rement en acier inoxydable offrent<\/li>\n<\/ul>\n<p>Fabrication enti\u00e8rement en acier inoxydable, conforme aux normes d&#039;hygi\u00e8ne alimentaire.<\/p>\n<p>&nbsp;<\/p>\n<h3>Photos de l&#039;affichage du chauffe-plats\u00a0:<\/h3>\n<figure id=\"attachment_10019\" aria-describedby=\"caption-attachment-10019\" style=\"width: 800px\" class=\"wp-caption alignnone\"><img fetchpriority=\"high\" decoding=\"async\" class=\"size-full wp-image-10019\" src=\"https:\/\/acenoxkitchenequipment.com\/wp-content\/uploads\/2024\/07\/application-of-food-warmer-display.webp\" alt=\"food warmer display countertop\" width=\"800\" height=\"800\" srcset=\"https:\/\/acenoxkitchenequipment.com\/wp-content\/uploads\/2024\/07\/application-of-food-warmer-display.webp 800w, https:\/\/acenoxkitchenequipment.com\/wp-content\/uploads\/2024\/07\/application-of-food-warmer-display-300x300.webp 300w, https:\/\/acenoxkitchenequipment.com\/wp-content\/uploads\/2024\/07\/application-of-food-warmer-display-150x150.webp 150w, https:\/\/acenoxkitchenequipment.com\/wp-content\/uploads\/2024\/07\/application-of-food-warmer-display-768x768.webp 768w, https:\/\/acenoxkitchenequipment.com\/wp-content\/uploads\/2024\/07\/application-of-food-warmer-display-12x12.webp 12w, https:\/\/acenoxkitchenequipment.com\/wp-content\/uploads\/2024\/07\/application-of-food-warmer-display-600x600.webp 600w, https:\/\/acenoxkitchenequipment.com\/wp-content\/uploads\/2024\/07\/application-of-food-warmer-display-100x100.webp 100w\" sizes=\"(max-width: 800px) 100vw, 800px\" \/><figcaption id=\"caption-attachment-10019\" class=\"wp-caption-text\">comptoir d&#039;affichage pour chauffe-plats<\/figcaption><\/figure>\n<p>&nbsp;<\/p>\n<p>&nbsp;<\/p>\n<p>&nbsp;<\/p>","protected":false},"excerpt":{"rendered":"<p>Une construction solide et s\u00fbre garantit \u00e0 cet \u00e9cran une longue dur\u00e9e de vie, 1 an de garantie de qualit\u00e9<\/p>","protected":false},"featured_media":10018,"comment_status":"closed","ping_status":"closed","template":"","meta":{"_seopress_robots_primary_cat":"none","_seopress_titles_title":"Food Warmer Display Showcase Countertop Type","_seopress_titles_desc":"Made of tempered glasses and stainless steel, this food warmer display showcase can be widely placed on counters to get impulse sales, it keeps food warm at 30\u2103~60\u2103","_seopress_robots_index":""},"product_cat":[59],"product_tag":[287],"_links":{"self":[{"href":"https:\/\/acenoxkitchenequipment.com\/fr\/wp-json\/wp\/v2\/product\/10011"}],"collection":[{"href":"https:\/\/acenoxkitchenequipment.com\/fr\/wp-json\/wp\/v2\/product"}],"about":[{"href":"https:\/\/acenoxkitchenequipment.com\/fr\/wp-json\/wp\/v2\/types\/product"}],"replies":[{"embeddable":true,"href":"https:\/\/acenoxkitchenequipment.com\/fr\/wp-json\/wp\/v2\/comments?post=10011"}],"version-history":[{"count":0,"href":"https:\/\/acenoxkitchenequipment.com\/fr\/wp-json\/wp\/v2\/product\/10011\/revisions"}],"wp:featuredmedia":[{"embeddable":true,"href":"https:\/\/acenoxkitchenequipment.com\/fr\/wp-json\/wp\/v2\/media\/10018"}],"wp:attachment":[{"href":"https:\/\/acenoxkitchenequipment.com\/fr\/wp-json\/wp\/v2\/media?parent=10011"}],"wp:term":[{"taxonomy":"product_cat","embeddable":true,"href":"https:\/\/acenoxkitchenequipment.com\/fr\/wp-json\/wp\/v2\/product_cat?post=10011"},{"taxonomy":"product_tag","embeddable":true,"href":"https:\/\/acenoxkitchenequipment.com\/fr\/wp-json\/wp\/v2\/product_tag?post=10011"}],"curies":[{"name":"wp","href":"https:\/\/api.w.org\/{rel}","templated":true}]}}