{"id":40,"date":"2021-07-12T11:05:10","date_gmt":"2021-07-12T03:05:10","guid":{"rendered":"http:\/\/acenoxkitchenequipment.com\/?page_id=40"},"modified":"2024-07-21T00:03:57","modified_gmt":"2024-07-20T16:03:57","slug":"product","status":"publish","type":"page","link":"https:\/\/acenoxkitchenequipment.com\/fr\/product\/","title":{"rendered":"Produit"},"content":{"rendered":"<div data-elementor-type=\"wp-page\" data-elementor-id=\"40\" class=\"elementor elementor-40\" data-elementor-post-type=\"page\">\n\t\t\t\t\t\t<section class=\"elementor-section elementor-top-section elementor-element elementor-element-txplns6 elementor-section-height-min-height elementor-section-boxed elementor-section-height-default elementor-section-items-middle\" data-id=\"txplns6\" data-element_type=\"section\" data-settings=\"{&quot;background_background&quot;:&quot;classic&quot;}\">\n\t\t\t\t\t\t\t<div class=\"elementor-background-overlay\"><\/div>\n\t\t\t\t\t\t\t<div class=\"elementor-container elementor-column-gap-no\">\n\t\t\t\t\t<div class=\"elementor-column elementor-col-100 elementor-top-column elementor-element elementor-element-4c6db26\" data-id=\"4c6db26\" data-element_type=\"column\">\n\t\t\t<div class=\"elementor-widget-wrap elementor-element-populated\">\n\t\t\t\t\t\t<div class=\"elementor-element elementor-element-558ce53 elementor-widget__width-initial elementor-widget elementor-widget-heading\" data-id=\"558ce53\" data-element_type=\"widget\" data-widget_type=\"heading.default\">\n\t\t\t\t<div class=\"elementor-widget-container\">\n\t\t\t<h1 class=\"elementor-heading-title elementor-size-default\">Fabricant d&#039;\u00e9quipement de r\u00e9frig\u00e9ration commerciale<\/h1>\t\t<\/div>\n\t\t\t\t<\/div>\n\t\t\t\t<div class=\"elementor-element elementor-element-b6c2875 elementor-widget elementor-widget-text-editor\" data-id=\"b6c2875\" data-element_type=\"widget\" data-widget_type=\"text-editor.default\">\n\t\t\t\t<div class=\"elementor-widget-container\">\n\t\t\t\t\t\t\t<p>Courriel : info@acenoxkitchenequipment.com<\/p>\t\t\t\t\t\t<\/div>\n\t\t\t\t<\/div>\n\t\t\t\t\t<\/div>\n\t\t<\/div>\n\t\t\t\t\t<\/div>\n\t\t<\/section>\n\t\t\t\t<section class=\"elementor-section elementor-top-section elementor-element elementor-element-5f2ceb2 elementor-section-boxed elementor-section-height-default elementor-section-height-default\" data-id=\"5f2ceb2\" data-element_type=\"section\">\n\t\t\t\t\t\t<div class=\"elementor-container elementor-column-gap-default\">\n\t\t\t\t\t<div class=\"elementor-column elementor-col-100 elementor-top-column elementor-element elementor-element-c4a9d41\" data-id=\"c4a9d41\" data-element_type=\"column\">\n\t\t\t<div class=\"elementor-widget-wrap elementor-element-populated\">\n\t\t\t\t\t\t<div class=\"elementor-element elementor-element-1637f027 elementor-widget elementor-widget-heading\" data-id=\"1637f027\" data-element_type=\"widget\" data-widget_type=\"heading.default\">\n\t\t\t\t<div class=\"elementor-widget-container\">\n\t\t\t<h2 class=\"elementor-heading-title elementor-size-default\">Ce que nous d\u00e9finissons nos produits<\/h2>\t\t<\/div>\n\t\t\t\t<\/div>\n\t\t\t\t<section class=\"elementor-section elementor-inner-section elementor-element elementor-element-695ca6f elementor-section-boxed elementor-section-height-default elementor-section-height-default\" data-id=\"695ca6f\" data-element_type=\"section\">\n\t\t\t\t\t\t<div class=\"elementor-container elementor-column-gap-default\">\n\t\t\t\t\t<div class=\"elementor-column elementor-col-33 elementor-inner-column elementor-element elementor-element-7fc9116\" data-id=\"7fc9116\" data-element_type=\"column\">\n\t\t\t<div class=\"elementor-widget-wrap elementor-element-populated\">\n\t\t\t\t\t\t<div class=\"elementor-element elementor-element-400d28e elementor-grid-1 elementor-grid-tablet-3 elementor-grid-mobile-2 elementor-products-grid elementor-wc-products elementor-widget elementor-widget-wc-categories\" data-id=\"400d28e\" data-element_type=\"widget\" data-widget_type=\"wc-categories.default\">\n\t\t\t\t<div class=\"elementor-widget-container\">\n\t\t\t<div class=\"woocommerce columns-1\"><ul class=\"products elementor-grid columns-1\">\n<li class=\"product-category product first\">\n\t<\/li>\n<\/ul>\n<\/div>\t\t<\/div>\n\t\t\t\t<\/div>\n\t\t\t\t\t<\/div>\n\t\t<\/div>\n\t\t\t\t<div class=\"elementor-column elementor-col-33 elementor-inner-column elementor-element elementor-element-0860004\" data-id=\"0860004\" data-element_type=\"column\">\n\t\t\t<div class=\"elementor-widget-wrap elementor-element-populated\">\n\t\t\t\t\t\t<div class=\"elementor-element elementor-element-80d8f31 elementor-grid-1 elementor-grid-tablet-3 elementor-grid-mobile-2 elementor-products-grid elementor-wc-products elementor-widget elementor-widget-wc-categories\" data-id=\"80d8f31\" data-element_type=\"widget\" data-widget_type=\"wc-categories.default\">\n\t\t\t\t<div class=\"elementor-widget-container\">\n\t\t\t<div class=\"woocommerce columns-1\"><ul class=\"products elementor-grid columns-1\">\n<li class=\"product-category product first\">\n\t<\/li>\n<\/ul>\n<\/div>\t\t<\/div>\n\t\t\t\t<\/div>\n\t\t\t\t\t<\/div>\n\t\t<\/div>\n\t\t\t\t<div class=\"elementor-column elementor-col-33 elementor-inner-column elementor-element elementor-element-dbaa85b\" data-id=\"dbaa85b\" data-element_type=\"column\">\n\t\t\t<div class=\"elementor-widget-wrap elementor-element-populated\">\n\t\t\t\t\t\t<div class=\"elementor-element elementor-element-0fe3434 elementor-grid-1 elementor-grid-tablet-3 elementor-grid-mobile-2 elementor-products-grid elementor-wc-products elementor-widget elementor-widget-wc-categories\" data-id=\"0fe3434\" data-element_type=\"widget\" data-widget_type=\"wc-categories.default\">\n\t\t\t\t<div class=\"elementor-widget-container\">\n\t\t\t<div class=\"woocommerce columns-1\"><ul class=\"products elementor-grid columns-1\">\n<li class=\"product-category product first\">\n\t<\/li>\n<\/ul>\n<\/div>\t\t<\/div>\n\t\t\t\t<\/div>\n\t\t\t\t\t<\/div>\n\t\t<\/div>\n\t\t\t\t\t<\/div>\n\t\t<\/section>\n\t\t\t\t\t<\/div>\n\t\t<\/div>\n\t\t\t\t\t<\/div>\n\t\t<\/section>\n\t\t\t\t<section class=\"elementor-section elementor-top-section elementor-element elementor-element-616f0f16 elementor-section-boxed elementor-section-height-default elementor-section-height-default\" data-id=\"616f0f16\" data-element_type=\"section\">\n\t\t\t\t\t\t<div class=\"elementor-container elementor-column-gap-default\">\n\t\t\t\t\t<div class=\"elementor-column elementor-col-100 elementor-top-column elementor-element elementor-element-4bed1488\" data-id=\"4bed1488\" data-element_type=\"column\">\n\t\t\t<div class=\"elementor-widget-wrap elementor-element-populated\">\n\t\t\t\t\t\t<div class=\"elementor-element elementor-element-4eaed742 elementor-widget elementor-widget-spacer\" data-id=\"4eaed742\" data-element_type=\"widget\" data-widget_type=\"spacer.default\">\n\t\t\t\t<div class=\"elementor-widget-container\">\n\t\t\t\t\t<div class=\"elementor-spacer\">\n\t\t\t<div class=\"elementor-spacer-inner\"><\/div>\n\t\t<\/div>\n\t\t\t\t<\/div>\n\t\t\t\t<\/div>\n\t\t\t\t<div class=\"elementor-element elementor-element-3f88ffd1 elementor-widget elementor-widget-heading\" data-id=\"3f88ffd1\" data-element_type=\"widget\" data-widget_type=\"heading.default\">\n\t\t\t\t<div class=\"elementor-widget-container\">\n\t\t\t<h2 class=\"elementor-heading-title elementor-size-default\">\u00c9quipement de r\u00e9frig\u00e9ration commerciale<\/h2>\t\t<\/div>\n\t\t\t\t<\/div>\n\t\t\t\t<div class=\"elementor-element elementor-element-12c35836 elementor-widget elementor-widget-spacer\" data-id=\"12c35836\" data-element_type=\"widget\" data-widget_type=\"spacer.default\">\n\t\t\t\t<div class=\"elementor-widget-container\">\n\t\t\t\t\t<div class=\"elementor-spacer\">\n\t\t\t<div class=\"elementor-spacer-inner\"><\/div>\n\t\t<\/div>\n\t\t\t\t<\/div>\n\t\t\t\t<\/div>\n\t\t\t\t<div class=\"elementor-element elementor-element-40b6f55e elementor-widget elementor-widget-text-editor\" data-id=\"40b6f55e\" data-element_type=\"widget\" data-widget_type=\"text-editor.default\">\n\t\t\t\t<div class=\"elementor-widget-container\">\n\t\t\t\t\t\t\t<p>Nous nous concentrons principalement sur la production d\u2019\u00e9quipements de fabrication d\u2019acier inoxydable et d\u2019\u00e9quipements de r\u00e9frig\u00e9ration commerciale.<\/p><p>L&#039;\u00e9quipement de r\u00e9frig\u00e9ration commerciale est un cong\u00e9lateur ou un refroidisseur utilis\u00e9 dans un environnement commercial. Il est destin\u00e9 \u00e0 l&#039;entreposage frigorifique dans les entreprises o\u00f9 la r\u00e9frig\u00e9ration ou la conservation des aliments est n\u00e9cessaire, comme les supermarch\u00e9s, les restaurants et les points de restauration.<\/p><ul><li><h3><span data-preserver-spaces=\"true\">Types de r\u00e9frig\u00e9ration commerciale\u00a0<\/span><\/h3><\/li><\/ul><p><span data-preserver-spaces=\"true\">Bien que les r\u00e9frig\u00e9rateurs commerciaux soient construits dans diff\u00e9rentes tailles et configurations, ils sont \u00e9galement de diff\u00e9rents types, et la meilleure option pour votre entreprise d\u00e9pend de celle qui r\u00e9pond \u00e0 vos besoins.\u00a0<\/span><\/p><p>Voici les \u00e9quipements de r\u00e9frig\u00e9ration commerciale les plus courants dans divers \u00e9tablissements :<\/p><ol><li><h5><strong>R\u00e9frig\u00e9rateurs et cong\u00e9lateurs \u00e0 acc\u00e8s direct<\/strong><\/h5><\/li><\/ol><p>Ils sont couramment utilis\u00e9s dans les cuisines commerciales, les \u00e9piceries et les d\u00e9panneurs.<\/p><h5><strong>\u00a0 \u00a0 2. Glaci\u00e8res et cong\u00e9lateurs walk-in<\/strong><\/h5><p>Les cong\u00e9lateurs-cong\u00e9lateurs sont des \u00e9quipements de r\u00e9frig\u00e9ration courants que l&#039;on trouve dans les inventaires comme les restaurants et les supermarch\u00e9s. Ce type de r\u00e9frig\u00e9ration est id\u00e9al pour les entreprises o\u00f9 l\u2019on conserve de grandes quantit\u00e9s d\u2019aliments, car les cong\u00e9lateurs disposent de beaucoup d\u2019espace.\u00a0<\/p><h5><strong>\u00a0 \u00a03. Vitrines r\u00e9frig\u00e9r\u00e9es<\/strong><\/h5><p><span data-preserver-spaces=\"true\">Les vitrines r\u00e9frig\u00e9r\u00e9es peuvent \u00eatre tout ce dont vous avez besoin si votre entreprise a besoin de r\u00e9frig\u00e9rer et de pr\u00e9senter des aliments ou des p\u00e2tisseries.\u00a0<\/span><a class=\"editor-rtfLink\" href=\"https:\/\/acenoxkitchenequipment.com\/fr\/categorie-produit\/commercial-display-refrigerator\/\" target=\"_blank\" rel=\"noopener\"><span data-preserver-spaces=\"true\">Vitrines<\/span><\/a><span data-preserver-spaces=\"true\">\u00a0offrir les fonctions d\u2019exposition et de conservation des produits alimentaires.\u00a0<\/span><\/p><p><span data-preserver-spaces=\"true\">Une caract\u00e9ristique remarquable de\u00a0<\/span><span data-preserver-spaces=\"true\">les vitrines sont leurs portes vitr\u00e9es<\/span><span data-preserver-spaces=\"true\">, qui permettent aux clients de voir \u00e0 travers eux. De plus, certains mod\u00e8les de vitrines sont livr\u00e9s sans portes.<\/span><\/p><h5><span data-preserver-spaces=\"true\">\u00a0 \u00a0 4. Refroidisseurs de boissons<\/span><\/h5><p><span data-preserver-spaces=\"true\">Comme leur nom l\u2019indique, les refroidisseurs de boissons sont sp\u00e9cialement con\u00e7us pour les boissons. Ils gardent les boissons au frais \u00e0 une plage de temp\u00e9rature pr\u00e9d\u00e9finie. Les refroidisseurs de boissons commerciaux sont disponibles en diff\u00e9rentes tailles et configurations en fonction des besoins de votre entreprise. Par exemple, m\u00eame si vous pouvez commander une option de comptoir, vous pouvez investir dans une grande unit\u00e9 offrant suffisamment d\u2019espace pour stocker de nombreuses boissons.\u00a0<\/span><\/p><h5><strong><span data-preserver-spaces=\"true\">\u00a0 \u00a0 5. Machines \u00e0 glace\u00a0: <\/span><\/strong><\/h5><p><span data-preserver-spaces=\"true\">\u00a0Ces machines produisent et stockent de la glace pour diverses utilisations, telles que refroidir des boissons ou pr\u00e9senter des fruits de mer et des produits. Ils sont disponibles en plusieurs tailles et types, y compris des mod\u00e8les modulaires, sous le comptoir et sur le comptoir.<\/span><\/p><h5><span data-preserver-spaces=\"true\">\u00a0 \u00a0 6. \u00e9quipement de r\u00e9frig\u00e9ration de supermarch\u00e9<\/span><\/h5><p><span data-preserver-spaces=\"true\">\u00a0<\/span><span data-preserver-spaces=\"true\">Incluent principalement des vitrines ouvertes, des cong\u00e9lateurs \u00eelots et des cong\u00e9lateurs coffres de grandes tailles.<\/span><\/p><h5><span data-preserver-spaces=\"true\">\u00a0 \u00a0 7. <\/span><span data-preserver-spaces=\"true\">Glaci\u00e8res de bar commerciales<\/span><\/h5><p><span data-preserver-spaces=\"true\">Les refroidisseurs de bar arri\u00e8re sont des unit\u00e9s de r\u00e9frig\u00e9ration sp\u00e9cialis\u00e9es couramment utilis\u00e9es dans l\u2019industrie h\u00f4teli\u00e8re, en particulier dans les bars et les restaurants. Ils sont con\u00e7us pour s\u2019adapter \u00e0 la zone arri\u00e8re du bar, qui est g\u00e9n\u00e9ralement la zone situ\u00e9e derri\u00e8re le comptoir du bar.<\/span><\/p><h1>\u00a0<\/h1>\t\t\t\t\t\t<\/div>\n\t\t\t\t<\/div>\n\t\t\t\t<div class=\"elementor-element elementor-element-3b752f5f elementor-widget elementor-widget-spacer\" data-id=\"3b752f5f\" data-element_type=\"widget\" data-widget_type=\"spacer.default\">\n\t\t\t\t<div class=\"elementor-widget-container\">\n\t\t\t\t\t<div class=\"elementor-spacer\">\n\t\t\t<div class=\"elementor-spacer-inner\"><\/div>\n\t\t<\/div>\n\t\t\t\t<\/div>\n\t\t\t\t<\/div>\n\t\t\t\t\t<\/div>\n\t\t<\/div>\n\t\t\t\t\t<\/div>\n\t\t<\/section>\n\t\t\t\t<section class=\"elementor-section elementor-top-section elementor-element elementor-element-b628a4f elementor-section-boxed elementor-section-height-default elementor-section-height-default\" data-id=\"b628a4f\" data-element_type=\"section\">\n\t\t\t\t\t\t<div class=\"elementor-container elementor-column-gap-default\">\n\t\t\t\t\t<div class=\"elementor-column elementor-col-100 elementor-top-column elementor-element elementor-element-25e7bbf\" data-id=\"25e7bbf\" data-element_type=\"column\">\n\t\t\t<div class=\"elementor-widget-wrap elementor-element-populated\">\n\t\t\t\t\t\t\t<\/div>\n\t\t<\/div>\n\t\t\t\t\t<\/div>\n\t\t<\/section>\n\t\t\t\t<section class=\"elementor-section elementor-top-section elementor-element elementor-element-49f1a703 elementor-section-boxed elementor-section-height-default elementor-section-height-default\" data-id=\"49f1a703\" data-element_type=\"section\">\n\t\t\t\t\t\t<div class=\"elementor-container elementor-column-gap-default\">\n\t\t\t\t\t<div class=\"elementor-column elementor-col-50 elementor-top-column elementor-element elementor-element-3b11d41c\" data-id=\"3b11d41c\" data-element_type=\"column\">\n\t\t\t<div class=\"elementor-widget-wrap elementor-element-populated\">\n\t\t\t\t\t\t<div class=\"elementor-element elementor-element-24074632 elementor-widget elementor-widget-heading\" data-id=\"24074632\" data-element_type=\"widget\" data-widget_type=\"heading.default\">\n\t\t\t\t<div class=\"elementor-widget-container\">\n\t\t\t<h5 class=\"elementor-heading-title elementor-size-default\">Nous aimerions travailler avec vous\n<\/h5>\t\t<\/div>\n\t\t\t\t<\/div>\n\t\t\t\t<div class=\"elementor-element elementor-element-554f80f6 elementor-widget elementor-widget-text-editor\" data-id=\"554f80f6\" data-element_type=\"widget\" data-widget_type=\"text-editor.default\">\n\t\t\t\t<div class=\"elementor-widget-container\">\n\t\t\t\t\t\t\t<p>Envoyez-nous un message si vous avez des questions ou demandez un devis. Nos experts vous r\u00e9pondront dans les 24 heures.<\/p>\t\t\t\t\t\t<\/div>\n\t\t\t\t<\/div>\n\t\t\t\t<div class=\"elementor-element elementor-element-7d4d920d elementor-icon-list--layout-traditional elementor-list-item-link-full_width elementor-widget elementor-widget-icon-list\" data-id=\"7d4d920d\" data-element_type=\"widget\" data-widget_type=\"icon-list.default\">\n\t\t\t\t<div class=\"elementor-widget-container\">\n\t\t\t\t\t<ul class=\"elementor-icon-list-items\">\n\t\t\t\t\t\t\t<li class=\"elementor-icon-list-item\">\n\t\t\t\t\t\t\t\t\t\t\t<span class=\"elementor-icon-list-icon\">\n\t\t\t\t\t\t\t<i aria-hidden=\"true\" class=\"fas fa-phone-square-alt\"><\/i>\t\t\t\t\t\t<\/span>\n\t\t\t\t\t\t\t\t\t\t<span class=\"elementor-icon-list-text\">+86 13053321900<\/span>\n\t\t\t\t\t\t\t\t\t<\/li>\n\t\t\t\t\t\t\t\t<li class=\"elementor-icon-list-item\">\n\t\t\t\t\t\t\t\t\t\t\t<span class=\"elementor-icon-list-icon\">\n\t\t\t\t\t\t\t<i aria-hidden=\"true\" class=\"fas fa-mail-bulk\"><\/i>\t\t\t\t\t\t<\/span>\n\t\t\t\t\t\t\t\t\t\t<span class=\"elementor-icon-list-text\">info@acenoxkitchenequipment.com<\/span>\n\t\t\t\t\t\t\t\t\t<\/li>\n\t\t\t\t\t\t<\/ul>\n\t\t\t\t<\/div>\n\t\t\t\t<\/div>\n\t\t\t\t\t<\/div>\n\t\t<\/div>\n\t\t\t\t<div class=\"elementor-column elementor-col-50 elementor-top-column elementor-element elementor-element-34f0bf09\" data-id=\"34f0bf09\" data-element_type=\"column\" data-settings=\"{&quot;background_background&quot;:&quot;classic&quot;}\">\n\t\t\t<div class=\"elementor-widget-wrap elementor-element-populated\">\n\t\t\t\t\t\t<div class=\"elementor-element elementor-element-7d0d29d4 elementor-button-align-center elementor-widget elementor-widget-form\" data-id=\"7d0d29d4\" data-element_type=\"widget\" data-settings=\"{&quot;step_next_label&quot;:&quot;\\u4e0b\\u4e00\\u4e2a&quot;,&quot;step_previous_label&quot;:&quot;\\u4e0a\\u4e00\\u4e2a&quot;,&quot;button_width&quot;:&quot;100&quot;,&quot;step_type&quot;:&quot;number_text&quot;,&quot;step_icon_shape&quot;:&quot;circle&quot;}\" data-widget_type=\"form.default\">\n\t\t\t\t<div class=\"elementor-widget-container\">\n\t\t\t\t\t<form class=\"elementor-form\" method=\"post\" name=\"\u65b0\u8868\u5355\" action=\"\">\n\t\t\t<input type=\"hidden\" name=\"post_id\" value=\"40\"\/>\n\t\t\t<input type=\"hidden\" name=\"form_id\" value=\"7d0d29d4\"\/>\n\t\t\t<input type=\"hidden\" name=\"referer_title\" value=\"\" \/>\n\n\t\t\t\n\t\t\t<div class=\"elementor-form-fields-wrapper elementor-labels-above\">\n\t\t\t\t\t\t\t\t<div class=\"elementor-field-type-text elementor-field-group elementor-column elementor-field-group-name elementor-col-100\">\n\t\t\t\t\t\t\t\t\t\t\t\t<label for=\"form-field-name\" class=\"elementor-field-label\">\n\t\t\t\t\t\t\t\tNom\t\t\t\t\t\t\t<\/label>\n\t\t\t\t\t\t\t\t\t\t\t\t\t\t<input size=\"1\" type=\"text\" name=\"form_fields[name]\" id=\"form-field-name\" class=\"elementor-field elementor-size-sm  elementor-field-textual\">\n\t\t\t\t\t\t\t\t\t\t\t<\/div>\n\t\t\t\t\t\t\t\t<div class=\"elementor-field-type-email elementor-field-group elementor-column elementor-field-group-email elementor-col-100 elementor-field-required\">\n\t\t\t\t\t\t\t\t\t\t\t\t<label for=\"form-field-email\" class=\"elementor-field-label\">\n\t\t\t\t\t\t\t\tE-mail\t\t\t\t\t\t\t<\/label>\n\t\t\t\t\t\t\t\t\t\t\t\t\t\t<input size=\"1\" type=\"email\" name=\"form_fields[email]\" id=\"form-field-email\" class=\"elementor-field elementor-size-sm  elementor-field-textual\" required=\"required\" aria-required=\"true\">\n\t\t\t\t\t\t\t\t\t\t\t<\/div>\n\t\t\t\t\t\t\t\t<div class=\"elementor-field-type-textarea elementor-field-group elementor-column elementor-field-group-message elementor-col-100\">\n\t\t\t\t\t\t\t\t\t\t\t\t<label for=\"form-field-message\" class=\"elementor-field-label\">\n\t\t\t\t\t\t\t\tMessage\t\t\t\t\t\t\t<\/label>\n\t\t\t\t\t\t<textarea class=\"elementor-field-textual elementor-field  elementor-size-sm\" name=\"form_fields[message]\" id=\"form-field-message\" rows=\"4\"><\/textarea>\t\t\t\t<\/div>\n\t\t\t\t\t\t\t\t<div class=\"elementor-field-group elementor-column elementor-field-type-submit elementor-col-100 e-form__buttons\">\n\t\t\t\t\t<button class=\"elementor-button elementor-size-sm\" type=\"submit\">\n\t\t\t\t\t\t<span class=\"elementor-button-content-wrapper\">\n\t\t\t\t\t\t\t\t\t\t\t\t\t\t\t\t\t\t\t\t\t\t<span class=\"elementor-button-text\">Soumettre un message<\/span>\n\t\t\t\t\t\t\t\t\t\t\t\t\t<\/span>\n\t\t\t\t\t<\/button>\n\t\t\t\t<\/div>\n\t\t\t<\/div>\n\t\t<input type=\"hidden\" name=\"trp-form-language\" value=\"fr\"\/><\/form>\n\t\t\t\t<\/div>\n\t\t\t\t<\/div>\n\t\t\t\t\t<\/div>\n\t\t<\/div>\n\t\t\t\t\t<\/div>\n\t\t<\/section>\n\t\t\t\t<\/div>","protected":false},"excerpt":{"rendered":"<p>Commercial Refrigeration Equipment Manufacturer Email: info@acenoxkitchenequipment.com What We Define Our Products Commercial Refrigeration Equipment We mainly focus on producing Stainless Steel Fabrication Equipment and Commercial Refrigeration Equipment. Commercial refrigeration equipment is a freezer or cooler used in commercial settings. It is for cold storage in businesses where food chilling or preservation is necessary, such as [&hellip;]<\/p>","protected":false},"author":1,"featured_media":0,"parent":0,"menu_order":0,"comment_status":"closed","ping_status":"closed","template":"","meta":{"_seopress_robots_primary_cat":"","_seopress_titles_title":"Product - Commercial Refrigeration Equipment Manufacturer and Supplier","_seopress_titles_desc":"Commercial Refrigeration Equipment, Cake Display Fridges, Refrigerated Display cases, Commercial Refrigerators and Freezers Mnaufacturer and Supplier in China","_seopress_robots_index":""},"_links":{"self":[{"href":"https:\/\/acenoxkitchenequipment.com\/fr\/wp-json\/wp\/v2\/pages\/40"}],"collection":[{"href":"https:\/\/acenoxkitchenequipment.com\/fr\/wp-json\/wp\/v2\/pages"}],"about":[{"href":"https:\/\/acenoxkitchenequipment.com\/fr\/wp-json\/wp\/v2\/types\/page"}],"author":[{"embeddable":true,"href":"https:\/\/acenoxkitchenequipment.com\/fr\/wp-json\/wp\/v2\/users\/1"}],"replies":[{"embeddable":true,"href":"https:\/\/acenoxkitchenequipment.com\/fr\/wp-json\/wp\/v2\/comments?post=40"}],"version-history":[{"count":0,"href":"https:\/\/acenoxkitchenequipment.com\/fr\/wp-json\/wp\/v2\/pages\/40\/revisions"}],"wp:attachment":[{"href":"https:\/\/acenoxkitchenequipment.com\/fr\/wp-json\/wp\/v2\/media?parent=40"}],"curies":[{"name":"wp","href":"https:\/\/api.w.org\/{rel}","templated":true}]}}