{"id":8832,"date":"2024-02-17T12:56:57","date_gmt":"2024-02-17T04:56:57","guid":{"rendered":"https:\/\/acenoxkitchenequipment.com\/?post_type=product&#038;p=8832"},"modified":"2024-03-28T22:58:33","modified_gmt":"2024-03-28T14:58:33","slug":"small-cake-display-fridge","status":"publish","type":"product","link":"https:\/\/acenoxkitchenequipment.com\/es\/producto\/small-cake-display-fridge\/","title":{"rendered":"Refrigerador peque\u00f1o para exhibici\u00f3n de pasteles"},"content":{"rendered":"<h3>Refrigerador peque\u00f1o para exhibici\u00f3n de pasteles<\/h3>\n<p>Este refrigerador peque\u00f1o para exhibir pasteles es un refrigerador peque\u00f1o para exhibir pasteles en la encimera, su tama\u00f1o peque\u00f1o permite a las empresas mantenerlo sobre una encimera o mesa. Se utiliza para exhibir algunos ambientes o bocadillos frescos. Especialmente en verano, ayuda enormemente a mantener la comida fresca; adem\u00e1s, su brillante luz LED atraer\u00e1 m\u00e1s miradas que la atraviesen. De esta forma, mejora la experiencia de compra de todos los clientes.<\/p>\n<h3><strong>Caracter\u00edsticas del refrigerador peque\u00f1o para exhibici\u00f3n de pasteles:<\/strong><\/h3>\n<ol>\n<li><strong>Tama\u00f1o: <\/strong>900\u00d7530\u00d7730mm<\/li>\n<li><strong>Compresor:<\/strong> Compresor Secop o marca Donper para elegir (R134a\/R290)<\/li>\n<li><strong>Termostato:<\/strong> Termostato digital, marca Italia Dixell o Carel o marca China<\/li>\n<li><strong>Materiales:<\/strong> S\u00f3tano de acero inoxidable 430 \/ acero inoxidable 201 con espuma de ciclopentano integral en el interior, color negro<\/li>\n<li><strong>Anteojos:<\/strong> gafas antivaho<\/li>\n<li>Vidrio templado hueco de doble capa (vidrio Low-E), a prueba de explosiones<\/li>\n<li><strong>Otros elementos:<\/strong> Condensado y evaporador completamente cup\u00e9reos.<\/li>\n<li><strong>Estantes:<\/strong> Dos estantes cromados, tres estantes en total m\u00e1s el fondo<\/li>\n<li><strong>Puertas:<\/strong> Dos puertas corredizas de vidrio antivaho con buena propiedad de sellado.<\/li>\n<li><strong>Luz:<\/strong> Luz LED blanca c\u00e1lida o fr\u00eda para elegir.<\/li>\n<\/ol>\n<p>Haga clic en las especificaciones para comprobar los distintos tama\u00f1os.<\/p>\n<p>Entorno aplicable: Temperatura ambiente inferior a 35 \u2103 o inferior a 40 \u2103<\/p>\n<h4><strong>A Distribuidores de frigor\u00edficos para tartas:<\/strong><\/h4>\n<p>Este modelo es uno de nuestros modelos populares. Seg\u00fan los diferentes presupuestos y entornos, las configuraciones pueden variar. Comun\u00edquese con nosotros para analizar los detalles y podremos personalizarlo seg\u00fan las condiciones del mercado local.<\/p>\n<h4>Dimensiones del frigor\u00edfico expositor de tartas peque\u00f1o:<\/h4>\n<p><img fetchpriority=\"high\" decoding=\"async\" class=\"alignnone size-full wp-image-8836\" src=\"https:\/\/acenoxkitchenequipment.com\/wp-content\/uploads\/2024\/02\/small-cake-fridge.png\" alt=\"small cake display fridge\" width=\"520\" height=\"201\" srcset=\"https:\/\/acenoxkitchenequipment.com\/wp-content\/uploads\/2024\/02\/small-cake-fridge.png 520w, https:\/\/acenoxkitchenequipment.com\/wp-content\/uploads\/2024\/02\/small-cake-fridge-300x116.png 300w\" sizes=\"(max-width: 520px) 100vw, 520px\" \/><\/p>\n<p>&nbsp;<\/p>\n<p>&nbsp;<\/p>\n<p>&nbsp;<\/p>\n<p>&nbsp;<\/p>","protected":false},"excerpt":{"rendered":"<p>Refrigerador peque\u00f1o para exhibici\u00f3n de pasteles, Mini refrigerador para exhibici\u00f3n de pasteles, temperatura: 0 \u2103 ~ 8 \u2103<\/p>","protected":false},"featured_media":8833,"comment_status":"open","ping_status":"closed","template":"","meta":{"_seopress_robots_primary_cat":"none","_seopress_titles_title":"Small Cake Display Fridge %%sep%%Mini Cake Display Fridge Vendor","_seopress_titles_desc":"This mini cake display fridge is small countertop display fridge, the small size allows businesses to keep it on a countertop or table. ","_seopress_robots_index":""},"product_cat":[59],"product_tag":[244],"_links":{"self":[{"href":"https:\/\/acenoxkitchenequipment.com\/es\/wp-json\/wp\/v2\/product\/8832"}],"collection":[{"href":"https:\/\/acenoxkitchenequipment.com\/es\/wp-json\/wp\/v2\/product"}],"about":[{"href":"https:\/\/acenoxkitchenequipment.com\/es\/wp-json\/wp\/v2\/types\/product"}],"replies":[{"embeddable":true,"href":"https:\/\/acenoxkitchenequipment.com\/es\/wp-json\/wp\/v2\/comments?post=8832"}],"version-history":[{"count":0,"href":"https:\/\/acenoxkitchenequipment.com\/es\/wp-json\/wp\/v2\/product\/8832\/revisions"}],"wp:featuredmedia":[{"embeddable":true,"href":"https:\/\/acenoxkitchenequipment.com\/es\/wp-json\/wp\/v2\/media\/8833"}],"wp:attachment":[{"href":"https:\/\/acenoxkitchenequipment.com\/es\/wp-json\/wp\/v2\/media?parent=8832"}],"wp:term":[{"taxonomy":"product_cat","embeddable":true,"href":"https:\/\/acenoxkitchenequipment.com\/es\/wp-json\/wp\/v2\/product_cat?post=8832"},{"taxonomy":"product_tag","embeddable":true,"href":"https:\/\/acenoxkitchenequipment.com\/es\/wp-json\/wp\/v2\/product_tag?post=8832"}],"curies":[{"name":"wp","href":"https:\/\/api.w.org\/{rel}","templated":true}]}}