{"id":8716,"date":"2024-01-19T19:53:02","date_gmt":"2024-01-19T11:53:02","guid":{"rendered":"https:\/\/acenoxkitchenequipment.com\/?post_type=product&#038;p=8716"},"modified":"2024-06-28T20:25:39","modified_gmt":"2024-06-28T12:25:39","slug":"cake-refrigerator","status":"publish","type":"product","link":"https:\/\/acenoxkitchenequipment.com\/es\/producto\/cake-refrigerator\/","title":{"rendered":"Refrigerador para pasteles"},"content":{"rendered":"<h3>Caracter\u00edsticas del refrigerador para pasteles:<\/h3>\n<p>La caracter\u00edstica m\u00e1s importante de este frigor\u00edfico para tartas es su excelente espacio de almacenamiento. Al reducir la altura de la base se ha aumentado el espacio de almacenamiento. Por tanto, podemos fabricar un frigor\u00edfico para tartas de tres niveles con una altura de s\u00f3lo 1270 mm.<\/p>\n<ul>\n<li>Acero inoxidable negro<\/li>\n<li>M\u00e1s espacios de almacenamiento grandes<\/li>\n<li>Refrigerador ideal para mantener el pastel h\u00famedo debido al buen desempe\u00f1o del sellado<\/li>\n<li>Modelos populares en el mercado ahora<\/li>\n<li>Calidad duradera de compresores y unidades de refrigeraci\u00f3n para mantenerse frescos<\/li>\n<li>Menos mantenimiento<\/li>\n<li>temperatura constante<\/li>\n<li>Marco de puerta calefactora sin agua<\/li>\n<\/ul>\n<p>&nbsp;<\/p>\n<h3>Especificaciones del refrigerador para exhibici\u00f3n de pasteles:<\/h3>\n<div class=\"wptb-table-container wptb-table-5987\"><div class=\"wptb-table-container-matrix\" id=\"wptb-table-id-5987\" data-wptb-version=\"1.4.14\" data-wptb-pro-status=\"false\"><table class=\"wptb-preview-table wptb-element-main-table_setting-5987\" data-wptb-adaptive-table=\"0\" data-wptb-cells-width-auto-count=\"5\" data-wptb-table-tds-sum-max-width=\"798.6000000000001\" style=\"border-style: solid; border-width: 1px;\" data-table-columns=\"6\" data-reconstraction=\"1\" data-wptb-horizontal-scroll-status=\"false\" data-wptb-extra-styles=\"LyogRW50ZXIgeW91ciBjdXN0b20gQ1NTIHJ1bGVzIGhlcmUgKi8=\" role=\"table\"><tbody><tr class=\"wptb-row\"><td class=\"wptb-cell\" data-wptb-css-td-auto-width=\"true\" data-x-index=\"0\" data-y-index=\"0\" style=\"padding: 15px; border-style: solid; border-width: 1px;\"><div class=\"wptb-text-container wptb-ph-element wptb-element-text-1\"><div class=\"\" style=\"position: relative;\"><p>MODELO<\/p><\/div><\/div><\/td><td class=\"wptb-cell\" data-x-index=\"1\" data-y-index=\"0\" style=\"padding: 15px; border-style: solid; border-width: 1px; width: 113px;\"><div class=\"wptb-text-container wptb-ph-element wptb-element-text-2\"><div class=\"\" style=\"position: relative;\"><p>TAMA\u00d1O (mil\u00edmetros)<\/p><\/div><\/div><\/td><td class=\"wptb-cell\" data-wptb-css-td-auto-width=\"true\" data-x-index=\"2\" data-y-index=\"0\" style=\"padding: 15px; border-style: solid; border-width: 1px;\"><div class=\"wptb-text-container wptb-ph-element wptb-element-text-3\" style=\"color: rgb(74, 85, 104); font-size: 15px;\"><div class=\"\" style=\"position: relative;\"><p>ENFRIAMIENTO<\/p><\/div><\/div><\/td><td class=\"wptb-cell\" data-wptb-css-td-auto-width=\"true\" data-x-index=\"3\" data-y-index=\"0\" style=\"padding: 15px; border-style: solid; border-width: 1px;\"><div class=\"wptb-text-container wptb-ph-element wptb-element-text-4\" style=\"color: rgb(74, 85, 104); font-size: 15px;\"><div class=\"\" style=\"position: relative;\"><p>FORMA<\/p><p><\/p><\/div><\/div><\/td><td class=\"wptb-cell\" data-wptb-css-td-auto-width=\"true\" data-x-index=\"4\" data-y-index=\"0\" style=\"padding: 15px; border-style: solid; border-width: 1px;\"><div class=\"wptb-text-container wptb-ph-element wptb-element-text-5\"><div class=\"\" style=\"position: relative;\"><p>COLOR<\/p><\/div><\/div><\/td><td class=\"wptb-cell\" data-wptb-css-td-auto-width=\"true\" data-x-index=\"5\" data-y-index=\"0\" style=\"padding: 15px; border-style: solid; border-width: 1px;\"><div class=\"wptb-text-container wptb-ph-element wptb-element-text-6\"><div class=\"\" style=\"position: relative;\"><p>NO. DE ESTANTES<\/p><\/div><\/div><\/td><\/tr><tr class=\"wptb-row\" style=\"--hover-bg-color: undefined;\"><td class=\"wptb-cell\" data-wptb-css-td-auto-width=\"true\" data-x-index=\"0\" data-y-index=\"1\" style=\"padding: 15px; border-style: solid; border-width: 1px;\"><div class=\"wptb-text-container wptb-ph-element wptb-element-text-7\"><div class=\"\" style=\"position: relative;\"><p>ACD900F3B<\/p><\/div><\/div><\/td><td class=\"wptb-cell\" data-x-index=\"1\" data-y-index=\"1\" style=\"padding: 15px; border-style: solid; border-width: 1px; width: 113px;\"><div class=\"wptb-text-container wptb-ph-element wptb-element-text-8\" style=\"color: rgb(74, 85, 104); font-size: 15px;\"><div class=\"\" style=\"position: relative;\"><p>900\u00d7700\u00d71270<\/p><\/div><\/div><\/td><td class=\"wptb-cell\" data-wptb-css-td-auto-width=\"true\" data-x-index=\"2\" data-y-index=\"1\" style=\"padding: 15px; border-style: solid; border-width: 1px;\"><div class=\"wptb-text-container wptb-ph-element wptb-element-text-9\" style=\"color: rgb(74, 85, 104); font-size: 15px;\"><div class=\"\" style=\"position: relative;\"><p>Ventilado<\/p><\/div><\/div><\/td><td class=\"wptb-cell\" data-wptb-css-td-auto-width=\"true\" data-x-index=\"3\" data-y-index=\"1\" style=\"padding: 15px; border-style: solid; border-width: 1px;\"><div class=\"wptb-text-container wptb-ph-element wptb-element-text-10\" style=\"color: rgb(74, 85, 104); font-size: 15px;\"><div class=\"\" style=\"position: relative;\"><p>\u00c1ngel<\/p><p><\/p><\/div><\/div><\/td><td class=\"wptb-cell\" data-wptb-css-td-auto-width=\"true\" data-x-index=\"4\" data-y-index=\"1\" style=\"padding: 15px; border-style: solid; border-width: 1px;\"><div class=\"wptb-text-container wptb-ph-element wptb-element-text-11\"><div class=\"\" style=\"position: relative;\"><p>Negro<\/p><\/div><\/div><\/td><td class=\"wptb-cell\" data-wptb-css-td-auto-width=\"true\" data-x-index=\"5\" data-y-index=\"1\" style=\"padding: 15px; border-style: solid; border-width: 1px;\"><div class=\"wptb-text-container wptb-ph-element wptb-element-text-12\" style=\"color: rgb(74, 85, 104); font-size: 15px;\"><div class=\"\" style=\"position: relative;\"><p>3 o 2<\/p><\/div><\/div><\/td><\/tr><tr class=\"wptb-row\" style=\"--hover-bg-color: undefined;\"><td class=\"wptb-cell\" data-wptb-css-td-auto-width=\"true\" data-x-index=\"0\" data-y-index=\"2\" style=\"padding: 15px; border-style: solid; border-width: 1px;\"><div class=\"wptb-text-container wptb-ph-element wptb-element-text-13\"><div><p>ACD1200F3B<\/p><\/div><\/div><\/td><td class=\"wptb-cell\" data-x-index=\"1\" data-y-index=\"2\" style=\"padding: 15px; border-style: solid; border-width: 1px; width: 113px;\"><div class=\"wptb-text-container wptb-ph-element wptb-element-text-14\" style=\"color: rgb(74, 85, 104); font-size: 15px;\"><div class=\"\" style=\"position: relative;\"><p>1200\u00d7700\u00d71270<\/p><\/div><\/div><\/td><td class=\"wptb-cell\" data-wptb-css-td-auto-width=\"true\" data-x-index=\"2\" data-y-index=\"2\" style=\"padding: 15px; border-style: solid; border-width: 1px;\"><div class=\"wptb-text-container wptb-ph-element wptb-element-text-15\" style=\"color: rgb(74, 85, 104); font-size: 15px;\"><div class=\"\" style=\"position: relative;\"><p>Ventilado<\/p><\/div><\/div><\/td><td class=\"wptb-cell\" data-wptb-css-td-auto-width=\"true\" data-x-index=\"3\" data-y-index=\"2\" style=\"padding: 15px; border-style: solid; border-width: 1px;\"><div class=\"wptb-text-container wptb-ph-element wptb-element-text-16\" style=\"color: rgb(74, 85, 104); font-size: 15px;\"><div class=\"\" style=\"position: relative;\"><p>\u00c1ngel<\/p><\/div><\/div><\/td><td class=\"wptb-cell\" data-wptb-css-td-auto-width=\"true\" data-x-index=\"4\" data-y-index=\"2\" style=\"padding: 15px; border-style: solid; border-width: 1px;\"><div class=\"wptb-text-container wptb-ph-element wptb-element-text-17\"><div class=\"\" style=\"position: relative;\"><p>Negro<\/p><\/div><\/div><\/td><td class=\"wptb-cell\" data-wptb-css-td-auto-width=\"true\" data-x-index=\"5\" data-y-index=\"2\" style=\"padding: 15px; border-style: solid; border-width: 1px;\"><div class=\"wptb-text-container wptb-ph-element wptb-element-text-18\" style=\"color: rgb(74, 85, 104); font-size: 15px;\"><div class=\"\" style=\"position: relative;\"><p>3 o 2<\/p><\/div><\/div><\/td><\/tr><tr class=\"wptb-row\" style=\"--hover-bg-color: undefined;\"><td class=\"wptb-cell\" data-wptb-css-td-auto-width=\"true\" data-x-index=\"0\" data-y-index=\"3\" style=\"padding: 15px; border-style: solid; border-width: 1px;\"><div class=\"wptb-text-container wptb-ph-element wptb-element-text-19\"><div class=\"\" style=\"position: relative;\"><p>ACD1500F3B<\/p><\/div><\/div><\/td><td class=\"wptb-cell\" data-x-index=\"1\" data-y-index=\"3\" style=\"padding: 15px; border-style: solid; border-width: 1px; width: 113px;\"><div class=\"wptb-text-container wptb-ph-element wptb-element-text-20\" style=\"color: rgb(74, 85, 104); font-size: 15px;\"><div class=\"\" style=\"position: relative;\"><p>1500\u00d7700\u00d71270<\/p><\/div><\/div><\/td><td class=\"wptb-cell\" data-wptb-css-td-auto-width=\"true\" data-x-index=\"2\" data-y-index=\"3\" style=\"padding: 15px; border-style: solid; border-width: 1px;\"><div class=\"wptb-text-container wptb-ph-element wptb-element-text-21\" style=\"color: rgb(74, 85, 104); font-size: 15px;\"><div class=\"\" style=\"position: relative;\"><p>Ventilado<\/p><\/div><\/div><\/td><td class=\"wptb-cell\" data-wptb-css-td-auto-width=\"true\" data-x-index=\"3\" data-y-index=\"3\" style=\"padding: 15px; border-style: solid; border-width: 1px;\"><div class=\"wptb-text-container wptb-ph-element wptb-element-text-22\" style=\"color: rgb(74, 85, 104); font-size: 15px;\"><div class=\"\" style=\"position: relative;\"><p>\u00c1ngel<\/p><\/div><\/div><\/td><td class=\"wptb-cell\" data-wptb-css-td-auto-width=\"true\" data-x-index=\"4\" data-y-index=\"3\" style=\"padding: 15px; border-style: solid; border-width: 1px;\"><div class=\"wptb-text-container wptb-ph-element wptb-element-text-23\"><div class=\"\" style=\"position: relative;\"><p>Negro<\/p><\/div><\/div><\/td><td class=\"wptb-cell\" data-wptb-css-td-auto-width=\"true\" data-x-index=\"5\" data-y-index=\"3\" style=\"padding: 15px; border-style: solid; border-width: 1px;\"><div class=\"wptb-text-container wptb-ph-element wptb-element-text-24\" style=\"color: rgb(74, 85, 104); font-size: 15px;\"><div class=\"\" style=\"position: relative;\"><p>3 o 2<\/p><\/div><\/div><\/td><\/tr><tr class=\"wptb-row\" style=\"--hover-bg-color: undefined;\"><td class=\"wptb-cell\" data-wptb-css-td-auto-width=\"true\" data-x-index=\"0\" data-y-index=\"4\" style=\"padding: 15px; border-style: solid; border-width: 1px;\"><div class=\"wptb-text-container wptb-ph-element wptb-element-text-25\"><div class=\"\" style=\"position: relative;\"><p>ACD1800F3B<\/p><\/div><\/div><\/td><td class=\"wptb-cell\" data-x-index=\"1\" data-y-index=\"4\" style=\"padding: 15px; border-style: solid; border-width: 1px; width: 113px;\"><div class=\"wptb-text-container wptb-ph-element wptb-element-text-26\" style=\"color: rgb(74, 85, 104); font-size: 15px;\"><div class=\"\" style=\"position: relative;\"><p>1800\u00d7700\u00d71270<\/p><\/div><\/div><\/td><td class=\"wptb-cell\" data-wptb-css-td-auto-width=\"true\" data-x-index=\"2\" data-y-index=\"4\" style=\"padding: 15px; border-style: solid; border-width: 1px;\"><div class=\"wptb-text-container wptb-ph-element wptb-element-text-27\" style=\"color: rgb(74, 85, 104); font-size: 15px;\"><div class=\"\" style=\"position: relative;\"><p>Ventilado<\/p><\/div><\/div><\/td><td class=\"wptb-cell\" data-wptb-css-td-auto-width=\"true\" data-x-index=\"3\" data-y-index=\"4\" style=\"padding: 15px; border-style: solid; border-width: 1px;\"><div class=\"wptb-text-container wptb-ph-element wptb-element-text-28\" style=\"color: rgb(74, 85, 104); font-size: 15px;\"><div class=\"\" style=\"position: relative;\"><p>\u00c1ngel<\/p><\/div><\/div><\/td><td class=\"wptb-cell\" data-wptb-css-td-auto-width=\"true\" data-x-index=\"4\" data-y-index=\"4\" style=\"padding: 15px; border-style: solid; border-width: 1px;\"><div class=\"wptb-text-container wptb-ph-element wptb-element-text-29\"><div class=\"\" style=\"position: relative;\"><p>Negro<\/p><\/div><\/div><\/td><td class=\"wptb-cell\" data-wptb-css-td-auto-width=\"true\" data-x-index=\"5\" data-y-index=\"4\" style=\"padding: 15px; border-style: solid; border-width: 1px;\"><div class=\"wptb-text-container wptb-ph-element wptb-element-text-30\" style=\"color: rgb(74, 85, 104); font-size: 15px;\"><div class=\"\"><p>3 o 2<\/p><\/div><\/div><\/td><\/tr><tr class=\"wptb-row\" style=\"--hover-bg-color: undefined;\"><td class=\"wptb-cell\" data-wptb-css-td-auto-width=\"true\" data-x-index=\"0\" data-y-index=\"5\" style=\"padding: 15px; border-style: solid; border-width: 1px;\"><div class=\"wptb-text-container wptb-ph-element wptb-element-text-31\"><div><p>ACD2000F3B<\/p><\/div><\/div><\/td><td class=\"wptb-cell\" data-x-index=\"1\" data-y-index=\"5\" style=\"padding: 15px; border-style: solid; border-width: 1px; width: 113px;\"><div class=\"wptb-text-container wptb-ph-element wptb-element-text-32 edit-active\" style=\"color: rgb(74, 85, 104); font-size: 15px;\"><div class=\"\" style=\"position: relative;\"><p>2000\u00d7700\u00d71270<\/p><\/div><\/div><\/td><td class=\"wptb-cell\" data-wptb-css-td-auto-width=\"true\" data-x-index=\"2\" data-y-index=\"5\" style=\"padding: 15px; border-style: solid; border-width: 1px;\"><div class=\"wptb-text-container wptb-ph-element wptb-element-text-33\" style=\"color: rgb(74, 85, 104); font-size: 15px;\"><div class=\"\" style=\"position: relative;\"><p>Ventilado<\/p><\/div><\/div><\/td><td class=\"wptb-cell\" data-wptb-css-td-auto-width=\"true\" data-x-index=\"3\" data-y-index=\"5\" style=\"padding: 15px; border-style: solid; border-width: 1px;\"><div class=\"wptb-text-container wptb-ph-element wptb-element-text-34\"><div class=\"\" style=\"position: relative;\"><p>\u00c1ngel<\/p><\/div><\/div><\/td><td class=\"wptb-cell\" data-wptb-css-td-auto-width=\"true\" data-x-index=\"4\" data-y-index=\"5\" style=\"padding: 15px; border-style: solid; border-width: 1px;\"><div class=\"wptb-text-container wptb-ph-element wptb-element-text-35\"><div class=\"\" style=\"position: relative;\"><p>Negro<\/p><\/div><\/div><\/td><td class=\"wptb-cell\" data-wptb-css-td-auto-width=\"true\" data-x-index=\"5\" data-y-index=\"5\" style=\"padding: 15px; border-style: solid; border-width: 1px;\"><div class=\"wptb-text-container wptb-ph-element wptb-element-text-36\" style=\"color: rgb(74, 85, 104); font-size: 15px;\"><div class=\"\" style=\"position: relative;\"><p>3 o 2<\/p><\/div><\/div><\/td><\/tr><\/tbody><\/table><\/div><\/div>\n\n<h3>Preguntas frecuentes sobre el refrigerador para exhibici\u00f3n de pasteles:<\/h3>\n<ul>\n<li>\u00bfQu\u00e9 es el refrigerador expositor de pasteles?<\/li>\n<\/ul>\n<p>Un frigor\u00edfico expositor de tartas es un frigor\u00edfico de reposter\u00eda comercial, que se utiliza para presentar boller\u00eda, dulces y todo tipo de alimentos horneados.<\/p>\n<ul>\n<li>\u00bfQu\u00e9 es el frigor\u00edfico de reposter\u00eda?<\/li>\n<\/ul>\n<p>Un frigor\u00edfico de reposter\u00eda es una vitrina de reposter\u00eda refrigerada; Suele ser de cristal, con una excelente visi\u00f3n de los displays.<\/p>\n<ul>\n<li>\u00bfEs usted un fabricante y proveedor de refrigeradores para pasteles?<\/li>\n<\/ul>\n<p>S\u00ed, somos un fabricante de refrigeradores para pasteles en la provincia china de Shandong, tenemos l\u00edneas de producci\u00f3n para producir refrigeradores para pasteles. Tenemos a nuestra disposici\u00f3n un dise\u00f1o personalizado de refrigerador para pasteles.<\/p>\n<p>&nbsp;<\/p>\n<p>&nbsp;<\/p>\n<p>&nbsp;<\/p>\n<p>&nbsp;<\/p>\n<p>&nbsp;<\/p>\n<p>&nbsp;<\/p>\n<p>&nbsp;<\/p>","protected":false},"excerpt":{"rendered":"<p>El elegante dise\u00f1o exterior de este refrigerador para pasteles es actualmente el estilo m\u00e1s popular, configuraci\u00f3n duradera, alto volumen de exhibici\u00f3n y temperatura constante de 2 \u2103 ~ 8 \u2103<\/p>","protected":false},"featured_media":8717,"comment_status":"closed","ping_status":"closed","template":"","meta":{"_seopress_robots_primary_cat":"none","_seopress_titles_title":"Cake Refrigerator %%sep%%Commercial Cake Refrigerator Supplier%%sep%%Acenox","_seopress_titles_desc":"Reputable Manufacturer and Supplier of Cake Refrigerators in China. Durable Quality but reseaonable price, this is the popular models on market","_seopress_robots_index":""},"product_cat":[59],"product_tag":[237],"_links":{"self":[{"href":"https:\/\/acenoxkitchenequipment.com\/es\/wp-json\/wp\/v2\/product\/8716"}],"collection":[{"href":"https:\/\/acenoxkitchenequipment.com\/es\/wp-json\/wp\/v2\/product"}],"about":[{"href":"https:\/\/acenoxkitchenequipment.com\/es\/wp-json\/wp\/v2\/types\/product"}],"replies":[{"embeddable":true,"href":"https:\/\/acenoxkitchenequipment.com\/es\/wp-json\/wp\/v2\/comments?post=8716"}],"version-history":[{"count":0,"href":"https:\/\/acenoxkitchenequipment.com\/es\/wp-json\/wp\/v2\/product\/8716\/revisions"}],"wp:featuredmedia":[{"embeddable":true,"href":"https:\/\/acenoxkitchenequipment.com\/es\/wp-json\/wp\/v2\/media\/8717"}],"wp:attachment":[{"href":"https:\/\/acenoxkitchenequipment.com\/es\/wp-json\/wp\/v2\/media?parent=8716"}],"wp:term":[{"taxonomy":"product_cat","embeddable":true,"href":"https:\/\/acenoxkitchenequipment.com\/es\/wp-json\/wp\/v2\/product_cat?post=8716"},{"taxonomy":"product_tag","embeddable":true,"href":"https:\/\/acenoxkitchenequipment.com\/es\/wp-json\/wp\/v2\/product_tag?post=8716"}],"curies":[{"name":"wp","href":"https:\/\/api.w.org\/{rel}","templated":true}]}}