{"id":8588,"date":"2023-11-10T17:37:00","date_gmt":"2023-11-10T09:37:00","guid":{"rendered":"https:\/\/acenoxkitchenequipment.com\/?post_type=product&#038;p=8588"},"modified":"2024-09-13T22:39:26","modified_gmt":"2024-09-13T14:39:26","slug":"sweet-counter","status":"publish","type":"product","link":"https:\/\/acenoxkitchenequipment.com\/es\/producto\/sweet-counter\/","title":{"rendered":"Mostrador de exhibici\u00f3n dulce"},"content":{"rendered":"<h3>Fabricante de mostrador de exhibici\u00f3n dulce:<\/h3>\n<p>El mostrador de exhibici\u00f3n dulce es un mostrador de exhibici\u00f3n refrigerado.<\/p>\n<p>\u00bfPara qu\u00e9 se utiliza el mostrador de dulces? Suele utilizarse para exponer postres, dulces, chocolates, tartas o helados.<\/p>\n<p>Como fabricante de mostradores de dulces, ofrecemos muchos dise\u00f1os:<\/p>\n<ul>\n<li>Color: color acero inoxidable\/color negro\/color dorado\/color blanco<\/li>\n<li>Materiales: acero revestido\/acero inoxidable\/m\u00e1rmol<\/li>\n<li>Estantes: 2 capas\/3 capas<\/li>\n<li>Temperatura: 0~8\u2103<\/li>\n<li>Unidades de refrigeraci\u00f3n: compresores Embraco (marca Brasil)\/Secop (marca Alemania) \/Donper (china) para opciones<\/li>\n<li>Controlador de temperatura digital: tenemos tres opciones: marca Angle (marca famosa de China)\/Italia Dixell\/Italia Carel. Todos estos controladores de temperatura digitales tienen una calidad duradera, fabricados por proveedores acreditados, que brindar\u00e1n instrucciones claras y detalladas y servicio posventa.<\/li>\n<li>Longitud: 900 mm\/1000 mm\/1200 mm\/1500 mm\/1800 mm\/2000 mm<\/li>\n<li>Profundidad: 700 mm<\/li>\n<li>Altura: 1270 mm<\/li>\n<\/ul>\n<p>M\u00e1s all\u00e1 de los dise\u00f1os anteriores, ofrecemos m\u00faltiples dise\u00f1os de la funci\u00f3n del mostrador de dulces. Varios dise\u00f1os personalizados est\u00e1n disponibles aqu\u00ed.<\/p>\n<h3>Fotos del mostrador de exhibici\u00f3n dulce:<\/h3>\n<p><img fetchpriority=\"high\" decoding=\"async\" class=\"alignnone wp-image-9995\" src=\"https:\/\/acenoxkitchenequipment.com\/wp-content\/uploads\/2023\/11\/sweet-display-counter-supplier.webp\" alt=\"sweet display counter\" width=\"710\" height=\"532\" srcset=\"https:\/\/acenoxkitchenequipment.com\/wp-content\/uploads\/2023\/11\/sweet-display-counter-supplier.webp 1000w, https:\/\/acenoxkitchenequipment.com\/wp-content\/uploads\/2023\/11\/sweet-display-counter-supplier-300x225.webp 300w, https:\/\/acenoxkitchenequipment.com\/wp-content\/uploads\/2023\/11\/sweet-display-counter-supplier-768x576.webp 768w, https:\/\/acenoxkitchenequipment.com\/wp-content\/uploads\/2023\/11\/sweet-display-counter-supplier-16x12.webp 16w, https:\/\/acenoxkitchenequipment.com\/wp-content\/uploads\/2023\/11\/sweet-display-counter-supplier-600x450.webp 600w\" sizes=\"(max-width: 710px) 100vw, 710px\" \/><\/p>\n<p><img decoding=\"async\" class=\"alignnone wp-image-9996\" src=\"https:\/\/acenoxkitchenequipment.com\/wp-content\/uploads\/2023\/11\/display-counter-fridges.webp\" alt=\"sweet display counter\" width=\"706\" height=\"529\" srcset=\"https:\/\/acenoxkitchenequipment.com\/wp-content\/uploads\/2023\/11\/display-counter-fridges.webp 1000w, https:\/\/acenoxkitchenequipment.com\/wp-content\/uploads\/2023\/11\/display-counter-fridges-300x225.webp 300w, https:\/\/acenoxkitchenequipment.com\/wp-content\/uploads\/2023\/11\/display-counter-fridges-768x576.webp 768w, https:\/\/acenoxkitchenequipment.com\/wp-content\/uploads\/2023\/11\/display-counter-fridges-16x12.webp 16w, https:\/\/acenoxkitchenequipment.com\/wp-content\/uploads\/2023\/11\/display-counter-fridges-600x450.webp 600w\" sizes=\"(max-width: 706px) 100vw, 706px\" \/><\/p>\n<p><img decoding=\"async\" class=\"alignnone wp-image-9997\" src=\"https:\/\/acenoxkitchenequipment.com\/wp-content\/uploads\/2023\/11\/sweet-display-counter-design.webp\" alt=\"sweet display counter\" width=\"707\" height=\"610\" srcset=\"https:\/\/acenoxkitchenequipment.com\/wp-content\/uploads\/2023\/11\/sweet-display-counter-design.webp 1000w, https:\/\/acenoxkitchenequipment.com\/wp-content\/uploads\/2023\/11\/sweet-display-counter-design-300x259.webp 300w, https:\/\/acenoxkitchenequipment.com\/wp-content\/uploads\/2023\/11\/sweet-display-counter-design-768x663.webp 768w, https:\/\/acenoxkitchenequipment.com\/wp-content\/uploads\/2023\/11\/sweet-display-counter-design-14x12.webp 14w, https:\/\/acenoxkitchenequipment.com\/wp-content\/uploads\/2023\/11\/sweet-display-counter-design-600x518.webp 600w\" sizes=\"(max-width: 707px) 100vw, 707px\" \/><\/p>\n<p>&nbsp;<\/p>\n<p>&nbsp;<\/p>\n<p>&nbsp;<\/p>\n<p>&nbsp;<\/p>\n<p>&nbsp;<\/p>","protected":false},"excerpt":{"rendered":"<p>Este es un mostrador de exhibici\u00f3n dulce con forma de bisel. Los cristales biselados frontales brindan una vista nueva y mejor a los clientes, lo que ayuda a atraer m\u00e1s vistas y la exposici\u00f3n m\u00e1xima de las pantallas.<\/p>","protected":false},"featured_media":10520,"comment_status":"closed","ping_status":"closed","template":"","meta":{"_seopress_robots_primary_cat":"none","_seopress_titles_title":"Sweet Display Counter Manufacturer %%sep%%Wholesale Price","_seopress_titles_desc":"Chhose Acenox As your Supplier of Sweet Display counter, We are the manufacturer for large distributors in India and South Asia,etc. Very Competitive Price Durable Quality","_seopress_robots_index":""},"product_cat":[59],"product_tag":[],"_links":{"self":[{"href":"https:\/\/acenoxkitchenequipment.com\/es\/wp-json\/wp\/v2\/product\/8588"}],"collection":[{"href":"https:\/\/acenoxkitchenequipment.com\/es\/wp-json\/wp\/v2\/product"}],"about":[{"href":"https:\/\/acenoxkitchenequipment.com\/es\/wp-json\/wp\/v2\/types\/product"}],"replies":[{"embeddable":true,"href":"https:\/\/acenoxkitchenequipment.com\/es\/wp-json\/wp\/v2\/comments?post=8588"}],"version-history":[{"count":0,"href":"https:\/\/acenoxkitchenequipment.com\/es\/wp-json\/wp\/v2\/product\/8588\/revisions"}],"wp:featuredmedia":[{"embeddable":true,"href":"https:\/\/acenoxkitchenequipment.com\/es\/wp-json\/wp\/v2\/media\/10520"}],"wp:attachment":[{"href":"https:\/\/acenoxkitchenequipment.com\/es\/wp-json\/wp\/v2\/media?parent=8588"}],"wp:term":[{"taxonomy":"product_cat","embeddable":true,"href":"https:\/\/acenoxkitchenequipment.com\/es\/wp-json\/wp\/v2\/product_cat?post=8588"},{"taxonomy":"product_tag","embeddable":true,"href":"https:\/\/acenoxkitchenequipment.com\/es\/wp-json\/wp\/v2\/product_tag?post=8588"}],"curies":[{"name":"wp","href":"https:\/\/api.w.org\/{rel}","templated":true}]}}