{"id":8567,"date":"2023-10-24T21:45:09","date_gmt":"2023-10-24T13:45:09","guid":{"rendered":"https:\/\/acenoxkitchenequipment.com\/?post_type=product&#038;p=8567"},"modified":"2024-07-14T16:01:40","modified_gmt":"2024-07-14T08:01:40","slug":"bakery-display-counter","status":"publish","type":"product","link":"https:\/\/acenoxkitchenequipment.com\/es\/producto\/bakery-display-counter\/","title":{"rendered":"Mostrador de exhibici\u00f3n de panader\u00eda"},"content":{"rendered":"<h3><strong>Caracter\u00edsticas de los mostradores de exhibici\u00f3n de panader\u00eda:<\/strong><\/h3>\n<p>Como fabricante profesional de mostradores de panader\u00eda, hicimos un dise\u00f1o simple de este modelo.<\/p>\n<p>Se trata de un mostrador de panader\u00eda para presentar reposter\u00eda en diversos establecimientos.<\/p>\n<p>Este mostrador de panader\u00eda tiene lados negros hechos de vidrio templado, luce hermoso y uniforme desde la vista lateral.<\/p>\n<ul>\n<li>Dimensiones de los mostradores de panader\u00eda.<\/li>\n<li>Normalmente, las profundidades del mostrador de panader\u00eda var\u00edan de 600 mm a 750 mm, y las longitudes de 900 mm a 2200 mm.<\/li>\n<li>El s\u00f3tano del mostrador de exhibici\u00f3n de la panader\u00eda est\u00e1 hecho con molde y espumado por una m\u00e1quina autom\u00e1tica.<\/li>\n<li>El beneficio de este mostrador expositor es el buen sellado, que puede mantener una temperatura baja en el interior y evitar el escape de aire fr\u00edo, logrando as\u00ed un excelente efecto de ahorro de energ\u00eda.<\/li>\n<li>Los precios de los mostradores de panader\u00eda var\u00edan mucho, principalmente debido a las diferencias en los materiales utilizados y los componentes el\u00e9ctricos. Por ejemplo, factores como el grosor del material, la capacidad de refrigeraci\u00f3n y la marca del sistema de refrigeraci\u00f3n desempe\u00f1an un papel importante a la hora de determinar el precio.<\/li>\n<li>Este mostrador de panader\u00eda que fabricamos se centr\u00f3 en el ahorro de energ\u00eda a lo largo de a\u00f1os.<\/li>\n<\/ul>\n<h3>Especificaciones del mostrador de exhibici\u00f3n de panader\u00eda:<\/h3>\n<p><img fetchpriority=\"high\" decoding=\"async\" class=\"alignnone size-full wp-image-9130\" src=\"https:\/\/acenoxkitchenequipment.com\/wp-content\/uploads\/2023\/10\/specifications-of-bakery-display-counter.png\" alt=\"bakery display counter\" width=\"815\" height=\"279\" srcset=\"https:\/\/acenoxkitchenequipment.com\/wp-content\/uploads\/2023\/10\/specifications-of-bakery-display-counter.png 815w, https:\/\/acenoxkitchenequipment.com\/wp-content\/uploads\/2023\/10\/specifications-of-bakery-display-counter-300x103.png 300w, https:\/\/acenoxkitchenequipment.com\/wp-content\/uploads\/2023\/10\/specifications-of-bakery-display-counter-768x263.png 768w, https:\/\/acenoxkitchenequipment.com\/wp-content\/uploads\/2023\/10\/specifications-of-bakery-display-counter-600x205.png 600w\" sizes=\"(max-width: 815px) 100vw, 815px\" \/><\/p>\n<h3>Fotos del mostrador de exhibici\u00f3n de panader\u00eda:<\/h3>\n<p><img decoding=\"async\" class=\"alignnone  wp-image-4720\" src=\"https:\/\/acenoxkitchenequipment.com\/wp-content\/uploads\/2022\/04\/Commercial-Bakery-Cabinet-1024x768.jpg\" alt=\"refrigerated cake display right angel\" width=\"611\" height=\"458\" srcset=\"https:\/\/acenoxkitchenequipment.com\/wp-content\/uploads\/2022\/04\/Commercial-Bakery-Cabinet-1024x768.jpg 1024w, https:\/\/acenoxkitchenequipment.com\/wp-content\/uploads\/2022\/04\/Commercial-Bakery-Cabinet-300x225.jpg 300w, https:\/\/acenoxkitchenequipment.com\/wp-content\/uploads\/2022\/04\/Commercial-Bakery-Cabinet-768x576.jpg 768w, https:\/\/acenoxkitchenequipment.com\/wp-content\/uploads\/2022\/04\/Commercial-Bakery-Cabinet-1536x1152.jpg 1536w, https:\/\/acenoxkitchenequipment.com\/wp-content\/uploads\/2022\/04\/Commercial-Bakery-Cabinet-600x450.jpg 600w, https:\/\/acenoxkitchenequipment.com\/wp-content\/uploads\/2022\/04\/Commercial-Bakery-Cabinet.jpg 2000w\" sizes=\"(max-width: 611px) 100vw, 611px\" \/><\/p>\n<p><img decoding=\"async\" class=\"alignnone wp-image-6569\" src=\"https:\/\/acenoxkitchenequipment.com\/wp-content\/uploads\/2023\/05\/cake-display-refrigerator03-e1692243841962-300x200.jpg\" alt=\"cake display refrigerator03\" width=\"608\" height=\"406\" srcset=\"https:\/\/acenoxkitchenequipment.com\/wp-content\/uploads\/2023\/05\/cake-display-refrigerator03-e1692243841962-300x200.jpg 300w, https:\/\/acenoxkitchenequipment.com\/wp-content\/uploads\/2023\/05\/cake-display-refrigerator03-e1692243841962-768x512.jpg 768w, https:\/\/acenoxkitchenequipment.com\/wp-content\/uploads\/2023\/05\/cake-display-refrigerator03-e1692243841962-600x400.jpg 600w, https:\/\/acenoxkitchenequipment.com\/wp-content\/uploads\/2023\/05\/cake-display-refrigerator03-e1692243841962.jpg 800w\" sizes=\"(max-width: 608px) 100vw, 608px\" \/><\/p>\n<p>&nbsp;<\/p>\n<p>&nbsp;<\/p>","protected":false},"excerpt":{"rendered":"<p>Este mostrador de panader\u00eda es el equipo de panader\u00eda esencial que necesitan las panader\u00edas. Tiene lados negros hechos de vidrio templado, luce hermoso y uniforme desde la vista lateral. Configuraci\u00f3n duradera, alto volumen de visualizaci\u00f3n, temperatura constante de 2 \u2103 ~ 8 \u2103<\/p>","protected":false},"featured_media":8568,"comment_status":"closed","ping_status":"closed","template":"","meta":{"_seopress_robots_primary_cat":"none","_seopress_titles_title":"Bakery Display Counter Manufacturer %%sep%%Affordable Price","_seopress_titles_desc":"Bakery display counter price and specifications: made of premium Stainless Steel, black color, tempered glasses, three shelves, competitive price from manufacturer","_seopress_robots_index":""},"product_cat":[59],"product_tag":[235],"_links":{"self":[{"href":"https:\/\/acenoxkitchenequipment.com\/es\/wp-json\/wp\/v2\/product\/8567"}],"collection":[{"href":"https:\/\/acenoxkitchenequipment.com\/es\/wp-json\/wp\/v2\/product"}],"about":[{"href":"https:\/\/acenoxkitchenequipment.com\/es\/wp-json\/wp\/v2\/types\/product"}],"replies":[{"embeddable":true,"href":"https:\/\/acenoxkitchenequipment.com\/es\/wp-json\/wp\/v2\/comments?post=8567"}],"version-history":[{"count":0,"href":"https:\/\/acenoxkitchenequipment.com\/es\/wp-json\/wp\/v2\/product\/8567\/revisions"}],"wp:featuredmedia":[{"embeddable":true,"href":"https:\/\/acenoxkitchenequipment.com\/es\/wp-json\/wp\/v2\/media\/8568"}],"wp:attachment":[{"href":"https:\/\/acenoxkitchenequipment.com\/es\/wp-json\/wp\/v2\/media?parent=8567"}],"wp:term":[{"taxonomy":"product_cat","embeddable":true,"href":"https:\/\/acenoxkitchenequipment.com\/es\/wp-json\/wp\/v2\/product_cat?post=8567"},{"taxonomy":"product_tag","embeddable":true,"href":"https:\/\/acenoxkitchenequipment.com\/es\/wp-json\/wp\/v2\/product_tag?post=8567"}],"curies":[{"name":"wp","href":"https:\/\/api.w.org\/{rel}","templated":true}]}}