{"id":8463,"date":"2023-10-08T14:38:20","date_gmt":"2023-10-08T06:38:20","guid":{"rendered":"https:\/\/acenoxkitchenequipment.com\/?post_type=product&#038;p=8463"},"modified":"2023-10-08T15:20:56","modified_gmt":"2023-10-08T07:20:56","slug":"countertop-ice-cream-freezer","status":"publish","type":"product","link":"https:\/\/acenoxkitchenequipment.com\/es\/producto\/countertop-ice-cream-freezer\/","title":{"rendered":"Congelador de helados de encimera"},"content":{"rendered":"<h2>Congelador de helados de encimera<\/h2>\n<p>El congelador de helados de encimera viene en un tama\u00f1o compacto y con menos costo que un congelador de helados comercial grande.<\/p>\n<p>Es ideal para empresas m\u00e1s peque\u00f1as y podr\u00eda ser port\u00e1til para utilizarlo en algunos eventos para impulsar su negocio.<\/p>\n<p>M\u00faltiples aplicaciones como yogurt helado, paleta helada, gelato o alg\u00fan postre con chocolate.<\/p>\n<p>Es de f\u00e1cil acceso para atender a muchos clientes.<\/p>\n<p><strong>Caracter\u00edsticas:<\/strong><\/p>\n<p>\u25a0<strong> Tama\u00f1o:<\/strong> 670 mm (largo) \u00d7 750 mm (profundidad) \u00d7 360 mm (alto)<\/p>\n<p>\u25a0<strong> Anteojos:<\/strong> Puertas de cristal flotantes, cable calefactor el\u00e9ctrico, antiempa\u00f1amiento.<\/p>\n<p>\u25a0<strong> Buena propiedad de aislamiento: <\/strong>espuma de ciclopentano, ecol\u00f3gico.<\/p>\n<p>\u25a0<strong> Refrigeraci\u00f3n:<\/strong> Est\u00e1tico, refrigerante R290, Condensador y evaporador completamente cup\u00e9reos.<\/p>\n<p>\u25a0<strong>Temperatura:<\/strong> -22 \u2103 ~ -16 \u2103<\/p>\n<p>\u25a0<strong> Descongelaci\u00f3n autom\u00e1tica: <\/strong>Descongelaci\u00f3n en ciclo inverso<\/p>\n<p>\u25a0 <strong>Sartenes:<\/strong> Viene con 3 piezas de bandejas GN 1\/3 o cajas acr\u00edlicas para elegir.<\/p>\n<p>\u25a0 <strong>Luces LED:<\/strong> Buena calidad Tiras de luz LED para iluminar el helado de forma excelente<\/p>\n<p>Aceptamos dise\u00f1os de im\u00e1genes de apariencia personalizada.<\/p>\n<figure id=\"attachment_8465\" aria-describedby=\"caption-attachment-8465\" style=\"width: 638px\" class=\"wp-caption alignnone\"><img fetchpriority=\"high\" decoding=\"async\" class=\"wp-image-8465\" src=\"https:\/\/acenoxkitchenequipment.com\/wp-content\/uploads\/2023\/10\/countertop-ice-cream-freezer-for-sale.jpg\" alt=\"countertop ice cream freezer\" width=\"638\" height=\"478\" srcset=\"https:\/\/acenoxkitchenequipment.com\/wp-content\/uploads\/2023\/10\/countertop-ice-cream-freezer-for-sale.jpg 900w, https:\/\/acenoxkitchenequipment.com\/wp-content\/uploads\/2023\/10\/countertop-ice-cream-freezer-for-sale-300x225.jpg 300w, https:\/\/acenoxkitchenequipment.com\/wp-content\/uploads\/2023\/10\/countertop-ice-cream-freezer-for-sale-768x576.jpg 768w, https:\/\/acenoxkitchenequipment.com\/wp-content\/uploads\/2023\/10\/countertop-ice-cream-freezer-for-sale-600x450.jpg 600w\" sizes=\"(max-width: 638px) 100vw, 638px\" \/><figcaption id=\"caption-attachment-8465\" class=\"wp-caption-text\">Vendo congelador de helados de mostrador<\/figcaption><\/figure>\n<p>&nbsp;<\/p>\n<p>&nbsp;<\/p>\n<p>&nbsp;<\/p>","protected":false},"excerpt":{"rendered":"<p>Tama\u00f1o: 670 mm (largo) \u00d7 750 mm (profundidad) \u00d7 360 mm (alto); El congelador expositor de helados se compone de varias partes, como vasos, aislamiento, sistema de refrigeraci\u00f3n, controlador de temperatura, luces, etc. Cantidad m\u00ednima de pedido: 2 piezas; Precio al por mayor: 550usd ~ 650USD, \u00a1hable con nosotros para obtener un precio favorable!<\/p>","protected":false},"featured_media":8464,"comment_status":"open","ping_status":"closed","template":"","meta":{"_seopress_robots_primary_cat":"none","_seopress_titles_title":"Countertop Ice Cream Freezer%%sep%%ice cream freezer","_seopress_titles_desc":"Countertop ice cream freezer comes in a compact size with less cost than a large commercial stand ice cream freezer.temperature: -22\u2103 ~ -16\u2103","_seopress_robots_index":""},"product_cat":[142],"product_tag":[233],"_links":{"self":[{"href":"https:\/\/acenoxkitchenequipment.com\/es\/wp-json\/wp\/v2\/product\/8463"}],"collection":[{"href":"https:\/\/acenoxkitchenequipment.com\/es\/wp-json\/wp\/v2\/product"}],"about":[{"href":"https:\/\/acenoxkitchenequipment.com\/es\/wp-json\/wp\/v2\/types\/product"}],"replies":[{"embeddable":true,"href":"https:\/\/acenoxkitchenequipment.com\/es\/wp-json\/wp\/v2\/comments?post=8463"}],"version-history":[{"count":0,"href":"https:\/\/acenoxkitchenequipment.com\/es\/wp-json\/wp\/v2\/product\/8463\/revisions"}],"wp:featuredmedia":[{"embeddable":true,"href":"https:\/\/acenoxkitchenequipment.com\/es\/wp-json\/wp\/v2\/media\/8464"}],"wp:attachment":[{"href":"https:\/\/acenoxkitchenequipment.com\/es\/wp-json\/wp\/v2\/media?parent=8463"}],"wp:term":[{"taxonomy":"product_cat","embeddable":true,"href":"https:\/\/acenoxkitchenequipment.com\/es\/wp-json\/wp\/v2\/product_cat?post=8463"},{"taxonomy":"product_tag","embeddable":true,"href":"https:\/\/acenoxkitchenequipment.com\/es\/wp-json\/wp\/v2\/product_tag?post=8463"}],"curies":[{"name":"wp","href":"https:\/\/api.w.org\/{rel}","templated":true}]}}