{"id":8362,"date":"2023-09-23T19:27:38","date_gmt":"2023-09-23T11:27:38","guid":{"rendered":"https:\/\/acenoxkitchenequipment.com\/?post_type=product&#038;p=8362"},"modified":"2023-09-29T22:38:54","modified_gmt":"2023-09-29T14:38:54","slug":"cake-display-cabinets","status":"publish","type":"product","link":"https:\/\/acenoxkitchenequipment.com\/es\/producto\/cake-display-cabinets\/","title":{"rendered":"Vitrina para tartas de acero inoxidable."},"content":{"rendered":"<p><strong>Caracter\u00edsticas:<\/strong><\/p>\n<ul>\n<li>Las vitrinas para pasteles pueden estar hechas de diferentes materiales, como vidrio, madera o acr\u00edlico.<\/li>\n<li>Como fabricante, tenemos m\u00e1s de 5 a\u00f1os produciendo experiencias de vitrinas para pasteles.<\/li>\n<li>vitrinas refrigeradas para pasteles y vitrinas ambientales para pasteles.<\/li>\n<li>Tama\u00f1o, color y materiales del gabinete hechos a medida para que se adapte a su mercado local.<\/li>\n<\/ul>\n<p><strong>\u00bfC\u00f3mo elegir una vitrina de Pasteler\u00eda?<\/strong><\/p>\n<ol>\n<li><span data-preserver-spaces=\"true\">En primer lugar, seleccione la funci\u00f3n correcta para el alimento que est\u00e1 mostrando. \u00bfPan, helado, sushi, tartas, s\u00e1ndwiches o postre?<\/span><\/li>\n<\/ol>\n<p><span data-preserver-spaces=\"true\">\u00a0 \u00a0 \u00a0 2. En una divisi\u00f3n simple, las vitrinas para pasteles vienen en dos tipos: enfriamiento est\u00e1tico y enfriamiento ventilado. No sugerimos una forma de enfriamiento est\u00e1tico. Aunque es barato, la refrigeraci\u00f3n no es pareja. Los lugares en contacto con tuber\u00edas de refrigeraci\u00f3n se vuelven m\u00e1s fr\u00edos, mientras que otras \u00e1reas alcanzan altas temperaturas. Por lo tanto, es necesaria una refrigeraci\u00f3n ventilada.<\/span><\/p>\n<p><span data-preserver-spaces=\"true\">\u00a0 \u00a0 3. La unidad de refrigeraci\u00f3n es la parte cr\u00edtica. No se trata s\u00f3lo de la marca; La potencia del compresor es crucial.<\/span><\/p>\n<p>&nbsp;<\/p>\n<p>&nbsp;<\/p>\n<p>&nbsp;<\/p>\n<p>&nbsp;<\/p>\n<p>&nbsp;<\/p>\n<p>&nbsp;<\/p>\n<p>&nbsp;<\/p>","protected":false},"excerpt":{"rendered":"<p>El elegante dise\u00f1o exterior de esta vitrina para pasteles es actualmente el estilo m\u00e1s popular, configuraci\u00f3n duradera, alto volumen de exhibici\u00f3n y temperatura constante de 2 \u2103 ~ 8 \u2103<\/p>","protected":false},"featured_media":8375,"comment_status":"closed","ping_status":"closed","template":"","meta":{"_seopress_robots_primary_cat":"none","_seopress_titles_title":"Cake Display Cabinet %%sep%%Custom Design and Orders %%sep%%Acenox","_seopress_titles_desc":"Cake Display Cabinets can be made of different materials, such as glass, wooden or acrylic. As a manufacturer, we have 5+ years producing experiences of cake display cabinets.","_seopress_robots_index":""},"product_cat":[59],"product_tag":[215],"_links":{"self":[{"href":"https:\/\/acenoxkitchenequipment.com\/es\/wp-json\/wp\/v2\/product\/8362"}],"collection":[{"href":"https:\/\/acenoxkitchenequipment.com\/es\/wp-json\/wp\/v2\/product"}],"about":[{"href":"https:\/\/acenoxkitchenequipment.com\/es\/wp-json\/wp\/v2\/types\/product"}],"replies":[{"embeddable":true,"href":"https:\/\/acenoxkitchenequipment.com\/es\/wp-json\/wp\/v2\/comments?post=8362"}],"version-history":[{"count":0,"href":"https:\/\/acenoxkitchenequipment.com\/es\/wp-json\/wp\/v2\/product\/8362\/revisions"}],"wp:featuredmedia":[{"embeddable":true,"href":"https:\/\/acenoxkitchenequipment.com\/es\/wp-json\/wp\/v2\/media\/8375"}],"wp:attachment":[{"href":"https:\/\/acenoxkitchenequipment.com\/es\/wp-json\/wp\/v2\/media?parent=8362"}],"wp:term":[{"taxonomy":"product_cat","embeddable":true,"href":"https:\/\/acenoxkitchenequipment.com\/es\/wp-json\/wp\/v2\/product_cat?post=8362"},{"taxonomy":"product_tag","embeddable":true,"href":"https:\/\/acenoxkitchenequipment.com\/es\/wp-json\/wp\/v2\/product_tag?post=8362"}],"curies":[{"name":"wp","href":"https:\/\/api.w.org\/{rel}","templated":true}]}}