{"id":8357,"date":"2023-09-07T21:50:11","date_gmt":"2023-09-07T13:50:11","guid":{"rendered":"https:\/\/acenoxkitchenequipment.com\/?post_type=product&#038;p=8357"},"modified":"2023-09-29T21:53:30","modified_gmt":"2023-09-29T13:53:30","slug":"small-cake-display-counter","status":"publish","type":"product","link":"https:\/\/acenoxkitchenequipment.com\/es\/producto\/small-cake-display-counter\/","title":{"rendered":"Mostrador de exhibici\u00f3n de pasteles peque\u00f1os"},"content":{"rendered":"<h4>mostrador de exhibici\u00f3n de pasteles peque\u00f1os<\/h4>\n<p><strong>Caracter\u00edsticas:<\/strong><\/p>\n<p>El precio del mostrador de exhibici\u00f3n de pasteles peque\u00f1os es mucho menor que el de un mostrador de exhibici\u00f3n de pasteles vertical.<\/p>\n<p>Tiene un tama\u00f1o compacto, el uso es flexible, restaurantes, hoteles, tiendas de comestibles, cafeter\u00edas, panader\u00edas, etc., que utilizan este peque\u00f1o mostrador de exhibici\u00f3n de pasteles para exhibir algunos bocadillos o postres.<\/p>\n<p>Como es peque\u00f1o, puedes moverlo cuando quieras y colocarlo en el mostrador, donde est\u00e1 la posici\u00f3n m\u00e1s llamativa para atraer m\u00e1s atenci\u00f3n.<\/p>\n<p>Su precio ventajoso hace que la compra sea realizable para todos los propietarios de establecimientos.<\/p>\n<p>P\u00f3ngase en contacto con nosotros para obtener una hoja de cotizaci\u00f3n favorable y una hoja de especificaciones de este mostrador de exhibici\u00f3n de gran venta.<\/p>\n<p>&nbsp;<\/p>\n<p>&nbsp;<\/p>\n<p>&nbsp;<\/p>\n<p>&nbsp;<\/p>\n<p>&nbsp;<\/p>\n<p>&nbsp;<\/p>","protected":false},"excerpt":{"rendered":"<p>El precio del mostrador de exhibici\u00f3n de pasteles peque\u00f1os es mucho menor que el de un mostrador de exhibici\u00f3n de pasteles vertical.<\/p>\n<p>Tiene un tama\u00f1o compacto, el uso es flexible, restaurantes, hoteles, tiendas de comestibles, cafeter\u00edas, panader\u00edas, etc., que utilizan este peque\u00f1o mostrador de exhibici\u00f3n de pasteles para exhibir algunos bocadillos o postres.<\/p>","protected":false},"featured_media":8348,"comment_status":"open","ping_status":"closed","template":"","meta":{"_seopress_robots_primary_cat":"none","_seopress_titles_title":"Small Cake Display Counter %%sep%% Make Bulk Orders With Acenox","_seopress_titles_desc":"","_seopress_robots_index":""},"product_cat":[59],"product_tag":[219],"_links":{"self":[{"href":"https:\/\/acenoxkitchenequipment.com\/es\/wp-json\/wp\/v2\/product\/8357"}],"collection":[{"href":"https:\/\/acenoxkitchenequipment.com\/es\/wp-json\/wp\/v2\/product"}],"about":[{"href":"https:\/\/acenoxkitchenequipment.com\/es\/wp-json\/wp\/v2\/types\/product"}],"replies":[{"embeddable":true,"href":"https:\/\/acenoxkitchenequipment.com\/es\/wp-json\/wp\/v2\/comments?post=8357"}],"version-history":[{"count":0,"href":"https:\/\/acenoxkitchenequipment.com\/es\/wp-json\/wp\/v2\/product\/8357\/revisions"}],"wp:featuredmedia":[{"embeddable":true,"href":"https:\/\/acenoxkitchenequipment.com\/es\/wp-json\/wp\/v2\/media\/8348"}],"wp:attachment":[{"href":"https:\/\/acenoxkitchenequipment.com\/es\/wp-json\/wp\/v2\/media?parent=8357"}],"wp:term":[{"taxonomy":"product_cat","embeddable":true,"href":"https:\/\/acenoxkitchenequipment.com\/es\/wp-json\/wp\/v2\/product_cat?post=8357"},{"taxonomy":"product_tag","embeddable":true,"href":"https:\/\/acenoxkitchenequipment.com\/es\/wp-json\/wp\/v2\/product_tag?post=8357"}],"curies":[{"name":"wp","href":"https:\/\/api.w.org\/{rel}","templated":true}]}}