{"id":8347,"date":"2023-09-07T15:57:35","date_gmt":"2023-09-07T07:57:35","guid":{"rendered":"https:\/\/acenoxkitchenequipment.com\/?post_type=product&#038;p=8347"},"modified":"2023-09-29T22:40:09","modified_gmt":"2023-09-29T14:40:09","slug":"refrigerated-countertop-display","status":"publish","type":"product","link":"https:\/\/acenoxkitchenequipment.com\/es\/producto\/refrigerated-countertop-display\/","title":{"rendered":"Expositor de encimera refrigerado"},"content":{"rendered":"<h3>Expositor de encimera refrigerado<\/h3>\n<p><strong>Caracter\u00edsticas:<\/strong><\/p>\n<p>La exhibici\u00f3n de encimera refrigerada es una vitrina refrigerada de mesa.<\/p>\n<p>A menudo lo llamamos mostrador de delicatessen, que es una vitrina refrigerada o una vitrina caliente. Se utiliza para exponer una variedad de alimentos frescos, principalmente son alimentos precocinados, otros como s\u00e1ndwiches, quesos, ensaladas, carnes, etc.<\/p>\n<p>Evidentemente tiene un tama\u00f1o peque\u00f1o. Normalmente, se coloca sobre un mostrador que est\u00e1 al mismo nivel que la vista de las personas. Las personas pueden verlo directamente cuando caminan por establecimientos como cafeter\u00edas, pasteler\u00edas, pasteler\u00edas, etc.<\/p>\n<ul>\n<li>Este tipo tiene un precio m\u00e1s competitivo.<\/li>\n<li>El s\u00f3tano est\u00e1 hecho de Plastic Master Batch, que es un material de alta densidad y resistencia pero de bajo costo.<\/li>\n<li>Vasos de doble capa para aislar el calor del exterior<\/li>\n<li>Potente unidad de refrigeraci\u00f3n, la marca del compresor se puede personalizar. Como est\u00e1ndar, normalmente utilizamos secop\/Embraco\/Donper<\/li>\n<li>Control de temperatura digital<\/li>\n<\/ul>\n<p>&nbsp;<\/p>\n<p>&nbsp;<\/p>\n<p>&nbsp;<\/p>\n<p>&nbsp;<\/p>\n<p>&nbsp;<\/p>\n<p>&nbsp;<\/p>","protected":false},"excerpt":{"rendered":"<p>La exhibici\u00f3n de encimera refrigerada es una vitrina refrigerada de mesa. Este tipo tiene un precio m\u00e1s competitivo; el s\u00f3tano est\u00e1 hecho de Plastic Master Batch, que es un material de alta densidad y resistencia pero de bajo costo.<\/p>","protected":false},"featured_media":8353,"comment_status":"open","ping_status":"closed","template":"","meta":{"_seopress_robots_primary_cat":"none","_seopress_titles_title":"Refrigerated Countertop Display %%sep%% Manufacturer &amp; Supplier","_seopress_titles_desc":"It has a compact size, and the usage is flexible; restaurants, hotels, grocery stores, cafes, bakery shops, etc. use this small cake display counter to display some snacks or desserts.","_seopress_robots_index":""},"product_cat":[59],"product_tag":[222],"_links":{"self":[{"href":"https:\/\/acenoxkitchenequipment.com\/es\/wp-json\/wp\/v2\/product\/8347"}],"collection":[{"href":"https:\/\/acenoxkitchenequipment.com\/es\/wp-json\/wp\/v2\/product"}],"about":[{"href":"https:\/\/acenoxkitchenequipment.com\/es\/wp-json\/wp\/v2\/types\/product"}],"replies":[{"embeddable":true,"href":"https:\/\/acenoxkitchenequipment.com\/es\/wp-json\/wp\/v2\/comments?post=8347"}],"version-history":[{"count":0,"href":"https:\/\/acenoxkitchenequipment.com\/es\/wp-json\/wp\/v2\/product\/8347\/revisions"}],"wp:featuredmedia":[{"embeddable":true,"href":"https:\/\/acenoxkitchenequipment.com\/es\/wp-json\/wp\/v2\/media\/8353"}],"wp:attachment":[{"href":"https:\/\/acenoxkitchenequipment.com\/es\/wp-json\/wp\/v2\/media?parent=8347"}],"wp:term":[{"taxonomy":"product_cat","embeddable":true,"href":"https:\/\/acenoxkitchenequipment.com\/es\/wp-json\/wp\/v2\/product_cat?post=8347"},{"taxonomy":"product_tag","embeddable":true,"href":"https:\/\/acenoxkitchenequipment.com\/es\/wp-json\/wp\/v2\/product_tag?post=8347"}],"curies":[{"name":"wp","href":"https:\/\/api.w.org\/{rel}","templated":true}]}}