{"id":8312,"date":"2023-08-30T09:56:15","date_gmt":"2023-08-30T01:56:15","guid":{"rendered":"https:\/\/acenoxkitchenequipment.com\/?post_type=product&#038;p=8312"},"modified":"2023-09-30T12:02:29","modified_gmt":"2023-09-30T04:02:29","slug":"commercial-drinks-fridge","status":"publish","type":"product","link":"https:\/\/acenoxkitchenequipment.com\/es\/producto\/commercial-drinks-fridge\/","title":{"rendered":"Nevera de bebidas comerciales"},"content":{"rendered":"<h3>Nevera para bebidas comerciales.<\/h3>\n<p>Este es un refrigerador para bebidas de una sola puerta para uso comercial, puerta con bisagras de vidrio y vidrios antivaho de dos capas.<\/p>\n<p><strong>Caracter\u00edsticas:<\/strong><\/p>\n<ul>\n<li>Tama\u00f1o: 745 mm \u00d7 700 mm \u00d7 2100 mm<\/li>\n<li>Materiales: acero revestido<\/li>\n<li>Puertas: aleaci\u00f3n de aluminio lacado.<\/li>\n<li>Espesor de la espuma: 45 mm<\/li>\n<li>Arriba: caja de l\u00e1mpara<\/li>\n<li>Abajo: colocaci\u00f3n de unidades de refrigeraci\u00f3n como compresor y condensado.<\/li>\n<li>Interior: estantes de acero recubiertos de pl\u00e1stico, resistentes, duraderos y de altura ajustable; Se incluye tira de luces LED de alta calidad.<\/li>\n<li>Gafas: gafas templadas de calidad superior<\/li>\n<li>Aviso: Entorno aplicable: Temperatura ambiente inferior a 32 \u2103<\/li>\n<\/ul>\n<p>&nbsp;<\/p>","protected":false},"excerpt":{"rendered":"<p>Refrigeraci\u00f3n ventilada; Puerta de vidrio simple, marca de compresor personalizada y dise\u00f1o de apariencia personalizada para refrigerador de bebidas comerciales al por mayor<\/p>","protected":false},"featured_media":8313,"comment_status":"open","ping_status":"closed","template":"","meta":{"_seopress_robots_primary_cat":"none","_seopress_titles_title":"Commercial Drinks Fridge%%sep%%beverage fridge%%sep%%Acenox Manufacturing","_seopress_titles_desc":"single door Commercial Drinks Fridge, glass hinged door with two layer non-fogging glasses.Size: 745mm\u00d7700mm\u00d72100mm","_seopress_robots_index":""},"product_cat":[60],"product_tag":[214],"_links":{"self":[{"href":"https:\/\/acenoxkitchenequipment.com\/es\/wp-json\/wp\/v2\/product\/8312"}],"collection":[{"href":"https:\/\/acenoxkitchenequipment.com\/es\/wp-json\/wp\/v2\/product"}],"about":[{"href":"https:\/\/acenoxkitchenequipment.com\/es\/wp-json\/wp\/v2\/types\/product"}],"replies":[{"embeddable":true,"href":"https:\/\/acenoxkitchenequipment.com\/es\/wp-json\/wp\/v2\/comments?post=8312"}],"version-history":[{"count":0,"href":"https:\/\/acenoxkitchenequipment.com\/es\/wp-json\/wp\/v2\/product\/8312\/revisions"}],"wp:featuredmedia":[{"embeddable":true,"href":"https:\/\/acenoxkitchenequipment.com\/es\/wp-json\/wp\/v2\/media\/8313"}],"wp:attachment":[{"href":"https:\/\/acenoxkitchenequipment.com\/es\/wp-json\/wp\/v2\/media?parent=8312"}],"wp:term":[{"taxonomy":"product_cat","embeddable":true,"href":"https:\/\/acenoxkitchenequipment.com\/es\/wp-json\/wp\/v2\/product_cat?post=8312"},{"taxonomy":"product_tag","embeddable":true,"href":"https:\/\/acenoxkitchenequipment.com\/es\/wp-json\/wp\/v2\/product_tag?post=8312"}],"curies":[{"name":"wp","href":"https:\/\/api.w.org\/{rel}","templated":true}]}}