{"id":6855,"date":"2023-07-10T16:44:30","date_gmt":"2023-07-10T08:44:30","guid":{"rendered":"https:\/\/acenoxkitchenequipment.com\/?post_type=product&#038;p=6855"},"modified":"2024-03-10T00:05:01","modified_gmt":"2024-03-09T16:05:01","slug":"glass-display-freezer","status":"publish","type":"product","link":"https:\/\/acenoxkitchenequipment.com\/es\/producto\/glass-display-freezer\/","title":{"rendered":"Display Congelador 2 Puertas"},"content":{"rendered":"<h3>Congelador de exhibici\u00f3n<\/h3>\n<p>El congelador expositor se utiliza para exhibir una variedad de productos congelados, como pasteles, carnes, mariscos y otros alimentos que deben almacenarse a bajas temperaturas.<\/p>\n<p>Un congelador vertical con puerta de vidrio es un tipo de equipo de refrigeraci\u00f3n comercial com\u00fanmente utilizado en tiendas de comestibles, tiendas de conveniencia, supermercados y otros entornos minoristas.<\/p>\n<p>\u25a0 Vidrios: Vidrios templados de tres capas, alambre calefactor para evitar el empa\u00f1amiento, puertas con cierre autom\u00e1tico<\/p>\n<p>\u25a0 Buena propiedad de aislamiento: espuma de ciclopentano, ecol\u00f3gica.<\/p>\n<p>Utilizamos moldes para hacer espuma, que se realiza autom\u00e1ticamente en un proceso \u00fanico sin operaci\u00f3n manual. Esto garantiza un mejor rendimiento de aislamiento.<\/p>\n<p>\u25a0 220 V\/50 Hz; 110V\/60Hz<\/p>\n<p>\u25a0 Compresor ventilado, Donper o Scope, R290\/R404a<\/p>\n<p>\u25a0 Descongelaci\u00f3n autom\u00e1tica<\/p>\n<p>\u25a0 Condensado y evaporador completamente cup\u00e9reos<\/p>\n<p>\u25a0 Controlador de temperatura de marca o marca italiana, -18 \u2103 ~ -22 \u2103.<\/p>\n<p>\u25a0 Marco y puertas de aleaci\u00f3n de aluminio.<\/p>\n<p>\u25a0 Interior con estantes recubiertos de PVC de cuatro capas.<\/p>\n<p>\u25a0 Ruedas universales de TPR, dos de ellas con freno.<\/p>\n<p>\u25a0 Cada puerta cuenta con tiras de luz LED verticales de buena calidad para iluminar excelentemente la mercanc\u00eda.<\/p>\n<p>\u25a0 S\u00f3tano de acero revestido, costo econ\u00f3mico pero calidad duradera.<\/p>\n<p>Opciones personalizables: 1. Color 2. Marca del compresor 3. Vidrios de alambre calefactor<\/p>\n<h3>Informaci\u00f3n t\u00e9cnica<\/h3>\n<p>&nbsp;<\/p>","protected":false},"excerpt":{"rendered":"<p>El congelador expositor se utiliza para exhibir una variedad de productos congelados, como pasteles, carnes, mariscos y otros alimentos que deben almacenarse a bajas temperaturas.<\/p>","protected":false},"featured_media":9056,"comment_status":"open","ping_status":"closed","template":"","meta":{"_seopress_robots_primary_cat":"none","_seopress_titles_title":"Display Freezer Manufacturer %%sep%%2 Doors and 3 Doors","_seopress_titles_desc":"The display freezer is used to showcase a variety of frozen goods such as pastries, meat, seafood, and other food that need to be stored at low temperatures -18\u2103~-22\u2103.","_seopress_robots_index":""},"product_cat":[60],"product_tag":[271],"_links":{"self":[{"href":"https:\/\/acenoxkitchenequipment.com\/es\/wp-json\/wp\/v2\/product\/6855"}],"collection":[{"href":"https:\/\/acenoxkitchenequipment.com\/es\/wp-json\/wp\/v2\/product"}],"about":[{"href":"https:\/\/acenoxkitchenequipment.com\/es\/wp-json\/wp\/v2\/types\/product"}],"replies":[{"embeddable":true,"href":"https:\/\/acenoxkitchenequipment.com\/es\/wp-json\/wp\/v2\/comments?post=6855"}],"version-history":[{"count":0,"href":"https:\/\/acenoxkitchenequipment.com\/es\/wp-json\/wp\/v2\/product\/6855\/revisions"}],"wp:featuredmedia":[{"embeddable":true,"href":"https:\/\/acenoxkitchenequipment.com\/es\/wp-json\/wp\/v2\/media\/9056"}],"wp:attachment":[{"href":"https:\/\/acenoxkitchenequipment.com\/es\/wp-json\/wp\/v2\/media?parent=6855"}],"wp:term":[{"taxonomy":"product_cat","embeddable":true,"href":"https:\/\/acenoxkitchenequipment.com\/es\/wp-json\/wp\/v2\/product_cat?post=6855"},{"taxonomy":"product_tag","embeddable":true,"href":"https:\/\/acenoxkitchenequipment.com\/es\/wp-json\/wp\/v2\/product_tag?post=6855"}],"curies":[{"name":"wp","href":"https:\/\/api.w.org\/{rel}","templated":true}]}}