{"id":6844,"date":"2023-07-05T18:58:02","date_gmt":"2023-07-05T10:58:02","guid":{"rendered":"https:\/\/acenoxkitchenequipment.com\/?post_type=product&#038;p=6844"},"modified":"2023-10-16T16:30:31","modified_gmt":"2023-10-16T08:30:31","slug":"cake-display-cabinet","status":"publish","type":"product","link":"https:\/\/acenoxkitchenequipment.com\/es\/producto\/cake-display-cabinet\/","title":{"rendered":"Vitrina para tartas con gafas curvas."},"content":{"rendered":"<p><strong>Caracter\u00edsticas:<\/strong><\/p>\n<ul>\n<li>Como fabricante, podemos producir vitrinas refrigeradas para exhibici\u00f3n de pasteles y vitrinas ambientales para exhibici\u00f3n de pasteles.<\/li>\n<li>Tama\u00f1o, color y materiales del gabinete hechos a medida para que se adapte a su mercado local.<\/li>\n<li>Por ejemplo, podemos utilizar acero 201 de color dorado y acero 304 de color dorado para hacer el cuerpo de la vitrina para pasteles. Cada pieza se puede personalizar. Tambi\u00e9n ofreceremos asesoramiento profesional seg\u00fan nuestra experiencia adquirida.<\/li>\n<li>La vitrina de acr\u00edlico para pasteles es otro tipo popular.<\/li>\n<li>Una vitrina para tartas de acero revestido es otra opci\u00f3n econ\u00f3mica.<\/li>\n<\/ul>\n<ol>\n<li><strong>Compresor:<\/strong> Compresor Embraco o compresor Donper para elegir<\/li>\n<li><strong>Refrigerante:<\/strong> R134a\/R290<\/li>\n<li><strong>Control de temperatura:<\/strong> Italia marca Dixell o Carel<\/li>\n<li><strong>S\u00f3tano:<\/strong> S\u00f3tano de acero inoxidable 430 con espuma de ciclopentano integral dentro del s\u00f3tano, con buen sellado, puede mantener el aire fr\u00edo dentro del gabinete y reducir la p\u00e9rdida de energ\u00eda.<\/li>\n<li><strong>Anteojos:<\/strong> Gafas de baja emisividad con desempa\u00f1amiento autom\u00e1tico avanzado, doble capa, templadas huecas<\/li>\n<li><strong>Otros:<\/strong> Condensado y evaporador completamente cup\u00e9reos.<\/li>\n<li><strong>Estantes:<\/strong> Tres estantes de capas completamente de acero inoxidable + aluminio, capacidad de carga superior a 30 kg\/capa<\/li>\n<li><strong>Puertas:<\/strong> Dos puertas corredizas de vidrio antivaho con buena propiedad de sellado, cable calefactor<\/li>\n<li><strong>Luces:<\/strong> Luz LED blanca c\u00e1lida o fr\u00eda para elegir.<\/li>\n<li><strong>Ruedas: <\/strong>4 \u00d7 ruedas giratorias incluidas<\/li>\n<\/ol>\n<p>&nbsp;<\/p>\n<p>Aviso: Entorno aplicable: Temperatura ambiente inferior a 32 \u2103<\/p>\n<p>&nbsp;<\/p>\n<p>&nbsp;<\/p>\n<p>&nbsp;<\/p>\n<p>&nbsp;<\/p>\n<p>&nbsp;<\/p>\n<p>&nbsp;<\/p>","protected":false},"excerpt":{"rendered":"<p>El elegante dise\u00f1o exterior de este expositor refrigerado para pasteles es actualmente el estilo m\u00e1s popular, configuraci\u00f3n duradera, alto volumen de exhibici\u00f3n y temperatura constante de 2 \u2103 ~ 8 \u2103.<\/p>","protected":false},"featured_media":8342,"comment_status":"closed","ping_status":"closed","template":"","meta":{"_seopress_robots_primary_cat":"none","_seopress_titles_title":"Cake Display Cabinet %%sep%%Bulk Orders From Factory %%sep%%Acenox","_seopress_titles_desc":"we can use golden color 201 steel\uff0cgolden color 304 steel to make the body of the cake display cabinet. Every part could be customized. ","_seopress_robots_index":""},"product_cat":[59],"product_tag":[215],"_links":{"self":[{"href":"https:\/\/acenoxkitchenequipment.com\/es\/wp-json\/wp\/v2\/product\/6844"}],"collection":[{"href":"https:\/\/acenoxkitchenequipment.com\/es\/wp-json\/wp\/v2\/product"}],"about":[{"href":"https:\/\/acenoxkitchenequipment.com\/es\/wp-json\/wp\/v2\/types\/product"}],"replies":[{"embeddable":true,"href":"https:\/\/acenoxkitchenequipment.com\/es\/wp-json\/wp\/v2\/comments?post=6844"}],"version-history":[{"count":0,"href":"https:\/\/acenoxkitchenequipment.com\/es\/wp-json\/wp\/v2\/product\/6844\/revisions"}],"wp:featuredmedia":[{"embeddable":true,"href":"https:\/\/acenoxkitchenequipment.com\/es\/wp-json\/wp\/v2\/media\/8342"}],"wp:attachment":[{"href":"https:\/\/acenoxkitchenequipment.com\/es\/wp-json\/wp\/v2\/media?parent=6844"}],"wp:term":[{"taxonomy":"product_cat","embeddable":true,"href":"https:\/\/acenoxkitchenequipment.com\/es\/wp-json\/wp\/v2\/product_cat?post=6844"},{"taxonomy":"product_tag","embeddable":true,"href":"https:\/\/acenoxkitchenequipment.com\/es\/wp-json\/wp\/v2\/product_tag?post=6844"}],"curies":[{"name":"wp","href":"https:\/\/api.w.org\/{rel}","templated":true}]}}