{"id":6785,"date":"2023-07-04T10:34:14","date_gmt":"2023-07-04T02:34:14","guid":{"rendered":"https:\/\/acenoxkitchenequipment.com\/?post_type=product&#038;p=6785"},"modified":"2024-03-08T17:49:05","modified_gmt":"2024-03-08T09:49:05","slug":"commercial-glass-door-refrigerator","status":"publish","type":"product","link":"https:\/\/acenoxkitchenequipment.com\/es\/producto\/commercial-glass-door-refrigerator\/","title":{"rendered":"Refrigerador comercial con puerta de vidrio"},"content":{"rendered":"<h3>Caracter\u00edsticas del refrigerador comercial con puerta de vidrio:<\/h3>\n<p>El refrigerador comercial de 3 puertas de vidrio tiene una gran capacidad de almacenamiento. Es muy utilizado en vinotecas, cervecer\u00edas, supermercados, etc.<\/p>\n<p>Encontremos la ventaja de este refrigerador comercial de 3 puertas con puerta de vidrio:<\/p>\n<ul>\n<li><strong>Gran capacidad:\u00a0<\/strong><\/li>\n<\/ul>\n<p>1450L, cinco capas de estantes cromados, son resistentes y se pueden llenar con grandes cantidades de cerveza, bebidas y agua.<\/p>\n<ul>\n<li><strong>Vidrios gruesos y altos claros:\u00a0<\/strong><\/li>\n<\/ul>\n<p>Utilizamos gafas muy gruesas y resistentes, que adem\u00e1s ofrecen una visi\u00f3n muy clara. Los vidrios de doble capa proporcionan un alto rendimiento de aislamiento, ahorrando energ\u00eda de forma eficaz.<\/p>\n<ul>\n<li><strong>Compresor conocido:\u00a0<\/strong><\/li>\n<\/ul>\n<p>Donper Compressor, la famosa marca de compresores con refrigerante R290 ecol\u00f3gico y de calidad duradera<\/p>\n<ul>\n<li><strong>Refrigeraci\u00f3n ventilada<\/strong><\/li>\n<\/ul>\n<p>La circulaci\u00f3n activa ayuda a mantener una temperatura constante en todo el espacio de enfriamiento, asegurando un enfriamiento uniforme y minimizando los gradientes de temperatura.<\/p>\n<ul>\n<li><strong>Atractiva caja de l\u00e1mpara en la parte superior:<\/strong><\/li>\n<\/ul>\n<p>Proporcionamos publicidad personalizada impresa en la caja de la l\u00e1mpara superior, que es impresionante y atractiva. Las unidades de refrigeraci\u00f3n est\u00e1n en la parte superior detr\u00e1s de la caja de la l\u00e1mpara.<\/p>\n<ul>\n<li><strong>Aislamiento s\u00faper grueso:<\/strong><\/li>\n<\/ul>\n<p>El frigor\u00edfico tiene una espuma aislante de 7,5 cm, que puede proporcionar buenas propiedades de aislamiento.<\/p>\n<ul>\n<li><strong>Controlador de temperatura digital:\u00a0<\/strong><\/li>\n<\/ul>\n<p>F\u00e1cil de ajustar la temperatura<\/p>\n<ul>\n<li><strong>Ruedas de alta resistencia:\u00a0<\/strong><\/li>\n<\/ul>\n<p>Ruedas universales con freno, podr\u00e1s colocar el frigor\u00edfico en el lugar adecuado sin obst\u00e1culos.<\/p>\n<p>&nbsp;<\/p>\n<p>Contamos con m\u00e1s de una d\u00e9cada de experiencia en la producci\u00f3n de refrigeradores de vidrio comerciales. Las excelentes caracter\u00edsticas mencionadas anteriormente garantizan la calidad de nuestros refrigeradores. Sin embargo, para acceder al mercado internacional, ofrecemos precios altamente competitivos. No dude en contactarnos para obtener la informaci\u00f3n m\u00e1s reciente sobre precios.<\/p>\n<p>&nbsp;<\/p>\n<p>&nbsp;<\/p>","protected":false},"excerpt":{"rendered":"<p>El dise\u00f1o simple pero elegante de este refrigerador con una sola puerta de vidrio es popular en muchos pa\u00edses como Europa, Australia y Malasia, etc. Se utiliza para exhibir bebidas fr\u00edas, cerveza, etc. Tenga en cuenta que el tama\u00f1o y la forma se pueden personalizar, su empresa Se puede imprimir una pegatina publicitaria con el logotipo para colocarla en la parte superior del refrigerador.<\/p>","protected":false},"featured_media":9022,"comment_status":"open","ping_status":"closed","template":"","meta":{"_seopress_robots_primary_cat":"none","_seopress_titles_title":"Commercial Glass Door Refrigerators From Reliable Factory","_seopress_titles_desc":"We are offering highly competitive prices of 2 doors and 3 doors Commercial Glass Door Refrigerators, digital temperature control: +2\u2103~+8\u2103\uff1bVentilated cooling","_seopress_robots_index":""},"product_cat":[60],"product_tag":[179],"_links":{"self":[{"href":"https:\/\/acenoxkitchenequipment.com\/es\/wp-json\/wp\/v2\/product\/6785"}],"collection":[{"href":"https:\/\/acenoxkitchenequipment.com\/es\/wp-json\/wp\/v2\/product"}],"about":[{"href":"https:\/\/acenoxkitchenequipment.com\/es\/wp-json\/wp\/v2\/types\/product"}],"replies":[{"embeddable":true,"href":"https:\/\/acenoxkitchenequipment.com\/es\/wp-json\/wp\/v2\/comments?post=6785"}],"version-history":[{"count":0,"href":"https:\/\/acenoxkitchenequipment.com\/es\/wp-json\/wp\/v2\/product\/6785\/revisions"}],"wp:featuredmedia":[{"embeddable":true,"href":"https:\/\/acenoxkitchenequipment.com\/es\/wp-json\/wp\/v2\/media\/9022"}],"wp:attachment":[{"href":"https:\/\/acenoxkitchenequipment.com\/es\/wp-json\/wp\/v2\/media?parent=6785"}],"wp:term":[{"taxonomy":"product_cat","embeddable":true,"href":"https:\/\/acenoxkitchenequipment.com\/es\/wp-json\/wp\/v2\/product_cat?post=6785"},{"taxonomy":"product_tag","embeddable":true,"href":"https:\/\/acenoxkitchenequipment.com\/es\/wp-json\/wp\/v2\/product_tag?post=6785"}],"curies":[{"name":"wp","href":"https:\/\/api.w.org\/{rel}","templated":true}]}}