{"id":6671,"date":"2023-06-14T12:57:00","date_gmt":"2023-06-14T04:57:00","guid":{"rendered":"https:\/\/acenoxkitchenequipment.com\/?post_type=product&#038;p=6671"},"modified":"2023-10-18T20:34:58","modified_gmt":"2023-10-18T12:34:58","slug":"ice-cream-chest-freezer-curved-glass","status":"publish","type":"product","link":"https:\/\/acenoxkitchenequipment.com\/es\/producto\/ice-cream-chest-freezer-curved-glass\/","title":{"rendered":"Congelador horizontal de helado de vidrio curvado"},"content":{"rendered":"<h3>Congelador horizontal de helado de vidrio curvado<\/h3>\n<p><strong>Caracter\u00edsticas:<\/strong><\/p>\n<p>Con una profundidad de 815 mm, este congelador para helados ofrece una gran capacidad y una ventana visual, lo que lo convierte en una excelente opci\u00f3n para grandes tiendas y centros comerciales. Cuenta con una capa aislante extragruesa, que proporciona eficiencia energ\u00e9tica, buen aislamiento y efectos de sellado. Su tapa de cristal curvado ofrece una apariencia elegante y un f\u00e1cil acceso a los expositores del interior. Este congelador para helados es duradero y est\u00e9ticamente agradable. Ofrecemos opciones de impresi\u00f3n exterior personalizadas.<\/p>\n<ol>\n<li>Famoso compresor Donper o compresor GMCC<\/li>\n<li>Refrigerante: R290<\/li>\n<li>Todos los materiales de cobre del evaporador y condensador.<\/li>\n<li>Interior de aluminio con recubrimiento en polvo blanco.<\/li>\n<li>Vidrios templados de baja emisividad.<\/li>\n<li>Luces LED de alta calidad en el interior.<\/li>\n<li>Controlador de temperatura digital -22 \u2103 ~ -18 \u2103<\/li>\n<li>Mangos de aleaci\u00f3n de aluminio.<\/li>\n<li>La capa aislante s\u00faper gruesa de 7,5 cm ofrece altas propiedades de aislamiento t\u00e9rmico, espuma de ciclopentano respetuosa con el medio ambiente.<\/li>\n<li>Ruedas resistentes<\/li>\n<li>Cesta de acero revestida incluida.<\/li>\n<li>Equipado con tira anticolisi\u00f3n<\/li>\n<\/ol>\n<div class=\"wptb-table-container wptb-table-6670\"><div class=\"wptb-table-container-matrix\" id=\"wptb-table-id-6670\" data-wptb-version=\"1.4.14\" data-wptb-pro-status=\"false\"><table class=\"wptb-preview-table wptb-element-main-table_setting-5987\" data-wptb-adaptive-table=\"0\" data-wptb-cells-width-auto-count=\"5\" data-wptb-table-tds-sum-max-width=\"798.6000000000001\" style=\"border-style: solid; border-width: 1px;\" data-table-columns=\"6\" data-reconstraction=\"1\" data-wptb-horizontal-scroll-status=\"false\" data-wptb-extra-styles=\"LyogRW50ZXIgeW91ciBjdXN0b20gQ1NTIHJ1bGVzIGhlcmUgKi8=\" role=\"table\"><tbody><tr class=\"wptb-row\"><td class=\"wptb-cell\" data-wptb-css-td-auto-width=\"true\" data-x-index=\"0\" data-y-index=\"0\" style=\"padding: 15px; border-style: solid; border-width: 1px;\"><div class=\"wptb-text-container wptb-ph-element wptb-element-text-1\"><div class=\"\" style=\"position: relative;\"><p>MODELO<\/p><\/div><\/div><\/td><td class=\"wptb-cell\" data-x-index=\"1\" data-y-index=\"0\" style=\"padding: 15px; border-style: solid; border-width: 1px; width: 113px;\"><div class=\"wptb-text-container wptb-ph-element wptb-element-text-2\"><div class=\"\" style=\"position: relative;\"><p>TAMA\u00d1O (mil\u00edmetros)<\/p><\/div><\/div><\/td><td class=\"wptb-cell\" data-wptb-css-td-auto-width=\"true\" data-x-index=\"2\" data-y-index=\"0\" style=\"padding: 15px; border-style: solid; border-width: 1px;\"><div class=\"wptb-text-container wptb-ph-element wptb-element-text-3\" style=\"color: rgb(74, 85, 104); font-size: 15px;\"><div class=\"\" style=\"position: relative;\"><p>ENFRIAMIENTO<\/p><\/div><\/div><\/td><td class=\"wptb-cell\" data-wptb-css-td-auto-width=\"true\" data-x-index=\"3\" data-y-index=\"0\" style=\"padding: 15px; border-style: solid; border-width: 1px;\"><div class=\"wptb-text-container wptb-ph-element wptb-element-text-4\" style=\"color: rgb(74, 85, 104); font-size: 15px;\"><div class=\"\" style=\"position: relative;\"><p>FORMA<\/p><p><\/p><\/div><\/div><\/td><td class=\"wptb-cell\" data-wptb-css-td-auto-width=\"true\" data-x-index=\"4\" data-y-index=\"0\" style=\"padding: 15px; border-style: solid; border-width: 1px;\"><div class=\"wptb-text-container wptb-ph-element wptb-element-text-5\"><div class=\"\" style=\"position: relative;\"><p>COLOR<\/p><\/div><\/div><\/td><td class=\"wptb-cell\" data-wptb-css-td-auto-width=\"true\" data-x-index=\"5\" data-y-index=\"0\" style=\"padding: 15px; border-style: solid; border-width: 1px;\"><div class=\"wptb-text-container wptb-ph-element wptb-element-text-6\" style=\"color: rgb(74, 85, 104); font-size: 15px;\"><div class=\"\" style=\"position: relative;\"><p>Temperatura<\/p><\/div><\/div><\/td><\/tr><tr class=\"wptb-row\" style=\"--hover-bg-color: undefined;\"><td class=\"wptb-cell\" data-wptb-css-td-auto-width=\"true\" data-x-index=\"0\" data-y-index=\"1\" style=\"padding: 15px; border-style: solid; border-width: 1px;\"><div class=\"wptb-text-container wptb-ph-element wptb-element-text-7\" style=\"color: rgb(74, 85, 104); font-size: 15px;\"><div class=\"\" style=\"position: relative;\"><p>IC-1260<\/p><\/div><\/div><\/td><td class=\"wptb-cell\" data-x-index=\"1\" data-y-index=\"1\" style=\"padding: 15px; border-style: solid; border-width: 1px; width: 113px;\"><div class=\"wptb-text-container wptb-ph-element wptb-element-text-8\" style=\"color: rgb(74, 85, 104); font-size: 15px;\"><div class=\"\" style=\"position: relative;\"><p>1260\u00d7815\u00d7835<\/p><\/div><\/div><\/td><td class=\"wptb-cell\" data-wptb-css-td-auto-width=\"true\" data-x-index=\"2\" data-y-index=\"1\" style=\"padding: 15px; border-style: solid; border-width: 1px;\"><div class=\"wptb-text-container wptb-ph-element wptb-element-text-9\" style=\"color: rgb(74, 85, 104); font-size: 15px;\"><div class=\"\" style=\"position: relative;\"><p>Enfriamiento est\u00e1tico<\/p><\/div><\/div><\/td><td class=\"wptb-cell\" data-wptb-css-td-auto-width=\"true\" data-x-index=\"3\" data-y-index=\"1\" style=\"padding: 15px; border-style: solid; border-width: 1px;\"><div class=\"wptb-text-container wptb-ph-element wptb-element-text-10\" style=\"color: rgb(74, 85, 104); font-size: 15px;\"><div class=\"\" style=\"position: relative;\"><p>Curvo<\/p><p><\/p><\/div><\/div><\/td><td class=\"wptb-cell\" data-wptb-css-td-auto-width=\"true\" data-x-index=\"4\" data-y-index=\"1\" style=\"padding: 15px; border-style: solid; border-width: 1px;\"><div class=\"wptb-text-container wptb-ph-element wptb-element-text-11\" style=\"color: rgb(74, 85, 104); font-size: 15px;\"><div class=\"\" style=\"position: relative;\"><p>Personalizado<\/p><\/div><\/div><\/td><td class=\"wptb-cell\" data-wptb-css-td-auto-width=\"true\" data-x-index=\"5\" data-y-index=\"1\" style=\"padding: 15px; border-style: solid; border-width: 1px;\"><div class=\"wptb-text-container wptb-ph-element wptb-element-text-12\" style=\"color: rgb(74, 85, 104); font-size: 15px;\"><div class=\"\" style=\"position: relative;\"><p>-22&#8451;~-18&#8451;<\/p><\/div><\/div><\/td><\/tr><tr class=\"wptb-row\" style=\"--hover-bg-color: undefined;\"><td class=\"wptb-cell\" data-wptb-css-td-auto-width=\"true\" data-x-index=\"0\" data-y-index=\"2\" style=\"padding: 15px; border-style: solid; border-width: 1px;\"><div class=\"wptb-text-container wptb-ph-element wptb-element-text-13\" style=\"color: rgb(74, 85, 104); font-size: 15px;\"><div class=\"\" style=\"position: relative;\"><p>IC-1865L<\/p><\/div><\/div><\/td><td class=\"wptb-cell\" data-x-index=\"1\" data-y-index=\"2\" style=\"padding: 15px; border-style: solid; border-width: 1px; width: 113px;\"><div class=\"wptb-text-container wptb-ph-element wptb-element-text-14\" style=\"color: rgb(74, 85, 104); font-size: 15px;\"><div class=\"\" style=\"position: relative;\"><p>1865\u00d7815\u00d7770<\/p><\/div><\/div><\/td><td class=\"wptb-cell\" data-wptb-css-td-auto-width=\"true\" data-x-index=\"2\" data-y-index=\"2\" style=\"padding: 15px; border-style: solid; border-width: 1px;\"><div class=\"wptb-text-container wptb-ph-element wptb-element-text-15\" style=\"color: rgb(74, 85, 104); font-size: 15px;\"><div class=\"\" style=\"position: relative;\"><p>Enfriamiento est\u00e1tico<\/p><\/div><\/div><\/td><td class=\"wptb-cell\" data-wptb-css-td-auto-width=\"true\" data-x-index=\"3\" data-y-index=\"2\" style=\"padding: 15px; border-style: solid; border-width: 1px;\"><div class=\"wptb-text-container wptb-ph-element wptb-element-text-16\" style=\"color: rgb(74, 85, 104); font-size: 15px;\"><div class=\"\" style=\"position: relative;\"><p>Curvo<\/p><\/div><\/div><\/td><td class=\"wptb-cell\" data-wptb-css-td-auto-width=\"true\" data-x-index=\"4\" data-y-index=\"2\" style=\"padding: 15px; border-style: solid; border-width: 1px;\"><div class=\"wptb-text-container wptb-ph-element wptb-element-text-39\" style=\"color: rgb(74, 85, 104); font-size: 15px;\"><div class=\"\" style=\"position: relative;\"><p>Personalizado<\/p><\/div><\/div><\/td><td class=\"wptb-cell\" data-wptb-css-td-auto-width=\"true\" data-x-index=\"5\" data-y-index=\"2\" style=\"padding: 15px; border-style: solid; border-width: 1px;\"><div class=\"wptb-text-container wptb-ph-element wptb-element-text-42\" style=\"color: rgb(74, 85, 104); font-size: 15px;\"><div class=\"\" style=\"position: relative;\"><p>-22&#8451;~-18&#8451;<\/p><\/div><\/div><\/td><\/tr><tr class=\"wptb-row\" style=\"--hover-bg-color: undefined;\"><td class=\"wptb-cell\" data-wptb-css-td-auto-width=\"true\" data-x-index=\"0\" data-y-index=\"3\" style=\"padding: 15px; border-style: solid; border-width: 1px;\"><div class=\"wptb-text-container wptb-ph-element wptb-element-text-19\" style=\"color: rgb(74, 85, 104); font-size: 15px;\"><div class=\"\" style=\"position: relative;\"><p>IC-1865<\/p><\/div><\/div><\/td><td class=\"wptb-cell\" data-x-index=\"1\" data-y-index=\"3\" style=\"padding: 15px; border-style: solid; border-width: 1px; width: 113px;\"><div class=\"wptb-text-container wptb-ph-element wptb-element-text-20\" style=\"color: rgb(74, 85, 104); font-size: 15px;\"><div class=\"\" style=\"position: relative;\"><p>1865\u00d7815\u00d7835<\/p><\/div><\/div><\/td><td class=\"wptb-cell\" data-wptb-css-td-auto-width=\"true\" data-x-index=\"2\" data-y-index=\"3\" style=\"padding: 15px; border-style: solid; border-width: 1px;\"><div class=\"wptb-text-container wptb-ph-element wptb-element-text-21\" style=\"color: rgb(74, 85, 104); font-size: 15px;\"><div class=\"\" style=\"position: relative;\"><p>Enfriamiento est\u00e1tico<\/p><\/div><\/div><\/td><td class=\"wptb-cell\" data-wptb-css-td-auto-width=\"true\" data-x-index=\"3\" data-y-index=\"3\" style=\"padding: 15px; border-style: solid; border-width: 1px;\"><div class=\"wptb-text-container wptb-ph-element wptb-element-text-22\" style=\"color: rgb(74, 85, 104); font-size: 15px;\"><div class=\"\" style=\"position: relative;\"><p>Curvo<\/p><\/div><\/div><\/td><td class=\"wptb-cell\" data-wptb-css-td-auto-width=\"true\" data-x-index=\"4\" data-y-index=\"3\" style=\"padding: 15px; border-style: solid; border-width: 1px;\"><div class=\"wptb-text-container wptb-ph-element wptb-element-text-41\" style=\"color: rgb(74, 85, 104); font-size: 15px;\"><div class=\"\" style=\"position: relative;\"><p>Personalizado<\/p><\/div><\/div><\/td><td class=\"wptb-cell\" data-wptb-css-td-auto-width=\"true\" data-x-index=\"5\" data-y-index=\"3\" style=\"padding: 15px; border-style: solid; border-width: 1px;\"><div class=\"wptb-text-container wptb-ph-element wptb-element-text-44\" style=\"color: rgb(74, 85, 104); font-size: 15px;\"><div class=\"\" style=\"position: relative;\"><p>-22&#8451;~-18&#8451;<\/p><\/div><\/div><\/td><\/tr><tr class=\"wptb-row\" style=\"--hover-bg-color: undefined;\"><td class=\"wptb-cell\" data-wptb-css-td-auto-width=\"true\" data-x-index=\"0\" data-y-index=\"4\" style=\"padding: 15px; border-style: solid; border-width: 1px;\"><div class=\"wptb-text-container wptb-ph-element wptb-element-text-25\" style=\"color: rgb(74, 85, 104); font-size: 15px;\"><div class=\"\" style=\"position: relative;\"><p>IC-2104<\/p><\/div><\/div><\/td><td class=\"wptb-cell\" data-x-index=\"1\" data-y-index=\"4\" style=\"padding: 15px; border-style: solid; border-width: 1px; width: 113px;\"><div class=\"wptb-text-container wptb-ph-element wptb-element-text-26\" style=\"color: rgb(74, 85, 104); font-size: 15px;\"><div class=\"\" style=\"position: relative;\"><p>2140\u00d7815\u00d7835<\/p><\/div><\/div><\/td><td class=\"wptb-cell\" data-wptb-css-td-auto-width=\"true\" data-x-index=\"2\" data-y-index=\"4\" style=\"padding: 15px; border-style: solid; border-width: 1px;\"><div class=\"wptb-text-container wptb-ph-element wptb-element-text-27\" style=\"color: rgb(74, 85, 104); font-size: 15px;\"><div class=\"\" style=\"position: relative;\"><p>Enfriamiento est\u00e1tico<\/p><\/div><\/div><\/td><td class=\"wptb-cell\" data-wptb-css-td-auto-width=\"true\" data-x-index=\"3\" data-y-index=\"4\" style=\"padding: 15px; border-style: solid; border-width: 1px;\"><div class=\"wptb-text-container wptb-ph-element wptb-element-text-28\" style=\"color: rgb(74, 85, 104); font-size: 15px;\"><div class=\"\" style=\"position: relative;\"><p>Curvo<\/p><\/div><\/div><\/td><td class=\"wptb-cell\" data-wptb-css-td-auto-width=\"true\" data-x-index=\"4\" data-y-index=\"4\" style=\"padding: 15px; border-style: solid; border-width: 1px;\"><div class=\"wptb-text-container wptb-ph-element wptb-element-text-40\" style=\"color: rgb(74, 85, 104); font-size: 15px;\"><div class=\"\" style=\"position: relative;\"><p>Personalizado<\/p><\/div><\/div><\/td><td class=\"wptb-cell\" data-wptb-css-td-auto-width=\"true\" data-x-index=\"5\" data-y-index=\"4\" style=\"padding: 15px; border-style: solid; border-width: 1px;\"><div class=\"wptb-text-container wptb-ph-element wptb-element-text-43\" style=\"color: rgb(74, 85, 104); font-size: 15px;\"><div class=\"\" style=\"position: relative;\"><p>-22&#8451;~-18&#8451;<\/p><\/div><\/div><\/td><\/tr><\/tbody><\/table><\/div><\/div>\n\n<p>&nbsp;<\/p>\n<p>&nbsp;<\/p>\n<p>&nbsp;<\/p>\n<p>&nbsp;<\/p>\n<p>&nbsp;<\/p>\n<p>&nbsp;<\/p>","protected":false},"excerpt":{"rendered":"<p>Ofrecemos opciones de impresi\u00f3n exterior personalizadas. Aplicaci\u00f3n: Supermercados, helader\u00edas, cafeter\u00edas y panader\u00edas, etc.<\/p>","protected":false},"featured_media":6672,"comment_status":"open","ping_status":"closed","template":"","meta":{"_seopress_robots_primary_cat":"none","_seopress_titles_title":"Ice Cream Chest Freezer %%sep%%China Manufacturer %%sep%%OEM Service","_seopress_titles_desc":"We offer customized exterior printing options, durable quality, steady temperature control -22\u2103~-18\u2103, over 10 years&#039; manufacturing experience. Sample is available","_seopress_robots_index":""},"product_cat":[142],"product_tag":[160],"_links":{"self":[{"href":"https:\/\/acenoxkitchenequipment.com\/es\/wp-json\/wp\/v2\/product\/6671"}],"collection":[{"href":"https:\/\/acenoxkitchenequipment.com\/es\/wp-json\/wp\/v2\/product"}],"about":[{"href":"https:\/\/acenoxkitchenequipment.com\/es\/wp-json\/wp\/v2\/types\/product"}],"replies":[{"embeddable":true,"href":"https:\/\/acenoxkitchenequipment.com\/es\/wp-json\/wp\/v2\/comments?post=6671"}],"version-history":[{"count":0,"href":"https:\/\/acenoxkitchenequipment.com\/es\/wp-json\/wp\/v2\/product\/6671\/revisions"}],"wp:featuredmedia":[{"embeddable":true,"href":"https:\/\/acenoxkitchenequipment.com\/es\/wp-json\/wp\/v2\/media\/6672"}],"wp:attachment":[{"href":"https:\/\/acenoxkitchenequipment.com\/es\/wp-json\/wp\/v2\/media?parent=6671"}],"wp:term":[{"taxonomy":"product_cat","embeddable":true,"href":"https:\/\/acenoxkitchenequipment.com\/es\/wp-json\/wp\/v2\/product_cat?post=6671"},{"taxonomy":"product_tag","embeddable":true,"href":"https:\/\/acenoxkitchenequipment.com\/es\/wp-json\/wp\/v2\/product_tag?post=6671"}],"curies":[{"name":"wp","href":"https:\/\/api.w.org\/{rel}","templated":true}]}}