{"id":4727,"date":"2023-04-12T10:08:25","date_gmt":"2023-04-12T02:08:25","guid":{"rendered":"https:\/\/acenoxkitchenequipment.com\/?post_type=product&#038;p=4727"},"modified":"2023-10-18T20:35:40","modified_gmt":"2023-10-18T12:35:40","slug":"refrigerated-display-counter-white-color","status":"publish","type":"product","link":"https:\/\/acenoxkitchenequipment.com\/es\/producto\/refrigerated-display-counter-white-color\/","title":{"rendered":"Mostrador Expositor Refrigerado color blanco"},"content":{"rendered":"<h3>Mostrador Expositor Refrigerado color blanco<\/h3>\n<p><strong>Caracter\u00edsticas:<\/strong><\/p>\n<p>El mostrador de exhibici\u00f3n refrigerado se usa ampliamente en cafeter\u00edas, tiendas de alimentos, panader\u00edas para presentar s\u00e1ndwiches y pasteles, etc. Podemos personalizar la forma y el color.<\/p>\n<p>Las gafas curvas lucen hermosas y elegantes. El color del acero inoxidable se puede personalizar, como el color dorado, el color negro, el color dorado rosa, etc.<\/p>\n<ol>\n<li><strong>Compresor:<\/strong> Compresor Embraco o marca Donper para elegir (R134a\/R290)<\/li>\n<li><strong>Controlador de temperatura:<\/strong> Italia marca Dixell o Carel<\/li>\n<li><strong>S\u00f3tano:<\/strong> Acero pintado, color blanco.<\/li>\n<li><strong>Anteojos:<\/strong> Gafas avanzadas de baja emisividad con desempa\u00f1amiento autom\u00e1tico<\/li>\n<li>Vidrio templado hueco de doble capa (vidrio Low-E), a prueba de explosiones<\/li>\n<li><strong>Otros elementos:<\/strong> Condensado y evaporador completamente cup\u00e9reos.<\/li>\n<li><strong>Estantes:<\/strong> estantes de acero cromado<\/li>\n<li><strong>Puertas:<\/strong> Dos puertas corredizas de vidrio antivaho con buena propiedad de sellado.<\/li>\n<li><strong>Luz:<\/strong> Luz LED blanca c\u00e1lida o fr\u00eda para elegir.<\/li>\n<\/ol>\n<p>Haga clic en las especificaciones para comprobar los distintos tama\u00f1os.<\/p>\n<p>Aviso: Entorno aplicable: Temperatura ambiente inferior a 32 \u2103<\/p>\n<p>&nbsp;<\/p>\n<p>&nbsp;<\/p>\n<p>&nbsp;<\/p>\n<p>&nbsp;<\/p>\n<p>&nbsp;<\/p>\n<p>&nbsp;<\/p>","protected":false},"excerpt":{"rendered":"<p>Dise\u00f1ado y fabricado en f\u00e1brica, refrigeraci\u00f3n ventilada, materiales de acero inoxidable, gafas antivaho, forma y color que podemos personalizar. este es un modelo elegante ahora<\/p>","protected":false},"featured_media":5429,"comment_status":"open","ping_status":"closed","template":"","meta":{"_seopress_robots_primary_cat":"none","_seopress_titles_title":"","_seopress_titles_desc":"","_seopress_robots_index":""},"product_cat":[59],"product_tag":[137],"_links":{"self":[{"href":"https:\/\/acenoxkitchenequipment.com\/es\/wp-json\/wp\/v2\/product\/4727"}],"collection":[{"href":"https:\/\/acenoxkitchenequipment.com\/es\/wp-json\/wp\/v2\/product"}],"about":[{"href":"https:\/\/acenoxkitchenequipment.com\/es\/wp-json\/wp\/v2\/types\/product"}],"replies":[{"embeddable":true,"href":"https:\/\/acenoxkitchenequipment.com\/es\/wp-json\/wp\/v2\/comments?post=4727"}],"version-history":[{"count":0,"href":"https:\/\/acenoxkitchenequipment.com\/es\/wp-json\/wp\/v2\/product\/4727\/revisions"}],"wp:featuredmedia":[{"embeddable":true,"href":"https:\/\/acenoxkitchenequipment.com\/es\/wp-json\/wp\/v2\/media\/5429"}],"wp:attachment":[{"href":"https:\/\/acenoxkitchenequipment.com\/es\/wp-json\/wp\/v2\/media?parent=4727"}],"wp:term":[{"taxonomy":"product_cat","embeddable":true,"href":"https:\/\/acenoxkitchenequipment.com\/es\/wp-json\/wp\/v2\/product_cat?post=4727"},{"taxonomy":"product_tag","embeddable":true,"href":"https:\/\/acenoxkitchenequipment.com\/es\/wp-json\/wp\/v2\/product_tag?post=4727"}],"curies":[{"name":"wp","href":"https:\/\/api.w.org\/{rel}","templated":true}]}}