{"id":4723,"date":"2023-04-11T14:23:04","date_gmt":"2023-04-11T06:23:04","guid":{"rendered":"https:\/\/acenoxkitchenequipment.com\/?post_type=product&#038;p=4723"},"modified":"2024-01-29T21:34:13","modified_gmt":"2024-01-29T13:34:13","slug":"counter-top-cake-display-fridge","status":"publish","type":"product","link":"https:\/\/acenoxkitchenequipment.com\/es\/producto\/counter-top-cake-display-fridge\/","title":{"rendered":"Refrigerador con exhibici\u00f3n de pasteles en la encimera"},"content":{"rendered":"<h3>Refrigerador para exhibici\u00f3n de pasteles en la encimera<\/h3>\n<p>Este refrigerador para exhibici\u00f3n de pasteles es una opci\u00f3n multiuso para empresas; su tama\u00f1o peque\u00f1o permite que las empresas lo guarden en una encimera o mesa. ayuda a conservar refrescos, dulces, bebidas e incluso cosm\u00e9ticos. Simplemente el frigor\u00edfico es la forma de mostrar c\u00f3mo est\u00e1 organizado tu negocio. Adem\u00e1s, esta organizaci\u00f3n hace que todos los productos sean m\u00e1s atractivos para los compradores.<\/p>\n<p>La funci\u00f3n principal del frigor\u00edfico de encimera es mejorar la visibilidad de todos los productos. De esta forma, se mejora la experiencia de compra de todos los clientes. Como resultado, la industria alimentaria convierte m\u00e1s clientes potenciales en ventas potenciales. Con una exhibici\u00f3n de productos m\u00e1s atractiva, las empresas pueden atraer m\u00e1s clientes.<\/p>\n<p>Es el modelo m\u00e1s nuevo actualmente, junta de gafas en \u00e1ngulo recto, se ve elegante. El color del acero inoxidable se puede personalizar.<\/p>\n<h3><strong>Caracter\u00edsticas del refrigerador con exhibici\u00f3n de pasteles en la encimera:<\/strong><\/h3>\n<ol>\n<li><strong>Compresor:<\/strong> Compresor Embraco o marca Donper para elegir (R134a\/R290)<\/li>\n<li><strong>Controlador de temperatura:<\/strong> Italia marca Dixell o Carel<\/li>\n<li><strong>S\u00f3tano:<\/strong> S\u00f3tano de acero inoxidable 430 \/ acero inoxidable 201 con espuma de ciclopentano integral en el interior, color negro<\/li>\n<li><strong>Anteojos:<\/strong> Gafas avanzadas de baja emisividad con desempa\u00f1amiento autom\u00e1tico<\/li>\n<li>Vidrio templado hueco de doble capa (vidrio Low-E), a prueba de explosiones<\/li>\n<li><strong>Otros elementos:<\/strong> Condensado y evaporador completamente cup\u00e9reos.<\/li>\n<li><strong>Estantes:<\/strong> Tres estantes Layer completamente de acero inoxidable + aluminio<\/li>\n<li><strong>Puertas:<\/strong> Dos puertas corredizas de vidrio antivaho con buena propiedad de sellado.<\/li>\n<li><strong>Luz:<\/strong> Luz LED blanca c\u00e1lida o fr\u00eda para elegir.<\/li>\n<\/ol>\n<p>Haga clic en las especificaciones para comprobar los distintos tama\u00f1os.<\/p>\n<p>Entorno aplicable: Temperatura ambiente inferior a 35 \u2103<\/p>\n<h4><strong>Ventajas:<\/strong><\/h4>\n<p>Los productos de f\u00e1cil acceso y listos para comer atraen a m\u00e1s clientes. La visibilidad del producto y este frigor\u00edfico sobre encimera tambi\u00e9n mejoran la imagen de tu marca. Le ayudar\u00e1 a dejar una impresi\u00f3n positiva en los clientes y, en \u00faltima instancia, mejorar las ventas.<\/p>\n<p>Las puertas y estantes de cristal de este frigor\u00edfico ayudan a los clientes a ver todos los productos desde el exterior. As\u00ed se hacen una idea de lo que tienen que comprar. Nunca debes descuidar esta soluci\u00f3n para construir relaciones con los clientes.<\/p>\n<p>&nbsp;<\/p>\n<p>&nbsp;<\/p>\n<p>&nbsp;<\/p>\n<p>&nbsp;<\/p>\n<p>&nbsp;<\/p>","protected":false},"excerpt":{"rendered":"<p>Los refrigeradores con exhibici\u00f3n de pasteles en la parte superior son compactos y se pueden colocar en encimeras o superficies m\u00e1s peque\u00f1as, maximizando la utilizaci\u00f3n del espacio. El tama\u00f1o m\u00e1s peque\u00f1o los convierte en una opci\u00f3n rentable para empresas con limitaciones presupuestarias.<\/p>","protected":false},"featured_media":7722,"comment_status":"open","ping_status":"closed","template":"","meta":{"_seopress_robots_primary_cat":"none","_seopress_titles_title":"Countertop Cake Display Fridge %%sep%%Small Cake Display Fridge","_seopress_titles_desc":"Counter Top Cake Display Fridges are compact and can be placed on countertops or smaller surfaces, space utilization maximized and cost-effective. Factory Supply","_seopress_robots_index":""},"product_cat":[59],"product_tag":[138],"_links":{"self":[{"href":"https:\/\/acenoxkitchenequipment.com\/es\/wp-json\/wp\/v2\/product\/4723"}],"collection":[{"href":"https:\/\/acenoxkitchenequipment.com\/es\/wp-json\/wp\/v2\/product"}],"about":[{"href":"https:\/\/acenoxkitchenequipment.com\/es\/wp-json\/wp\/v2\/types\/product"}],"replies":[{"embeddable":true,"href":"https:\/\/acenoxkitchenequipment.com\/es\/wp-json\/wp\/v2\/comments?post=4723"}],"version-history":[{"count":0,"href":"https:\/\/acenoxkitchenequipment.com\/es\/wp-json\/wp\/v2\/product\/4723\/revisions"}],"wp:featuredmedia":[{"embeddable":true,"href":"https:\/\/acenoxkitchenequipment.com\/es\/wp-json\/wp\/v2\/media\/7722"}],"wp:attachment":[{"href":"https:\/\/acenoxkitchenequipment.com\/es\/wp-json\/wp\/v2\/media?parent=4723"}],"wp:term":[{"taxonomy":"product_cat","embeddable":true,"href":"https:\/\/acenoxkitchenequipment.com\/es\/wp-json\/wp\/v2\/product_cat?post=4723"},{"taxonomy":"product_tag","embeddable":true,"href":"https:\/\/acenoxkitchenequipment.com\/es\/wp-json\/wp\/v2\/product_tag?post=4723"}],"curies":[{"name":"wp","href":"https:\/\/api.w.org\/{rel}","templated":true}]}}