{"id":4717,"date":"2023-03-26T17:41:29","date_gmt":"2023-03-26T09:41:29","guid":{"rendered":"https:\/\/acenoxkitchenequipment.com\/?post_type=product&#038;p=4717"},"modified":"2023-10-18T20:37:06","modified_gmt":"2023-10-18T12:37:06","slug":"refrigerated-pastry-cabinet-golden-color","status":"publish","type":"product","link":"https:\/\/acenoxkitchenequipment.com\/es\/producto\/refrigerated-pastry-cabinet-golden-color\/","title":{"rendered":"Mueble Pastelero Refrigerado Color Dorado"},"content":{"rendered":"<h3>Vitrina refrigerada de pasteler\u00eda color dorado<\/h3>\n<p><strong>Caracter\u00edsticas:<\/strong><\/p>\n<p>S\u00f3tano de acero inoxidable color dorado.<\/p>\n<p>Este gabinete de pasteler\u00eda es el modelo m\u00e1s nuevo actualmente, junta de vasos en \u00e1ngulo recto, se ve elegante. El color del acero inoxidable se puede personalizar.<\/p>\n<ol>\n<li><strong>Compresor:<\/strong> Compresor Embraco o marca Donper para elegir (R134a\/R290)<\/li>\n<li><strong>Controlador de temperatura:<\/strong> Italia marca Dixell o Carel<\/li>\n<li><strong>S\u00f3tano:<\/strong> S\u00f3tano de acero inoxidable 430 \/ acero inoxidable 201 con espuma de ciclopentano integral en el interior, color negro<\/li>\n<li><strong>Anteojos:<\/strong> Gafas avanzadas de baja emisividad con desempa\u00f1amiento autom\u00e1tico<\/li>\n<li>Vidrio templado hueco de doble capa (vidrio Low-E), a prueba de explosiones<\/li>\n<li><strong>Otros elementos:<\/strong> Condensado y evaporador completamente cup\u00e9reos.<\/li>\n<li><strong>Estantes:<\/strong> Tres estantes Layer completamente de acero inoxidable + aluminio<\/li>\n<li><strong>Puertas:<\/strong> Dos puertas corredizas de vidrio antivaho con buena propiedad de sellado.<\/li>\n<li><strong>Luz:<\/strong> Luz LED blanca c\u00e1lida o fr\u00eda para elegir.<\/li>\n<\/ol>\n<p>Haga clic en las especificaciones para comprobar los distintos tama\u00f1os.<\/p>\n<p>Aviso: Entorno aplicable: Temperatura ambiente inferior a 32 \u2103<\/p>\n<p>&nbsp;<\/p>\n<p>&nbsp;<\/p>\n<p>&nbsp;<\/p>\n<p>&nbsp;<\/p>\n<p>&nbsp;<\/p>\n<p>&nbsp;<\/p>\n<p>&nbsp;<\/p>","protected":false},"excerpt":{"rendered":"<p>Gabinete de pasteler\u00eda refrigerado con enfriamiento por ventilador, con alto volumen de exhibici\u00f3n, vidrios antivaho, la espuma del s\u00f3tano est\u00e1 hecha con un molde con buen sellado, lo que puede mantener el aire fr\u00edo circulando en el interior y reducir la p\u00e9rdida de energ\u00eda.<\/p>","protected":false},"featured_media":6026,"comment_status":"open","ping_status":"closed","template":"","meta":{"_seopress_robots_primary_cat":"none","_seopress_titles_title":"","_seopress_titles_desc":"Fan cooling Refrigerated Pastry Cabinet &amp; case, with high display volume, anti-fog glasses, basement foaming is made by mould with good sealing","_seopress_robots_index":""},"product_cat":[59],"product_tag":[51],"_links":{"self":[{"href":"https:\/\/acenoxkitchenequipment.com\/es\/wp-json\/wp\/v2\/product\/4717"}],"collection":[{"href":"https:\/\/acenoxkitchenequipment.com\/es\/wp-json\/wp\/v2\/product"}],"about":[{"href":"https:\/\/acenoxkitchenequipment.com\/es\/wp-json\/wp\/v2\/types\/product"}],"replies":[{"embeddable":true,"href":"https:\/\/acenoxkitchenequipment.com\/es\/wp-json\/wp\/v2\/comments?post=4717"}],"version-history":[{"count":0,"href":"https:\/\/acenoxkitchenequipment.com\/es\/wp-json\/wp\/v2\/product\/4717\/revisions"}],"wp:featuredmedia":[{"embeddable":true,"href":"https:\/\/acenoxkitchenequipment.com\/es\/wp-json\/wp\/v2\/media\/6026"}],"wp:attachment":[{"href":"https:\/\/acenoxkitchenequipment.com\/es\/wp-json\/wp\/v2\/media?parent=4717"}],"wp:term":[{"taxonomy":"product_cat","embeddable":true,"href":"https:\/\/acenoxkitchenequipment.com\/es\/wp-json\/wp\/v2\/product_cat?post=4717"},{"taxonomy":"product_tag","embeddable":true,"href":"https:\/\/acenoxkitchenequipment.com\/es\/wp-json\/wp\/v2\/product_tag?post=4717"}],"curies":[{"name":"wp","href":"https:\/\/api.w.org\/{rel}","templated":true}]}}