{"id":4603,"date":"2023-01-24T17:17:55","date_gmt":"2023-01-24T09:17:55","guid":{"rendered":"https:\/\/acenoxkitchenequipment.com\/?post_type=product&#038;p=4603"},"modified":"2023-05-31T16:52:17","modified_gmt":"2023-05-31T08:52:17","slug":"knee-operated-hand-wash-sink","status":"publish","type":"product","link":"https:\/\/acenoxkitchenequipment.com\/es\/producto\/knee-operated-hand-wash-sink\/","title":{"rendered":"Lavamanos de rodilla con grifo cromado"},"content":{"rendered":"<p><strong><b>Caracter\u00edsticas:<\/b><\/strong><\/p>\n<p>Fabricado completamente en acero inoxidable. Este lavamanos de rodilla presenta una alta higiene, ocupa poco espacio con un respaldo alto y tiene las manos libres.<\/p>\n<p>Los lavabos son modulares sin cicatrices de soldadura, buena apariencia.<\/p>\n<p>Forma rectangular, el acero inoxidable 304 es la mejor opci\u00f3n, 0,8 mm de espesor.<\/p>\n<p>Hay varias calidades diferentes de grifos para elegir. La altura del protector contra salpicaduras se puede personalizar.<\/p>\n<p><strong><b>Especificaci\u00f3n:<\/b><\/strong><br \/>\nMaterial: acero inoxidable 304 y 201 a elegir.<br \/>\nDimensi\u00f3n (largo\/ancho\/alto): 400\u00d7340\u00d7(200+384)mm<br \/>\nOperaci\u00f3n: operaci\u00f3n de rodilla<\/p>\n<p><strong><b>El paquete incluye:<\/b><\/strong><br \/>\n1x fregadero<br \/>\n1x soporte de pared<\/p>\n<p>1x v\u00e1lvula mezcladora mec\u00e1nica<br \/>\n1x manguera<br \/>\n1x drenaje inoxidable y tubo de pl\u00e1stico<br \/>\n1x v\u00e1lvula mezcladora mec\u00e1nica<\/p>\n<p>1x grifo cromado, n\u00facleo de v\u00e1lvula de lat\u00f3n<\/p>\n<p><strong><b>Otras opciones: <\/b><\/strong>Dispensador de jab\u00f3n y caja de pa\u00f1uelos de acero 304.<\/p>\n<p>&nbsp;<\/p>","protected":false},"excerpt":{"rendered":"<p>El tama\u00f1o es variable, la forma tambi\u00e9n lo es. El tama\u00f1o personalizado est\u00e1 disponible.<\/p>","protected":false},"featured_media":5405,"comment_status":"closed","ping_status":"closed","template":"","meta":{"_seopress_robots_primary_cat":"none","_seopress_titles_title":"","_seopress_titles_desc":"Stainless Steel 304 is the better choice,0.8mm thick. There&#039;re several different taps for choice. Height of back splash could be customized.MOQ: 5pcs.","_seopress_robots_index":""},"product_cat":[53],"product_tag":[146],"_links":{"self":[{"href":"https:\/\/acenoxkitchenequipment.com\/es\/wp-json\/wp\/v2\/product\/4603"}],"collection":[{"href":"https:\/\/acenoxkitchenequipment.com\/es\/wp-json\/wp\/v2\/product"}],"about":[{"href":"https:\/\/acenoxkitchenequipment.com\/es\/wp-json\/wp\/v2\/types\/product"}],"replies":[{"embeddable":true,"href":"https:\/\/acenoxkitchenequipment.com\/es\/wp-json\/wp\/v2\/comments?post=4603"}],"version-history":[{"count":0,"href":"https:\/\/acenoxkitchenequipment.com\/es\/wp-json\/wp\/v2\/product\/4603\/revisions"}],"wp:featuredmedia":[{"embeddable":true,"href":"https:\/\/acenoxkitchenequipment.com\/es\/wp-json\/wp\/v2\/media\/5405"}],"wp:attachment":[{"href":"https:\/\/acenoxkitchenequipment.com\/es\/wp-json\/wp\/v2\/media?parent=4603"}],"wp:term":[{"taxonomy":"product_cat","embeddable":true,"href":"https:\/\/acenoxkitchenequipment.com\/es\/wp-json\/wp\/v2\/product_cat?post=4603"},{"taxonomy":"product_tag","embeddable":true,"href":"https:\/\/acenoxkitchenequipment.com\/es\/wp-json\/wp\/v2\/product_tag?post=4603"}],"curies":[{"name":"wp","href":"https:\/\/api.w.org\/{rel}","templated":true}]}}