{"id":3965,"date":"2023-01-04T19:52:06","date_gmt":"2023-01-04T11:52:06","guid":{"rendered":"https:\/\/acenoxkitchenequipment.com\/?post_type=product&#038;p=3965"},"modified":"2024-03-07T17:18:57","modified_gmt":"2024-03-07T09:18:57","slug":"commercial-display-refrigerator-with-single-glass-door-2","status":"publish","type":"product","link":"https:\/\/acenoxkitchenequipment.com\/es\/producto\/commercial-display-refrigerator-with-single-glass-door-2\/","title":{"rendered":"Refrigerador con puerta de vidrio y puerta simple"},"content":{"rendered":"<p><strong>Refrigerador comercial con puertas de vidrio simples, puertas con bisagras y buen sellado<\/strong><\/p>\n<p><strong>Caracter\u00edsticas:<\/strong><\/p>\n<p>Modelo: VGD-1B<\/p>\n<p>\u25a0 Color: Negro<\/p>\n<p>\u25a0 Tama\u00f1o: 620 mm \u00d7 635 mm \u00d7 1995 mm<\/p>\n<p>\u25a0 Materiales: Acero pintado<\/p>\n<p>\u25a0 Gafas Low-E, doble capa a prueba de explosiones<\/p>\n<p>\u25a0 220V\/50Hz, +2\u2103~+8\u2103,<\/p>\n<p>\u25a0 Refrigeraci\u00f3n ventilada, compresor Donper\/compresor Embraco<\/p>\n<p>\u25a0 Interior con estantes recubiertos de PVC de cuatro capas.<\/p>\n<p>\u25a0 Controlador de temperatura marca Hongke (china)\/marca Italia Carel<\/p>\n<p>\u25a0 Ruedas silenciosas, dos con frenos<\/p>\n<p>\u25a0 Banda de l\u00e1mpara LED incluida<\/p>\n<p>\u25a0 Aplicaci\u00f3n: temperatura\u226432\u2103, humedad inferior a 65%, no habr\u00e1 niebla<\/p>\n<p>Con una configuraci\u00f3n diferente, el costo ser\u00e1 muy diferente.<\/p>\n<p>&nbsp;<\/p>\n<p>&nbsp;<\/p>","protected":false},"excerpt":{"rendered":"<p>Se utiliza para exhibir bebidas fr\u00edas, osos, etc. Tenga en cuenta que el tama\u00f1o y la forma se pueden personalizar, el logotipo de su empresa se puede imprimir en papel publicitario para colocarlo en la parte superior del enfriador.<\/p>","protected":false},"featured_media":9011,"comment_status":"open","ping_status":"closed","template":"","meta":{"_seopress_robots_primary_cat":"none","_seopress_titles_title":"Glass Door Refrigerator Suppliers %%sep%%Commercial Glass refrigerators","_seopress_titles_desc":"We manufacture various glass door commercial refrigerators, It is used to display Cold Beverages, Bear, etc. Explore cost-effective refrigeration solutions.","_seopress_robots_index":""},"product_cat":[60],"product_tag":[258],"_links":{"self":[{"href":"https:\/\/acenoxkitchenequipment.com\/es\/wp-json\/wp\/v2\/product\/3965"}],"collection":[{"href":"https:\/\/acenoxkitchenequipment.com\/es\/wp-json\/wp\/v2\/product"}],"about":[{"href":"https:\/\/acenoxkitchenequipment.com\/es\/wp-json\/wp\/v2\/types\/product"}],"replies":[{"embeddable":true,"href":"https:\/\/acenoxkitchenequipment.com\/es\/wp-json\/wp\/v2\/comments?post=3965"}],"version-history":[{"count":0,"href":"https:\/\/acenoxkitchenequipment.com\/es\/wp-json\/wp\/v2\/product\/3965\/revisions"}],"wp:featuredmedia":[{"embeddable":true,"href":"https:\/\/acenoxkitchenequipment.com\/es\/wp-json\/wp\/v2\/media\/9011"}],"wp:attachment":[{"href":"https:\/\/acenoxkitchenequipment.com\/es\/wp-json\/wp\/v2\/media?parent=3965"}],"wp:term":[{"taxonomy":"product_cat","embeddable":true,"href":"https:\/\/acenoxkitchenequipment.com\/es\/wp-json\/wp\/v2\/product_cat?post=3965"},{"taxonomy":"product_tag","embeddable":true,"href":"https:\/\/acenoxkitchenequipment.com\/es\/wp-json\/wp\/v2\/product_tag?post=3965"}],"curies":[{"name":"wp","href":"https:\/\/api.w.org\/{rel}","templated":true}]}}