{"id":3964,"date":"2023-01-04T19:17:12","date_gmt":"2023-01-04T11:17:12","guid":{"rendered":"https:\/\/acenoxkitchenequipment.com\/?post_type=product&#038;p=3964"},"modified":"2024-03-21T18:21:33","modified_gmt":"2024-03-21T10:21:33","slug":"commercial-display-refrigerator-with-single-glass-door","status":"publish","type":"product","link":"https:\/\/acenoxkitchenequipment.com\/es\/producto\/commercial-display-refrigerator-with-single-glass-door\/","title":{"rendered":"Nevera expositora de bebidas con puerta de cristal simple"},"content":{"rendered":"<h3>Refrigerador y refrigerador con exhibici\u00f3n de bebidas con puerta de vidrio simple<\/h3>\n<p>El dise\u00f1o simple pero elegante de este refrigerador con una sola puerta de vidrio es popular en muchos pa\u00edses como Europa, Australia y Malasia, etc. Se utiliza para exhibir bebidas fr\u00edas, cerveza, etc. Tenga en cuenta que el tama\u00f1o y la forma se pueden personalizar, su empresa Se puede imprimir una pegatina publicitaria con el logotipo para colocarla en la parte superior del refrigerador.<\/p>\n<p><strong>Caracter\u00edsticas:<\/strong><\/p>\n<p>Modelo: VGD-1B<\/p>\n<p>\u25a0Marco de puertas de aleaci\u00f3n de aluminio, superficie cepillada; s\u00f3tano de acero revestido<\/p>\n<p>\u25a0 Puertas de cierre autom\u00e1tico con buen sellado, vidrios de baja emisividad, doble capa a prueba de explosiones<\/p>\n<p>\u25a0220V\/50Hz, +2\u2103~+8\u2103<\/p>\n<p>\u25a0Controlador de temperatura digital de marca de alta calidad<\/p>\n<p>\u25a0Enfriamiento ventilado, compresor Donper, compresor R290\/Embraco<\/p>\n<p>\u25a0Interior con estantes con revestimiento de PVC de cuatro capas.<\/p>\n<p>\u25a0 Ruedas silenciosas, dos con frenos<\/p>\n<p>\u25a0 Incluye banda de l\u00e1mpara LED brillante<\/p>\n<p>\u25a0 Descongelaci\u00f3n autom\u00e1tica<\/p>\n<p>\u25a0 Aplicaci\u00f3n: temperatura\u226432\u2103, humedad inferior a 65%<\/p>\n<p>&nbsp;<\/p>\n<p>&nbsp;<\/p>","protected":false},"excerpt":{"rendered":"<p>Este refrigerador expositor de una sola puerta se utiliza normalmente para exhibir bebidas fr\u00edas, cerveza, agua, etc.<\/p>","protected":false},"featured_media":9020,"comment_status":"open","ping_status":"closed","template":"","meta":{"_seopress_robots_primary_cat":"none","_seopress_titles_title":"Drinks Display Fridge Refrigerator For Grocery Stores ","_seopress_titles_desc":"Produced by the reliable manufacturer of Acenox, who specialize in producing drinks fridges and all kinds of chillers and freezers, single door and double doors.","_seopress_robots_index":""},"product_cat":[60],"product_tag":[262],"_links":{"self":[{"href":"https:\/\/acenoxkitchenequipment.com\/es\/wp-json\/wp\/v2\/product\/3964"}],"collection":[{"href":"https:\/\/acenoxkitchenequipment.com\/es\/wp-json\/wp\/v2\/product"}],"about":[{"href":"https:\/\/acenoxkitchenequipment.com\/es\/wp-json\/wp\/v2\/types\/product"}],"replies":[{"embeddable":true,"href":"https:\/\/acenoxkitchenequipment.com\/es\/wp-json\/wp\/v2\/comments?post=3964"}],"version-history":[{"count":0,"href":"https:\/\/acenoxkitchenequipment.com\/es\/wp-json\/wp\/v2\/product\/3964\/revisions"}],"wp:featuredmedia":[{"embeddable":true,"href":"https:\/\/acenoxkitchenequipment.com\/es\/wp-json\/wp\/v2\/media\/9020"}],"wp:attachment":[{"href":"https:\/\/acenoxkitchenequipment.com\/es\/wp-json\/wp\/v2\/media?parent=3964"}],"wp:term":[{"taxonomy":"product_cat","embeddable":true,"href":"https:\/\/acenoxkitchenequipment.com\/es\/wp-json\/wp\/v2\/product_cat?post=3964"},{"taxonomy":"product_tag","embeddable":true,"href":"https:\/\/acenoxkitchenequipment.com\/es\/wp-json\/wp\/v2\/product_tag?post=3964"}],"curies":[{"name":"wp","href":"https:\/\/api.w.org\/{rel}","templated":true}]}}