{"id":3953,"date":"2023-01-04T17:07:14","date_gmt":"2023-01-04T09:07:14","guid":{"rendered":"https:\/\/acenoxkitchenequipment.com\/?post_type=product&#038;p=3953"},"modified":"2024-03-09T16:55:12","modified_gmt":"2024-03-09T08:55:12","slug":"commercial-glass-door-display-chiller","status":"publish","type":"product","link":"https:\/\/acenoxkitchenequipment.com\/es\/producto\/commercial-glass-door-display-chiller\/","title":{"rendered":"Puerta de cristal del enfriador de exhibici\u00f3n"},"content":{"rendered":"<h3>Enfriador de exhibici\u00f3n<\/h3>\n<p>Este enfriador de exhibici\u00f3n con puerta de vidrio modelo vertical se usa com\u00fanmente en diversos entornos comerciales con fines de refrigeraci\u00f3n y exhibici\u00f3n.<\/p>\n<p><strong>Caracter\u00edsticas:<\/strong><\/p>\n<p>Modelo: VGD-3W<\/p>\n<p>\u25a0 Materiales: Acero pintado, Marco de puerta de aluminio.<\/p>\n<p>\u25a0 Tama\u00f1o: 1880 mm \u00d7 735 mm \u00d7 2090 mm<\/p>\n<p>\u25a0 Puertas de cierre autom\u00e1tico, doble capa a prueba de explosi\u00f3n de vidrios Low-E<\/p>\n<p>\u25a0 220 V\/50 Hz, +2 \u2103 ~ +8 \u2103<\/p>\n<p>\u25a0 Refrigeraci\u00f3n ventilada, compresor Donper\/compresor Embraco<\/p>\n<p>\u25a0 Interior con estantes recubiertos de PVC de cuatro capas.<\/p>\n<p>\u25a0 Controlador de temperatura digital de marca, que proporciona ajustes de temperatura precisos, lo que permite un control m\u00e1s preciso de la temperatura dentro del refrigerador. Esto es crucial para mantener las condiciones \u00f3ptimas para almacenar bebidas o alimentos.<\/p>\n<p>\u25a0 Ruedas silenciosas, dos con frenos<\/p>\n<p>\u25a0 Cada puerta tiene dos tiras de luz LED verticales para iluminar excelentemente la mercanc\u00eda.<\/p>\n<p>\u25a0 S\u00f3tano de acero revestido, costo econ\u00f3mico pero calidad duradera<\/p>\n<p>\u25a0 Aplicaci\u00f3n: temperatura\u226432\u2103, humedad inferior a 65%<\/p>\n<p>Aviso: Entorno aplicable: Temperatura ambiente inferior a 32 \u2103<\/p>\n<p>&nbsp;<\/p>","protected":false},"excerpt":{"rendered":"<p>Este enfriador de exhibici\u00f3n vertical tiene tres puertas de vidrio y el color puede ser blanco, negro u otros colores personalizados. Tama\u00f1o ideal para exhibir bebidas fr\u00edas, cerveza, etc. El logotipo de su marca y la etiqueta publicitaria se pueden imprimir para colocar en la parte superior del enfriador.<\/p>","protected":false},"featured_media":9036,"comment_status":"open","ping_status":"closed","template":"","meta":{"_seopress_robots_primary_cat":"none","_seopress_titles_title":"Display Chiller Manufacturer %%sep%%Glass Door Chiller","_seopress_titles_desc":"A perfect display chiller in retail establishments, including supermarkets, grocery stores, and convenience stores. Order in bulk for exclusive discounts.","_seopress_robots_index":""},"product_cat":[60],"product_tag":[135],"_links":{"self":[{"href":"https:\/\/acenoxkitchenequipment.com\/es\/wp-json\/wp\/v2\/product\/3953"}],"collection":[{"href":"https:\/\/acenoxkitchenequipment.com\/es\/wp-json\/wp\/v2\/product"}],"about":[{"href":"https:\/\/acenoxkitchenequipment.com\/es\/wp-json\/wp\/v2\/types\/product"}],"replies":[{"embeddable":true,"href":"https:\/\/acenoxkitchenequipment.com\/es\/wp-json\/wp\/v2\/comments?post=3953"}],"version-history":[{"count":0,"href":"https:\/\/acenoxkitchenequipment.com\/es\/wp-json\/wp\/v2\/product\/3953\/revisions"}],"wp:featuredmedia":[{"embeddable":true,"href":"https:\/\/acenoxkitchenequipment.com\/es\/wp-json\/wp\/v2\/media\/9036"}],"wp:attachment":[{"href":"https:\/\/acenoxkitchenequipment.com\/es\/wp-json\/wp\/v2\/media?parent=3953"}],"wp:term":[{"taxonomy":"product_cat","embeddable":true,"href":"https:\/\/acenoxkitchenequipment.com\/es\/wp-json\/wp\/v2\/product_cat?post=3953"},{"taxonomy":"product_tag","embeddable":true,"href":"https:\/\/acenoxkitchenequipment.com\/es\/wp-json\/wp\/v2\/product_tag?post=3953"}],"curies":[{"name":"wp","href":"https:\/\/api.w.org\/{rel}","templated":true}]}}