{"id":2531,"date":"2022-10-28T13:24:35","date_gmt":"2022-10-28T05:24:35","guid":{"rendered":"http:\/\/acenoxkitchenequipment.com\/?post_type=product&#038;p=2531"},"modified":"2023-07-05T18:38:52","modified_gmt":"2023-07-05T10:38:52","slug":"janitorial-hand-washing-mop-sink","status":"publish","type":"product","link":"https:\/\/acenoxkitchenequipment.com\/es\/producto\/janitorial-hand-washing-mop-sink\/","title":{"rendered":"Lavamanos y fregadero para trapeador de limpieza"},"content":{"rendered":"<h3>Caracter\u00edsticas del fregadero para trapeador y lavado de manos de limpieza:<\/h3>\n<ul>\n<li><strong><span data-preserver-spaces=\"true\">Materiales:\u00a0<\/span><\/strong><span data-preserver-spaces=\"true\">Sugerimos utilizar acero inoxidable 304 con buen rendimiento antioxidante, o acero inoxidable 201 como los econ\u00f3micos, de tipo resistente, ya que se trata de un fregadero de limpieza de funciones m\u00faltiples, el tipo de alta resistencia lo hace lo suficientemente estable.<\/span><\/li>\n<li><strong><span data-preserver-spaces=\"true\">Taz\u00f3n superior:\u00a0\u00a0<\/span><\/strong><span data-preserver-spaces=\"true\">390mm\u00d7240mm\u00d7120mm, desag\u00fce incluido.<\/span><\/li>\n<li><strong><span data-preserver-spaces=\"true\">Debajo del taz\u00f3n:\u00a0<\/span><\/strong><span data-preserver-spaces=\"true\">400 mm \u00d7 300 mm \u00d7 200 mm (est\u00e1ndar), drenaje incluido<\/span><\/li>\n<li><strong><span data-preserver-spaces=\"true\">Estructura:\u00a0<\/span><\/strong><span data-preserver-spaces=\"true\">tipo sin ensamblar, paquete plano.<\/span><\/li>\n<li><strong><span data-preserver-spaces=\"true\">Tama\u00f1o de embalaje:\u00a0<\/span><\/strong><span data-preserver-spaces=\"true\">\u00a0530 mm \u00d7 620 mm \u00d7 620 mm<\/span><\/li>\n<li><strong><span data-preserver-spaces=\"true\">Instalaci\u00f3n:\u00a0<\/span><\/strong><span data-preserver-spaces=\"true\">Independiente con cuatro patas, los pies pueden ser ajustables.\u00a0<\/span><\/li>\n<li><strong><span data-preserver-spaces=\"true\">Otros:\u00a0<\/span><\/strong><span data-preserver-spaces=\"true\">Se ofrece rejilla de soporte, tambi\u00e9n se puede quitar.<\/span><\/li>\n<\/ul>","protected":false},"excerpt":{"rendered":"<p>Esta combinaci\u00f3n de fregadero de limpieza tiene m\u00faltiples funciones, lavado de manos, limpieza de baldes o como fregadero para trapeador, fabricado en acero inoxidable 304, la forma y el tama\u00f1o se pueden personalizar.<\/p>","protected":false},"featured_media":5407,"comment_status":"open","ping_status":"closed","template":"","meta":{"_seopress_robots_primary_cat":"none","_seopress_titles_title":"Janitorial Hand Washing &amp; mop Sink %%sep%%Acenox Manufacturing","_seopress_titles_desc":"MOQ: 5 Pcs; This janitorial sink combination has multiple functions, hand washing, bucket cleaning or as a mop sink, made of stainless steel 304.","_seopress_robots_index":""},"product_cat":[53],"product_tag":[181],"_links":{"self":[{"href":"https:\/\/acenoxkitchenequipment.com\/es\/wp-json\/wp\/v2\/product\/2531"}],"collection":[{"href":"https:\/\/acenoxkitchenequipment.com\/es\/wp-json\/wp\/v2\/product"}],"about":[{"href":"https:\/\/acenoxkitchenequipment.com\/es\/wp-json\/wp\/v2\/types\/product"}],"replies":[{"embeddable":true,"href":"https:\/\/acenoxkitchenequipment.com\/es\/wp-json\/wp\/v2\/comments?post=2531"}],"version-history":[{"count":0,"href":"https:\/\/acenoxkitchenequipment.com\/es\/wp-json\/wp\/v2\/product\/2531\/revisions"}],"wp:featuredmedia":[{"embeddable":true,"href":"https:\/\/acenoxkitchenequipment.com\/es\/wp-json\/wp\/v2\/media\/5407"}],"wp:attachment":[{"href":"https:\/\/acenoxkitchenequipment.com\/es\/wp-json\/wp\/v2\/media?parent=2531"}],"wp:term":[{"taxonomy":"product_cat","embeddable":true,"href":"https:\/\/acenoxkitchenequipment.com\/es\/wp-json\/wp\/v2\/product_cat?post=2531"},{"taxonomy":"product_tag","embeddable":true,"href":"https:\/\/acenoxkitchenequipment.com\/es\/wp-json\/wp\/v2\/product_tag?post=2531"}],"curies":[{"name":"wp","href":"https:\/\/api.w.org\/{rel}","templated":true}]}}