{"id":1559,"date":"2022-08-09T15:38:36","date_gmt":"2022-08-09T07:38:36","guid":{"rendered":"http:\/\/acenoxkitchenequipment.com\/?post_type=product&#038;p=1559"},"modified":"2024-07-03T20:42:14","modified_gmt":"2024-07-03T12:42:14","slug":"curved-refrigerated-cake-display","status":"publish","type":"product","link":"https:\/\/acenoxkitchenequipment.com\/es\/producto\/curved-refrigerated-cake-display\/","title":{"rendered":"Expositor de tartas refrigerado curvo"},"content":{"rendered":"<h3><span class=\"zRhise\"><span class=\"PkjLuf\" title=\"Proveedor comercial de exhibidores de pasteles de vidrio curvado\">Proveedor de exhibidores comerciales de vidrio para pasteles:<\/span><\/span><\/h3>\n<ul>\n<li><strong>Gafas curvas:<\/strong><\/li>\n<\/ul>\n<p>El Expositor Refrigerado para Tartas curvo ofrece una visi\u00f3n completa y directa de los postres y tartas del interior de la vitrina. Las personas pueden obtener una vista completa de las pantallas sin barreras f\u00edsicas. Las gafas curvadas son elegantes y visualmente llamativas.<\/p>\n<ul>\n<li><strong>Gafas templadas<\/strong><\/li>\n<\/ul>\n<ul>\n<li><strong>Temperatura: <\/strong><\/li>\n<\/ul>\n<p>Establecemos la temperatura en +2\u2103~+8\u2103. La m\u00e1quina funcionar\u00e1 y mantendr\u00e1 la temperatura constante dentro de este rango, que es ideal para conservar pasteles, cremas y otros postres frescos y con buen sabor.<\/p>\n<ul>\n<li><strong>Gafas antivaho de baja emisividad<\/strong><\/li>\n<\/ul>\n<p>Usamos gafas Low-E y funciones de soplado de aire caliente para evitar el empa\u00f1amiento, lo que podr\u00eda usarse en la mayor\u00eda de circunstancias. El costo es mucho menor que calentar vidrios de alambre.<\/p>\n<p>Es importante tener en cuenta que la elecci\u00f3n entre un expositor de pasteles curvo o en \u00e1ngulo recto depende en \u00faltima instancia de factores como las preferencias de dise\u00f1o espec\u00edficas, el espacio disponible y la est\u00e9tica general de la panader\u00eda o tienda.<\/p>\n<p>Como fabricante experimentado, ofrecemos dise\u00f1o individualizado de materiales, colores e incluso formas, estructuras, etc.<\/p>\n<p>&nbsp;<\/p>\n<p>Entorno aplicable: temperatura ambiente mejor por debajo de 35 \u2103<\/p>\n<p>&nbsp;<\/p>\n<p>&nbsp;<\/p>\n<p>&nbsp;<\/p>\n<p>&nbsp;<\/p>\n<p>&nbsp;<\/p>\n<p>&nbsp;<\/p>\n<p>&nbsp;<\/p>","protected":false},"excerpt":{"rendered":"<ul>\n<li>Expositor refrigerado para tartas con ventana de cristal frontal curvada<\/li>\n<li>Excelente ahorro energ\u00e9tico y aislamiento.<\/li>\n<li>No secar\u00e1 tus postres ni pasteles, mantendr\u00e1 la humedad dentro del estuche.<\/li>\n<li>Gafas Termperd, m\u00e1s resistentes y seguras<\/li>\n<\/ul>","protected":false},"featured_media":0,"comment_status":"closed","ping_status":"closed","template":"","meta":{"_seopress_robots_primary_cat":"none","_seopress_titles_title":"","_seopress_titles_desc":"This refrigerated bakery display case offers a comprehensive and direct view of the deserts and cakes inside the case. Made of stainless steel, Embraco compressor","_seopress_robots_index":""},"product_cat":[59],"product_tag":[182],"_links":{"self":[{"href":"https:\/\/acenoxkitchenequipment.com\/es\/wp-json\/wp\/v2\/product\/1559"}],"collection":[{"href":"https:\/\/acenoxkitchenequipment.com\/es\/wp-json\/wp\/v2\/product"}],"about":[{"href":"https:\/\/acenoxkitchenequipment.com\/es\/wp-json\/wp\/v2\/types\/product"}],"replies":[{"embeddable":true,"href":"https:\/\/acenoxkitchenequipment.com\/es\/wp-json\/wp\/v2\/comments?post=1559"}],"version-history":[{"count":0,"href":"https:\/\/acenoxkitchenequipment.com\/es\/wp-json\/wp\/v2\/product\/1559\/revisions"}],"wp:attachment":[{"href":"https:\/\/acenoxkitchenequipment.com\/es\/wp-json\/wp\/v2\/media?parent=1559"}],"wp:term":[{"taxonomy":"product_cat","embeddable":true,"href":"https:\/\/acenoxkitchenequipment.com\/es\/wp-json\/wp\/v2\/product_cat?post=1559"},{"taxonomy":"product_tag","embeddable":true,"href":"https:\/\/acenoxkitchenequipment.com\/es\/wp-json\/wp\/v2\/product_tag?post=1559"}],"curies":[{"name":"wp","href":"https:\/\/api.w.org\/{rel}","templated":true}]}}