{"id":1471,"date":"2022-04-26T16:55:39","date_gmt":"2022-04-26T08:55:39","guid":{"rendered":"http:\/\/acenoxkitchenequipment.com\/?post_type=product&#038;p=1471"},"modified":"2023-06-04T12:12:48","modified_gmt":"2023-06-04T04:12:48","slug":"hand-wash-sink","status":"publish","type":"product","link":"https:\/\/acenoxkitchenequipment.com\/es\/producto\/hand-wash-sink\/","title":{"rendered":"Fregadero comercial manos libres"},"content":{"rendered":"<p>Este lavabo manos libres ocupa muy poco espacio. La estructura montada en la pared es muy s\u00f3lida y f\u00e1cil de instalar.<\/p>\n<p>Es muy popular y ampliamente utilizado en diferentes \u00e1reas. Completamente de acero inoxidable, se pueden elegir varias formas de lavabo, el tama\u00f1o es personalizado.<\/p>\n<p><strong><b>Caracter\u00edsticas:<\/b><\/strong><\/p>\n<p>Este es un fregadero para lavado de manos accionado por rodilla para uso comercial, manos libres.<\/p>\n<p>Los lavabos son modulares sin cicatrices de soldadura, buena apariencia.<\/p>\n<p><strong><b>Especificaci\u00f3n:<\/b><\/strong><br \/>\nMaterial: acero inoxidable 304 para elecci\u00f3n premium, acero inoxidable 201 para elecci\u00f3n com\u00fan<br \/>\nDimensi\u00f3n (largo\/ancho\/alto): 400 * 400 * 240 mm<br \/>\nOperaci\u00f3n: operaci\u00f3n de rodilla<\/p>\n<p><strong><b>Embalaje incluido:<\/b><\/strong><br \/>\n1x fregadero<br \/>\n1x manguera<br \/>\n1x drenaje y 1\u00d7 tubo de drenaje<br \/>\n1x sif\u00f3n<br \/>\n1x v\u00e1lvula mezcladora mec\u00e1nica<\/p>\n<p><strong><b>Opciones: <\/b><\/strong><\/p>\n<p>1x grifo<br \/>\n1x dispensador de jab\u00f3n<\/p>\n<p><strong>Cantidad m\u00ednima de pedido<\/strong><\/p>\n<p>La cantidad m\u00ednima de pedido es de 5 unidades por cada talla.<\/p>\n<p>\u00a1Una muestra con precio al por mayor est\u00e1 disponible para que usted pueda verificar nuestra calidad!<\/p>","protected":false},"excerpt":{"rendered":"<p>Este lavabo manos libres ocupa muy poco espacio. La estructura montada en la pared es muy s\u00f3lida y f\u00e1cil de instalar. Es muy popular y ampliamente utilizado en diferentes \u00e1reas. Completamente de acero inoxidable, se pueden elegir varias formas de lavabo, el tama\u00f1o es personalizado.<\/p>","protected":false},"featured_media":5420,"comment_status":"closed","ping_status":"closed","template":"","meta":{"_seopress_robots_primary_cat":"none","_seopress_titles_title":"","_seopress_titles_desc":"This hands free sink takes up very little space. Wall mounted structure is very solid and easy to install.","_seopress_robots_index":""},"product_cat":[53],"product_tag":[149],"_links":{"self":[{"href":"https:\/\/acenoxkitchenequipment.com\/es\/wp-json\/wp\/v2\/product\/1471"}],"collection":[{"href":"https:\/\/acenoxkitchenequipment.com\/es\/wp-json\/wp\/v2\/product"}],"about":[{"href":"https:\/\/acenoxkitchenequipment.com\/es\/wp-json\/wp\/v2\/types\/product"}],"replies":[{"embeddable":true,"href":"https:\/\/acenoxkitchenequipment.com\/es\/wp-json\/wp\/v2\/comments?post=1471"}],"version-history":[{"count":0,"href":"https:\/\/acenoxkitchenequipment.com\/es\/wp-json\/wp\/v2\/product\/1471\/revisions"}],"wp:featuredmedia":[{"embeddable":true,"href":"https:\/\/acenoxkitchenequipment.com\/es\/wp-json\/wp\/v2\/media\/5420"}],"wp:attachment":[{"href":"https:\/\/acenoxkitchenequipment.com\/es\/wp-json\/wp\/v2\/media?parent=1471"}],"wp:term":[{"taxonomy":"product_cat","embeddable":true,"href":"https:\/\/acenoxkitchenequipment.com\/es\/wp-json\/wp\/v2\/product_cat?post=1471"},{"taxonomy":"product_tag","embeddable":true,"href":"https:\/\/acenoxkitchenequipment.com\/es\/wp-json\/wp\/v2\/product_tag?post=1471"}],"curies":[{"name":"wp","href":"https:\/\/api.w.org\/{rel}","templated":true}]}}