{"id":1465,"date":"2022-04-26T14:20:52","date_gmt":"2022-04-26T06:20:52","guid":{"rendered":"http:\/\/acenoxkitchenequipment.com\/?post_type=product&#038;p=1465"},"modified":"2023-06-02T12:07:48","modified_gmt":"2023-06-02T04:07:48","slug":"stainless-steel-industrial-sink","status":"publish","type":"product","link":"https:\/\/acenoxkitchenequipment.com\/es\/producto\/stainless-steel-industrial-sink\/","title":{"rendered":"Fregadero industrial de acero inoxidable"},"content":{"rendered":"<p><strong><b>Caracter\u00edsticas:<\/b><\/strong><\/p>\n<p>El fregadero industrial se distingue de un fregadero dom\u00e9stico porque suele ser de mayor tama\u00f1o, m\u00e1s resistente y duradero.<\/p>\n<p>Se puede utilizar en algunos talleres de f\u00e1bricas, salas de limpieza de hospitales, sin embargo, el uso m\u00e1s com\u00fan es en cocinas comerciales de restaurantes, hoteles, colegios o supermercados, etc.<\/p>\n<p>Este modelo viene con un dise\u00f1o sencillo sin estante inferior ni hojas extras, por lo que su coste es muy econ\u00f3mico y ampliamente elegido por los clientes.<\/p>\n<p>Seg\u00fan el n\u00famero de cubetas del fregadero, los fregaderos se clasifican en fregadero de una cubeta, de dos cubetas y de tres cubetas, adem\u00e1s de si vienen con escurridor.<\/p>\n<ul>\n<li><strong>Encimera de trabajo:<\/strong> normalmente 0,8 mm o 1,0 mm de espesor es la mejor opci\u00f3n<\/li>\n<li><strong>Cuenco del fregadero:<\/strong> El tama\u00f1o es 500 \u00d7 400 \u00d7 250 mm\/ 500 \u00d7 500 \u00d7 250 mm, materiales inoxidables de alta calidad, tazones modulares, pulido limpio y ordenado del interior, f\u00e1cil de mantener y apariencia hermosa.<\/li>\n<li><strong>Estante inferior: N\/M<\/strong><\/li>\n<li><strong>Protector contra salpicaduras:<\/strong> 100 mm de alto<\/li>\n<li><strong>Piernas:<\/strong> Patas redondas con pies ajustables.<\/li>\n<\/ul>\n<p><strong>Cantidad m\u00ednima de pedido<\/strong><\/p>\n<p>La cantidad m\u00ednima de pedido es de 5 unidades por cada talla.<\/p>","protected":false},"excerpt":{"rendered":"<p>Este es un fregadero industrial para uso en cocinas comerciales, viene con un dise\u00f1o simple sin estante inferior ni l\u00e1minas adicionales. El tama\u00f1o personalizado est\u00e1 disponible.<\/p>","protected":false},"featured_media":5421,"comment_status":"closed","ping_status":"closed","template":"","meta":{"_seopress_robots_primary_cat":"none","_seopress_titles_title":"","_seopress_titles_desc":"industrial sink for commercial kitchen use, it comes with a simple design without undershelf or extra sheets, economic and widely chosed by customers.","_seopress_robots_index":""},"product_cat":[53],"product_tag":[148],"_links":{"self":[{"href":"https:\/\/acenoxkitchenequipment.com\/es\/wp-json\/wp\/v2\/product\/1465"}],"collection":[{"href":"https:\/\/acenoxkitchenequipment.com\/es\/wp-json\/wp\/v2\/product"}],"about":[{"href":"https:\/\/acenoxkitchenequipment.com\/es\/wp-json\/wp\/v2\/types\/product"}],"replies":[{"embeddable":true,"href":"https:\/\/acenoxkitchenequipment.com\/es\/wp-json\/wp\/v2\/comments?post=1465"}],"version-history":[{"count":0,"href":"https:\/\/acenoxkitchenequipment.com\/es\/wp-json\/wp\/v2\/product\/1465\/revisions"}],"wp:featuredmedia":[{"embeddable":true,"href":"https:\/\/acenoxkitchenequipment.com\/es\/wp-json\/wp\/v2\/media\/5421"}],"wp:attachment":[{"href":"https:\/\/acenoxkitchenequipment.com\/es\/wp-json\/wp\/v2\/media?parent=1465"}],"wp:term":[{"taxonomy":"product_cat","embeddable":true,"href":"https:\/\/acenoxkitchenequipment.com\/es\/wp-json\/wp\/v2\/product_cat?post=1465"},{"taxonomy":"product_tag","embeddable":true,"href":"https:\/\/acenoxkitchenequipment.com\/es\/wp-json\/wp\/v2\/product_tag?post=1465"}],"curies":[{"name":"wp","href":"https:\/\/api.w.org\/{rel}","templated":true}]}}