{"id":10532,"date":"2024-09-13T11:40:12","date_gmt":"2024-09-13T03:40:12","guid":{"rendered":"https:\/\/acenoxkitchenequipment.com\/?post_type=product&#038;p=10532"},"modified":"2024-09-13T13:24:26","modified_gmt":"2024-09-13T05:24:26","slug":"hot-food-display","status":"publish","type":"product","link":"https:\/\/acenoxkitchenequipment.com\/es\/producto\/hot-food-display\/","title":{"rendered":"Hot Food Display"},"content":{"rendered":"<h3>Features of Hot Food Display<\/h3>\n<ul>\n<li>What is Hot Food Display<\/li>\n<\/ul>\n<p>A hot food display is used to showcase and keep food items warm in various settings such as restaurants, bakeries, cafes, delis, and buffets. It is a commercial hot food display, these displays are designed to maintain the temperature at 30\u2103~ 60\u2103 based on different food like <b>sandwiches, pizzas, pastries, and pies<\/b>.<\/p>\n<ul>\n<li>Gafas templadas<\/li>\n<\/ul>\n<p>Los vasos templados son mucho m\u00e1s resistentes que los vasos normales. El vidrio templado puede soportar temperaturas m\u00e1s altas que el vidrio normal. Esto lo hace adecuado para aplicaciones como puertas de hornos, estufas y exhibidores de vidrio para calentar alimentos.<\/p>\n<ul>\n<li>30\u2103~70\u2103<\/li>\n<\/ul>\n<p>Esta pantalla m\u00e1s caliente puede mantener la comida con opciones de 30 \u2103 ~ 60 \u2103, los elementos calefactores el\u00e9ctricos de calidad duradera tienen una larga vida \u00fatil de m\u00e1s de 5 a\u00f1os y se pueden reemplazar f\u00e1cilmente. Proporcionamos<\/p>\n<ul>\n<li>Calidad duradera<\/li>\n<\/ul>\n<p>No es como otros expositores de alimentos de mala calidad, que dejar\u00e1n de funcionar despu\u00e9s de algunas veces. Podemos garantizar 1 a\u00f1o de garant\u00eda de calidad, excepto los vasos (los vasos se romper\u00e1n si utiliza herramientas pesadas para golpearlos). No importa cu\u00e1ntas veces lo enciendas, no importa que las luces LED o la funci\u00f3n de calefacci\u00f3n funcionen. Sin embargo, nadie puede garantizar productos perfectos del 100%. Una vez que haya piezas da\u00f1adas, le proporcionaremos piezas gratuitas dentro del per\u00edodo de garant\u00eda.<\/p>\n<ul>\n<li>Los estantes completamente de acero inoxidable proporcionan<\/li>\n<\/ul>\n<p>Fabricaci\u00f3n toda en acero inoxidable, cumpliendo con las normas de higiene alimentaria.<\/p>\n<p>&nbsp;<\/p>\n<h3>Photos Of Hot Food Display:<\/h3>\n<p><img fetchpriority=\"high\" decoding=\"async\" class=\"alignnone  wp-image-10534\" src=\"https:\/\/acenoxkitchenequipment.com\/wp-content\/uploads\/2024\/09\/shelf-of-the-hot-food-display.webp\" alt=\"hot food display\" width=\"699\" height=\"524\" srcset=\"https:\/\/acenoxkitchenequipment.com\/wp-content\/uploads\/2024\/09\/shelf-of-the-hot-food-display.webp 800w, https:\/\/acenoxkitchenequipment.com\/wp-content\/uploads\/2024\/09\/shelf-of-the-hot-food-display-300x225.webp 300w, https:\/\/acenoxkitchenequipment.com\/wp-content\/uploads\/2024\/09\/shelf-of-the-hot-food-display-768x576.webp 768w, https:\/\/acenoxkitchenequipment.com\/wp-content\/uploads\/2024\/09\/shelf-of-the-hot-food-display-16x12.webp 16w, https:\/\/acenoxkitchenequipment.com\/wp-content\/uploads\/2024\/09\/shelf-of-the-hot-food-display-600x450.webp 600w\" sizes=\"(max-width: 699px) 100vw, 699px\" \/><\/p>\n<p><img decoding=\"async\" class=\"alignnone  wp-image-10535\" src=\"https:\/\/acenoxkitchenequipment.com\/wp-content\/uploads\/2024\/09\/commercial-hot-food-display.webp\" alt=\"hot food display\" width=\"698\" height=\"523\" srcset=\"https:\/\/acenoxkitchenequipment.com\/wp-content\/uploads\/2024\/09\/commercial-hot-food-display.webp 800w, https:\/\/acenoxkitchenequipment.com\/wp-content\/uploads\/2024\/09\/commercial-hot-food-display-300x225.webp 300w, https:\/\/acenoxkitchenequipment.com\/wp-content\/uploads\/2024\/09\/commercial-hot-food-display-768x576.webp 768w, https:\/\/acenoxkitchenequipment.com\/wp-content\/uploads\/2024\/09\/commercial-hot-food-display-16x12.webp 16w, https:\/\/acenoxkitchenequipment.com\/wp-content\/uploads\/2024\/09\/commercial-hot-food-display-600x450.webp 600w\" sizes=\"(max-width: 698px) 100vw, 698px\" \/><\/p>\n<p>&nbsp;<\/p>\n<p>&nbsp;<\/p>","protected":false},"excerpt":{"rendered":"<p>Three stainless steel wire shelves, strong and large display volume<\/p>","protected":false},"featured_media":10536,"comment_status":"closed","ping_status":"closed","template":"","meta":{"_seopress_robots_primary_cat":"none","_seopress_titles_title":"Hot Food Display For Pastry For Sale %%sep%%Heavy-duty Stainless","_seopress_titles_desc":"Hot Food Display for Sale, $ 2100.00 for 900mm wide on sale, Get a bottom price from direct manufacturer based at Melbourne,Australia,18 months warranty!","_seopress_robots_index":""},"product_cat":[59],"product_tag":[],"_links":{"self":[{"href":"https:\/\/acenoxkitchenequipment.com\/es\/wp-json\/wp\/v2\/product\/10532"}],"collection":[{"href":"https:\/\/acenoxkitchenequipment.com\/es\/wp-json\/wp\/v2\/product"}],"about":[{"href":"https:\/\/acenoxkitchenequipment.com\/es\/wp-json\/wp\/v2\/types\/product"}],"replies":[{"embeddable":true,"href":"https:\/\/acenoxkitchenequipment.com\/es\/wp-json\/wp\/v2\/comments?post=10532"}],"version-history":[{"count":0,"href":"https:\/\/acenoxkitchenequipment.com\/es\/wp-json\/wp\/v2\/product\/10532\/revisions"}],"wp:featuredmedia":[{"embeddable":true,"href":"https:\/\/acenoxkitchenequipment.com\/es\/wp-json\/wp\/v2\/media\/10536"}],"wp:attachment":[{"href":"https:\/\/acenoxkitchenequipment.com\/es\/wp-json\/wp\/v2\/media?parent=10532"}],"wp:term":[{"taxonomy":"product_cat","embeddable":true,"href":"https:\/\/acenoxkitchenequipment.com\/es\/wp-json\/wp\/v2\/product_cat?post=10532"},{"taxonomy":"product_tag","embeddable":true,"href":"https:\/\/acenoxkitchenequipment.com\/es\/wp-json\/wp\/v2\/product_tag?post=10532"}],"curies":[{"name":"wp","href":"https:\/\/api.w.org\/{rel}","templated":true}]}}