{"id":10497,"date":"2024-08-13T20:03:59","date_gmt":"2024-08-13T12:03:59","guid":{"rendered":"https:\/\/acenoxkitchenequipment.com\/?post_type=product&#038;p=10497"},"modified":"2024-08-13T20:50:11","modified_gmt":"2024-08-13T12:50:11","slug":"commerial-fridge-upright-supplier","status":"publish","type":"product","link":"https:\/\/acenoxkitchenequipment.com\/es\/producto\/commerial-fridge-upright-supplier\/","title":{"rendered":"Nevera comercial vertical"},"content":{"rendered":"<h3>Nevera comercial vertical<\/h3>\n<p>Los congeladores de una sola puerta son esenciales para almacenar ingredientes, helados de distintos sabores, gelato y golosinas congeladas. Su tama\u00f1o compacto es adecuado para establecimientos m\u00e1s peque\u00f1os con espacio limitado.<\/p>\n<p><strong>Caracter\u00edsticas:<\/strong><\/p>\n<ul>\n<li>Utilizando l\u00e1minas de acero inoxidable de alta calidad, el dise\u00f1o es est\u00e9ticamente agradable, lujoso e incorpora un dise\u00f1o industrial respetuoso con el medio ambiente.<\/li>\n<li>Con el revestimiento interior moldeado, lo que garantiza una limpieza f\u00e1cil y profunda.<\/li>\n<li>Toda la unidad est\u00e1 fabricada con aislamiento de espuma de ciclopentano de alta densidad, con un espesor de 5-6 cm para una mayor eficiencia energ\u00e9tica y respeto al medio ambiente.<\/li>\n<li>Equipado con un controlador de temperatura digital italiano elf y un compresor de marca de alta calidad.<\/li>\n<li>Circulaci\u00f3n de aire tridimensional de 360 grados, sin dejar \u00e1ngulos muertos.<\/li>\n<li>Puerta autom\u00e1tica con cierre autom\u00e1tico.<\/li>\n<li>Utilizando tubos de acero totalmente de cobre, asegurando que no haya fugas.<\/li>\n<li>Ruedas incorporadas con pies ajustables para facilitar la movilidad.<\/li>\n<\/ul>\n<h3>Especificaciones del refrigerador comercial de una puerta<\/h3>\n<p>&nbsp;<\/p>","protected":false},"excerpt":{"rendered":"<p>Refrigeraci\u00f3n ventilada; Puerta \u00fanica, marca de compresor personalizada y configuraci\u00f3n personalizada para refrigeradores comerciales al por mayor<\/p>","protected":false},"featured_media":8965,"comment_status":"open","ping_status":"closed","template":"","meta":{"_seopress_robots_primary_cat":"none","_seopress_titles_title":"Commerial Fridge Upright %%sep%%Upright Chiller Manufacturer","_seopress_titles_desc":"Commerial Fridge Upright Model for sale, single door, double door large commercial fridges for restaurants, supermarkets, and more. ","_seopress_robots_index":""},"product_cat":[242],"product_tag":[],"_links":{"self":[{"href":"https:\/\/acenoxkitchenequipment.com\/es\/wp-json\/wp\/v2\/product\/10497"}],"collection":[{"href":"https:\/\/acenoxkitchenequipment.com\/es\/wp-json\/wp\/v2\/product"}],"about":[{"href":"https:\/\/acenoxkitchenequipment.com\/es\/wp-json\/wp\/v2\/types\/product"}],"replies":[{"embeddable":true,"href":"https:\/\/acenoxkitchenequipment.com\/es\/wp-json\/wp\/v2\/comments?post=10497"}],"version-history":[{"count":0,"href":"https:\/\/acenoxkitchenequipment.com\/es\/wp-json\/wp\/v2\/product\/10497\/revisions"}],"wp:featuredmedia":[{"embeddable":true,"href":"https:\/\/acenoxkitchenequipment.com\/es\/wp-json\/wp\/v2\/media\/8965"}],"wp:attachment":[{"href":"https:\/\/acenoxkitchenequipment.com\/es\/wp-json\/wp\/v2\/media?parent=10497"}],"wp:term":[{"taxonomy":"product_cat","embeddable":true,"href":"https:\/\/acenoxkitchenequipment.com\/es\/wp-json\/wp\/v2\/product_cat?post=10497"},{"taxonomy":"product_tag","embeddable":true,"href":"https:\/\/acenoxkitchenequipment.com\/es\/wp-json\/wp\/v2\/product_tag?post=10497"}],"curies":[{"name":"wp","href":"https:\/\/api.w.org\/{rel}","templated":true}]}}