{"id":10050,"date":"2024-07-27T22:46:53","date_gmt":"2024-07-27T14:46:53","guid":{"rendered":"https:\/\/acenoxkitchenequipment.com\/?post_type=product&#038;p=10050"},"modified":"2024-07-28T15:33:35","modified_gmt":"2024-07-28T07:33:35","slug":"commercial-reach-in-refrigerator","status":"publish","type":"product","link":"https:\/\/acenoxkitchenequipment.com\/es\/producto\/commercial-reach-in-refrigerator\/","title":{"rendered":"Alcance comercial en refrigerador"},"content":{"rendered":"<h3>Alcance comercial en refrigerador<br \/>\n<img decoding=\"async\" class=\"size-full wp-image-10046 alignright\" src=\"https:\/\/acenoxkitchenequipment.com\/wp-content\/uploads\/2024\/07\/etl.png\" alt=\"commerial fridge\" width=\"177\" height=\"186\" srcset=\"https:\/\/acenoxkitchenequipment.com\/wp-content\/uploads\/2024\/07\/etl.png 177w, https:\/\/acenoxkitchenequipment.com\/wp-content\/uploads\/2024\/07\/etl-11x12.png 11w\" sizes=\"(max-width: 177px) 100vw, 177px\" \/><\/h3>\n<div class=\"q-click-wrapper qu-display--block qu-tapHighlight--white qu-cursor--pointer qu-hover--textDecoration--underline ClickWrapper___StyledClickWrapperBox-zoqi4f-0 iyYUZT\" tabindex=\"0\">\n<div class=\"q-flex qu-flexDirection--row\">\n<div class=\"q-inline qu-flexWrap--wrap\">\n<div class=\"QuestionTitle___StyledText-exj38m-0 chNUqN puppeteer_test_question_title\"><span class=\"q-box qu-userSelect--text\">Los elementos de refrigeraci\u00f3n se colocan en la parte inferior del frigor\u00edfico.<\/span><\/div>\n<\/div>\n<\/div>\n<\/div>\n<p>Este es un refrigerador comercial de una sola puerta para usos comerciales. Su peque\u00f1o tama\u00f1o lo convierte en una opci\u00f3n ideal para cocinas comerciales peque\u00f1as.<\/p>\n<p><strong>Caracter\u00edsticas:<\/strong><\/p>\n<ul>\n<li>Recomendamos el compresor Secop si esto le resulta asequible. El compresor Secop de Alemania es una marca famosa y de buena reputaci\u00f3n con 60 a\u00f1os de historia.<\/li>\n<li>El acero inoxidable que no deja huellas dactilares ayuda a mantener una superficie m\u00e1s limpia, lo cual es importante para la higiene. Mantiene el refrigerador con un aspecto elegante y bien acabado.<\/li>\n<li>Tres puertas con cierre autom\u00e1tico<\/li>\n<li>Opciones de compresor: Cubigel\/ Embraco\/ Secop<\/li>\n<li>Opci\u00f3n 1 de condiciones de trabajo: \u226432\u2103, humedad\u226465%<\/li>\n<li>Opci\u00f3n 2 de condiciones de trabajo: \u226438\u2103, humedad\u226465%<\/li>\n<\/ul>\n<h3>Especificaciones del alcance comercial en refrigerador<\/h3>\n<p>&nbsp;<\/p>\n<h3>Fotos de refrigerador comercial<\/h3>\n<p><img fetchpriority=\"high\" decoding=\"async\" class=\"alignnone wp-image-10049\" src=\"https:\/\/acenoxkitchenequipment.com\/wp-content\/uploads\/2024\/02\/digital-controller-of-reach-in-refrigerators.webp\" alt=\"single door commerial fridge\" width=\"727\" height=\"546\" srcset=\"https:\/\/acenoxkitchenequipment.com\/wp-content\/uploads\/2024\/02\/digital-controller-of-reach-in-refrigerators.webp 1000w, https:\/\/acenoxkitchenequipment.com\/wp-content\/uploads\/2024\/02\/digital-controller-of-reach-in-refrigerators-300x225.webp 300w, https:\/\/acenoxkitchenequipment.com\/wp-content\/uploads\/2024\/02\/digital-controller-of-reach-in-refrigerators-768x576.webp 768w, https:\/\/acenoxkitchenequipment.com\/wp-content\/uploads\/2024\/02\/digital-controller-of-reach-in-refrigerators-16x12.webp 16w, https:\/\/acenoxkitchenequipment.com\/wp-content\/uploads\/2024\/02\/digital-controller-of-reach-in-refrigerators-600x450.webp 600w\" sizes=\"(max-width: 727px) 100vw, 727px\" \/><\/p>\n<p><img decoding=\"async\" class=\"alignnone wp-image-9754\" src=\"https:\/\/acenoxkitchenequipment.com\/wp-content\/uploads\/2024\/07\/reach-in-refrigerators.webp\" alt=\"reach in refrigerator\" width=\"728\" height=\"546\" srcset=\"https:\/\/acenoxkitchenequipment.com\/wp-content\/uploads\/2024\/07\/reach-in-refrigerators.webp 900w, https:\/\/acenoxkitchenequipment.com\/wp-content\/uploads\/2024\/07\/reach-in-refrigerators-300x225.webp 300w, https:\/\/acenoxkitchenequipment.com\/wp-content\/uploads\/2024\/07\/reach-in-refrigerators-768x576.webp 768w, https:\/\/acenoxkitchenequipment.com\/wp-content\/uploads\/2024\/07\/reach-in-refrigerators-16x12.webp 16w, https:\/\/acenoxkitchenequipment.com\/wp-content\/uploads\/2024\/07\/reach-in-refrigerators-600x450.webp 600w\" sizes=\"(max-width: 728px) 100vw, 728px\" \/><\/p>\n<h3>Personalizaci\u00f3n del alcance comercial en frigor\u00edfico.<\/h3>\n<h3>Preguntas m\u00e1s frecuentes<\/h3>\n<p>&nbsp;<\/p>\n<p>&nbsp;<\/p>\n<p>&nbsp;<\/p>\n<p>&nbsp;<\/p>\n<p>&nbsp;<\/p>\n<p>&nbsp;<\/p>","protected":false},"excerpt":{"rendered":"<p>Refrigeraci\u00f3n ventilada; Tres puertas, marca de compresor personalizada y configuraci\u00f3n personalizada para refrigeradores comerciales al por mayor, artesan\u00eda premium de una f\u00e1brica reconocida.<\/p>","protected":false},"featured_media":10051,"comment_status":"open","ping_status":"closed","template":"","meta":{"_seopress_robots_primary_cat":"none","_seopress_titles_title":"Commercial Reach In Refrigerator %%sep%% Custom Design Available","_seopress_titles_desc":"Buy Commercial Reach In Refrigerator at wholesale price from us online, ETL certificated, temperature 33\u2109~ 41\u2109, customization is available.","_seopress_robots_index":""},"product_cat":[242],"product_tag":[293],"_links":{"self":[{"href":"https:\/\/acenoxkitchenequipment.com\/es\/wp-json\/wp\/v2\/product\/10050"}],"collection":[{"href":"https:\/\/acenoxkitchenequipment.com\/es\/wp-json\/wp\/v2\/product"}],"about":[{"href":"https:\/\/acenoxkitchenequipment.com\/es\/wp-json\/wp\/v2\/types\/product"}],"replies":[{"embeddable":true,"href":"https:\/\/acenoxkitchenequipment.com\/es\/wp-json\/wp\/v2\/comments?post=10050"}],"version-history":[{"count":0,"href":"https:\/\/acenoxkitchenequipment.com\/es\/wp-json\/wp\/v2\/product\/10050\/revisions"}],"wp:featuredmedia":[{"embeddable":true,"href":"https:\/\/acenoxkitchenequipment.com\/es\/wp-json\/wp\/v2\/media\/10051"}],"wp:attachment":[{"href":"https:\/\/acenoxkitchenequipment.com\/es\/wp-json\/wp\/v2\/media?parent=10050"}],"wp:term":[{"taxonomy":"product_cat","embeddable":true,"href":"https:\/\/acenoxkitchenequipment.com\/es\/wp-json\/wp\/v2\/product_cat?post=10050"},{"taxonomy":"product_tag","embeddable":true,"href":"https:\/\/acenoxkitchenequipment.com\/es\/wp-json\/wp\/v2\/product_tag?post=10050"}],"curies":[{"name":"wp","href":"https:\/\/api.w.org\/{rel}","templated":true}]}}