{"id":10021,"date":"2024-07-25T15:22:43","date_gmt":"2024-07-25T07:22:43","guid":{"rendered":"https:\/\/acenoxkitchenequipment.com\/?post_type=product&#038;p=10021"},"modified":"2024-07-30T00:07:29","modified_gmt":"2024-07-29T16:07:29","slug":"cake-fridge","status":"publish","type":"product","link":"https:\/\/acenoxkitchenequipment.com\/es\/producto\/cake-fridge\/","title":{"rendered":"Nevera Para Tartas Dise\u00f1o Moderno"},"content":{"rendered":"<h3>Caracter\u00edsticas del refrigerador para pasteles<\/h3>\n<ul>\n<li><strong>Nevera para tartas sin bordes con dise\u00f1o moderno<\/strong><\/li>\n<\/ul>\n<p>Las juntas de vidrio sin costuras brindan una vista sin obst\u00e1culos de los pasteles desde todos los \u00e1ngulos, lo que hace que la exhibici\u00f3n sea extremadamente atractiva. Con menos obstrucciones, la iluminaci\u00f3n se puede distribuir de manera m\u00e1s efectiva por toda la exhibici\u00f3n, resaltando los pasteles maravillosamente.<\/p>\n<ul>\n<li><strong>Personalizar el humidificador instalado<\/strong><\/li>\n<\/ul>\n<div class=\"JlqpRe\"><span class=\"JCzEY tNxQIb\"><span class=\"CSkcDe\">\u00bfC\u00f3mo evitar que el pastel se seque en el frigor\u00edfico expositor? Los refrigeradores para exhibici\u00f3n de pasteles cuentan con ventiladores para hacer circular el aire, lo que puede hacer que los pasteles y pasteles se sequen despu\u00e9s de mucho tiempo de soplado si el sellado del refrigerador no es excelente.<\/span><\/span><\/div>\n<div>Instalamos un humidificador en este refrigerador para pasteles para evitar que los pasteles y postres se sequen. \u00a1Nunca tendr\u00e1s que preocuparte por estos problemas de secado!<\/div>\n<ul>\n<li><strong>Dos o tres estantes de acero inoxidable para elegir<\/strong><\/li>\n<\/ul>\n<p>La cantidad de estantes se puede personalizar y la altura se puede personalizar.<\/p>\n<ul>\n<li><strong>Gafas con sistema antivaho<\/strong><\/li>\n<\/ul>\n<p>Tres lados de las gafas tienen funci\u00f3n de calefacci\u00f3n, lo que garantiza una visualizaci\u00f3n perfecta siempre<\/p>\n<h3>Especificaciones del refrigerador para pasteles:<\/h3>\n<h3>Fotos del refrigerador para pasteles:<\/h3>\n<p><img fetchpriority=\"high\" decoding=\"async\" class=\"alignnone  wp-image-10074\" src=\"https:\/\/acenoxkitchenequipment.com\/wp-content\/uploads\/2024\/07\/New-design-cake-fridge.webp\" alt=\"cake fridge modern design\" width=\"647\" height=\"448\" srcset=\"https:\/\/acenoxkitchenequipment.com\/wp-content\/uploads\/2024\/07\/New-design-cake-fridge.webp 679w, https:\/\/acenoxkitchenequipment.com\/wp-content\/uploads\/2024\/07\/New-design-cake-fridge-300x208.webp 300w, https:\/\/acenoxkitchenequipment.com\/wp-content\/uploads\/2024\/07\/New-design-cake-fridge-18x12.webp 18w, https:\/\/acenoxkitchenequipment.com\/wp-content\/uploads\/2024\/07\/New-design-cake-fridge-600x415.webp 600w\" sizes=\"(max-width: 647px) 100vw, 647px\" \/><\/p>\n<p><img decoding=\"async\" class=\"alignnone  wp-image-10075\" src=\"https:\/\/acenoxkitchenequipment.com\/wp-content\/uploads\/2024\/07\/New-design-cake-fridge-2.webp\" alt=\"cake fridge modern design\" width=\"650\" height=\"448\" srcset=\"https:\/\/acenoxkitchenequipment.com\/wp-content\/uploads\/2024\/07\/New-design-cake-fridge-2.webp 680w, https:\/\/acenoxkitchenequipment.com\/wp-content\/uploads\/2024\/07\/New-design-cake-fridge-2-300x207.webp 300w, https:\/\/acenoxkitchenequipment.com\/wp-content\/uploads\/2024\/07\/New-design-cake-fridge-2-18x12.webp 18w, https:\/\/acenoxkitchenequipment.com\/wp-content\/uploads\/2024\/07\/New-design-cake-fridge-2-600x414.webp 600w\" sizes=\"(max-width: 650px) 100vw, 650px\" \/><\/p>\n<p><img decoding=\"async\" class=\"alignnone wp-image-10063\" src=\"https:\/\/acenoxkitchenequipment.com\/wp-content\/uploads\/2024\/07\/modern-cake-displays.webp\" alt=\"modern cake fridge\" width=\"651\" height=\"488\" srcset=\"https:\/\/acenoxkitchenequipment.com\/wp-content\/uploads\/2024\/07\/modern-cake-displays.webp 800w, https:\/\/acenoxkitchenequipment.com\/wp-content\/uploads\/2024\/07\/modern-cake-displays-300x225.webp 300w, https:\/\/acenoxkitchenequipment.com\/wp-content\/uploads\/2024\/07\/modern-cake-displays-768x576.webp 768w, https:\/\/acenoxkitchenequipment.com\/wp-content\/uploads\/2024\/07\/modern-cake-displays-16x12.webp 16w, https:\/\/acenoxkitchenequipment.com\/wp-content\/uploads\/2024\/07\/modern-cake-displays-600x450.webp 600w\" sizes=\"(max-width: 651px) 100vw, 651px\" \/><\/p>\n<p><img loading=\"lazy\" decoding=\"async\" class=\"alignnone wp-image-10066\" src=\"https:\/\/acenoxkitchenequipment.com\/wp-content\/uploads\/2024\/07\/pastry-cake-fridge.webp\" alt=\"cake fridge modern design\" width=\"655\" height=\"489\" srcset=\"https:\/\/acenoxkitchenequipment.com\/wp-content\/uploads\/2024\/07\/pastry-cake-fridge.webp 752w, https:\/\/acenoxkitchenequipment.com\/wp-content\/uploads\/2024\/07\/pastry-cake-fridge-300x224.webp 300w, https:\/\/acenoxkitchenequipment.com\/wp-content\/uploads\/2024\/07\/pastry-cake-fridge-16x12.webp 16w, https:\/\/acenoxkitchenequipment.com\/wp-content\/uploads\/2024\/07\/pastry-cake-fridge-600x448.webp 600w\" sizes=\"(max-width: 655px) 100vw, 655px\" \/><\/p>\n<p>&nbsp;<\/p>\n<p><img loading=\"lazy\" decoding=\"async\" class=\"wp-image-10064\" src=\"https:\/\/acenoxkitchenequipment.com\/wp-content\/uploads\/2024\/07\/cake-fridge-for-bakery.webp\" alt=\"cake fridge\" width=\"701\" height=\"701\" srcset=\"https:\/\/acenoxkitchenequipment.com\/wp-content\/uploads\/2024\/07\/cake-fridge-for-bakery.webp 800w, https:\/\/acenoxkitchenequipment.com\/wp-content\/uploads\/2024\/07\/cake-fridge-for-bakery-300x300.webp 300w, https:\/\/acenoxkitchenequipment.com\/wp-content\/uploads\/2024\/07\/cake-fridge-for-bakery-150x150.webp 150w, https:\/\/acenoxkitchenequipment.com\/wp-content\/uploads\/2024\/07\/cake-fridge-for-bakery-768x768.webp 768w, https:\/\/acenoxkitchenequipment.com\/wp-content\/uploads\/2024\/07\/cake-fridge-for-bakery-12x12.webp 12w, https:\/\/acenoxkitchenequipment.com\/wp-content\/uploads\/2024\/07\/cake-fridge-for-bakery-600x600.webp 600w, https:\/\/acenoxkitchenequipment.com\/wp-content\/uploads\/2024\/07\/cake-fridge-for-bakery-100x100.webp 100w\" sizes=\"(max-width: 701px) 100vw, 701px\" \/><\/p>\n<p>&nbsp;<\/p>\n<p>&nbsp;<\/p>\n<p>&nbsp;<\/p>","protected":false},"excerpt":{"rendered":"<ul>\n<li>Est\u00e9tica moderna<\/li>\n<li>Gafas s\u00faper transparentes con vistas perfectas.<\/li>\n<li>Pantalla brillante y v\u00edvida<\/li>\n<li>Impresionante y eficaz complemento para una panader\u00eda o cafeter\u00eda.<\/li>\n<\/ul>","protected":false},"featured_media":10060,"comment_status":"closed","ping_status":"closed","template":"","meta":{"_seopress_robots_primary_cat":"none","_seopress_titles_title":"Cake Fridge Display %%sep%%Sleek and Modern Design","_seopress_titles_desc":"Buy our lastest design of cake fridge and glass display fridge for your coffee shop or pastry store, we provide wholesale price with one year&#039;s qualiity guarantee","_seopress_robots_index":""},"product_cat":[59],"product_tag":[295],"_links":{"self":[{"href":"https:\/\/acenoxkitchenequipment.com\/es\/wp-json\/wp\/v2\/product\/10021"}],"collection":[{"href":"https:\/\/acenoxkitchenequipment.com\/es\/wp-json\/wp\/v2\/product"}],"about":[{"href":"https:\/\/acenoxkitchenequipment.com\/es\/wp-json\/wp\/v2\/types\/product"}],"replies":[{"embeddable":true,"href":"https:\/\/acenoxkitchenequipment.com\/es\/wp-json\/wp\/v2\/comments?post=10021"}],"version-history":[{"count":0,"href":"https:\/\/acenoxkitchenequipment.com\/es\/wp-json\/wp\/v2\/product\/10021\/revisions"}],"wp:featuredmedia":[{"embeddable":true,"href":"https:\/\/acenoxkitchenequipment.com\/es\/wp-json\/wp\/v2\/media\/10060"}],"wp:attachment":[{"href":"https:\/\/acenoxkitchenequipment.com\/es\/wp-json\/wp\/v2\/media?parent=10021"}],"wp:term":[{"taxonomy":"product_cat","embeddable":true,"href":"https:\/\/acenoxkitchenequipment.com\/es\/wp-json\/wp\/v2\/product_cat?post=10021"},{"taxonomy":"product_tag","embeddable":true,"href":"https:\/\/acenoxkitchenequipment.com\/es\/wp-json\/wp\/v2\/product_tag?post=10021"}],"curies":[{"name":"wp","href":"https:\/\/api.w.org\/{rel}","templated":true}]}}