{"id":10011,"date":"2024-07-22T14:45:16","date_gmt":"2024-07-22T06:45:16","guid":{"rendered":"https:\/\/acenoxkitchenequipment.com\/?post_type=product&#038;p=10011"},"modified":"2024-07-25T21:35:04","modified_gmt":"2024-07-25T13:35:04","slug":"food-warmer-display","status":"publish","type":"product","link":"https:\/\/acenoxkitchenequipment.com\/es\/producto\/food-warmer-display\/","title":{"rendered":"Encimera de exhibici\u00f3n del calentador de alimentos"},"content":{"rendered":"<h3>Caracter\u00edsticas de la encimera expositora para calentar alimentos<\/h3>\n<ul>\n<li>\u00bfQu\u00e9 es la pantalla del calentador de alimentos?<\/li>\n<\/ul>\n<p>Un expositor calentador de alimentos se utiliza para exhibir y mantener calientes los alimentos en diversos entornos, como restaurantes, panader\u00edas, cafeter\u00edas, delicatessen y buffets. Estas pantallas est\u00e1n dise\u00f1adas para mantener la temperatura entre 30 \u2103 y 60 \u2103 seg\u00fan los diferentes alimentos.<\/p>\n<ul>\n<li>Gafas templadas<\/li>\n<\/ul>\n<p>Los vasos templados son mucho m\u00e1s resistentes que los vasos normales. El vidrio templado puede soportar temperaturas m\u00e1s altas que el vidrio normal. Esto lo hace adecuado para aplicaciones como puertas de hornos, estufas y exhibidores de vidrio para calentar alimentos.<\/p>\n<ul>\n<li>30 \u2103 ~ 60 \u2103<\/li>\n<\/ul>\n<p>Esta pantalla m\u00e1s caliente puede mantener la comida con opciones de 30 \u2103 ~ 60 \u2103, los elementos calefactores el\u00e9ctricos de calidad duradera tienen una larga vida \u00fatil de m\u00e1s de 5 a\u00f1os y se pueden reemplazar f\u00e1cilmente. Proporcionamos<\/p>\n<ul>\n<li>Calidad duradera<\/li>\n<\/ul>\n<p>No es como otros expositores de alimentos de mala calidad, que dejar\u00e1n de funcionar despu\u00e9s de algunas veces. Podemos garantizar 1 a\u00f1o de garant\u00eda de calidad, excepto los vasos (los vasos se romper\u00e1n si utiliza herramientas pesadas para golpearlos). No importa cu\u00e1ntas veces lo enciendas, no importa que las luces LED o la funci\u00f3n de calefacci\u00f3n funcionen. Sin embargo, nadie puede garantizar productos perfectos del 100%. Una vez que haya piezas da\u00f1adas, le proporcionaremos piezas gratuitas dentro del per\u00edodo de garant\u00eda.<\/p>\n<ul>\n<li>Los estantes completamente de acero inoxidable proporcionan<\/li>\n<\/ul>\n<p>Fabricaci\u00f3n toda en acero inoxidable, cumpliendo con las normas de higiene alimentaria.<\/p>\n<p>&nbsp;<\/p>\n<h3>Fotos de la exhibici\u00f3n del calentador de alimentos:<\/h3>\n<figure id=\"attachment_10019\" aria-describedby=\"caption-attachment-10019\" style=\"width: 800px\" class=\"wp-caption alignnone\"><img fetchpriority=\"high\" decoding=\"async\" class=\"size-full wp-image-10019\" src=\"https:\/\/acenoxkitchenequipment.com\/wp-content\/uploads\/2024\/07\/application-of-food-warmer-display.webp\" alt=\"food warmer display countertop\" width=\"800\" height=\"800\" srcset=\"https:\/\/acenoxkitchenequipment.com\/wp-content\/uploads\/2024\/07\/application-of-food-warmer-display.webp 800w, https:\/\/acenoxkitchenequipment.com\/wp-content\/uploads\/2024\/07\/application-of-food-warmer-display-300x300.webp 300w, https:\/\/acenoxkitchenequipment.com\/wp-content\/uploads\/2024\/07\/application-of-food-warmer-display-150x150.webp 150w, https:\/\/acenoxkitchenequipment.com\/wp-content\/uploads\/2024\/07\/application-of-food-warmer-display-768x768.webp 768w, https:\/\/acenoxkitchenequipment.com\/wp-content\/uploads\/2024\/07\/application-of-food-warmer-display-12x12.webp 12w, https:\/\/acenoxkitchenequipment.com\/wp-content\/uploads\/2024\/07\/application-of-food-warmer-display-600x600.webp 600w, https:\/\/acenoxkitchenequipment.com\/wp-content\/uploads\/2024\/07\/application-of-food-warmer-display-100x100.webp 100w\" sizes=\"(max-width: 800px) 100vw, 800px\" \/><figcaption id=\"caption-attachment-10019\" class=\"wp-caption-text\">encimera de exhibici\u00f3n del calentador de alimentos<\/figcaption><\/figure>\n<p>&nbsp;<\/p>\n<p>&nbsp;<\/p>\n<p>&nbsp;<\/p>","protected":false},"excerpt":{"rendered":"<p>La estructura s\u00f3lida y segura garantiza que esta pantalla tenga una larga vida \u00fatil y 1 a\u00f1o de garant\u00eda de calidad.<\/p>","protected":false},"featured_media":10018,"comment_status":"closed","ping_status":"closed","template":"","meta":{"_seopress_robots_primary_cat":"none","_seopress_titles_title":"Food Warmer Display Showcase Countertop Type","_seopress_titles_desc":"Made of tempered glasses and stainless steel, this food warmer display showcase can be widely placed on counters to get impulse sales, it keeps food warm at 30\u2103~60\u2103","_seopress_robots_index":""},"product_cat":[59],"product_tag":[287],"_links":{"self":[{"href":"https:\/\/acenoxkitchenequipment.com\/es\/wp-json\/wp\/v2\/product\/10011"}],"collection":[{"href":"https:\/\/acenoxkitchenequipment.com\/es\/wp-json\/wp\/v2\/product"}],"about":[{"href":"https:\/\/acenoxkitchenequipment.com\/es\/wp-json\/wp\/v2\/types\/product"}],"replies":[{"embeddable":true,"href":"https:\/\/acenoxkitchenequipment.com\/es\/wp-json\/wp\/v2\/comments?post=10011"}],"version-history":[{"count":0,"href":"https:\/\/acenoxkitchenequipment.com\/es\/wp-json\/wp\/v2\/product\/10011\/revisions"}],"wp:featuredmedia":[{"embeddable":true,"href":"https:\/\/acenoxkitchenequipment.com\/es\/wp-json\/wp\/v2\/media\/10018"}],"wp:attachment":[{"href":"https:\/\/acenoxkitchenequipment.com\/es\/wp-json\/wp\/v2\/media?parent=10011"}],"wp:term":[{"taxonomy":"product_cat","embeddable":true,"href":"https:\/\/acenoxkitchenequipment.com\/es\/wp-json\/wp\/v2\/product_cat?post=10011"},{"taxonomy":"product_tag","embeddable":true,"href":"https:\/\/acenoxkitchenequipment.com\/es\/wp-json\/wp\/v2\/product_tag?post=10011"}],"curies":[{"name":"wp","href":"https:\/\/api.w.org\/{rel}","templated":true}]}}