{"id":8832,"date":"2024-02-17T12:56:57","date_gmt":"2024-02-17T04:56:57","guid":{"rendered":"https:\/\/acenoxkitchenequipment.com\/?post_type=product&#038;p=8832"},"modified":"2024-03-28T22:58:33","modified_gmt":"2024-03-28T14:58:33","slug":"small-cake-display-fridge","status":"publish","type":"product","link":"https:\/\/acenoxkitchenequipment.com\/de\/produkt\/small-cake-display-fridge\/","title":{"rendered":"Kleiner Kuchenvitrine-K\u00fchlschrank"},"content":{"rendered":"<h3>Kleiner Kuchenvitrine-K\u00fchlschrank<\/h3>\n<p>Dieser kleine Kuchenk\u00fchlschrank ist ein kleiner Kuchenk\u00fchlschrank f\u00fcr die Arbeitsplatte. Aufgrund seiner geringen Gr\u00f6\u00dfe kann er auf einer Arbeitsplatte oder einem Tisch aufgestellt werden. Er wird zur Pr\u00e4sentation von Ambinet oder k\u00fchlen Snacks verwendet. Besonders im Sommer hilft er sehr dabei, die Lebensmittel frisch zu halten. Dar\u00fcber hinaus zieht sein helles LED-Licht mehr Blicke auf sich. Auf diese Weise verbessert er das Einkaufserlebnis aller Kunden.<\/p>\n<h3><strong>Merkmale des kleinen Kuchenk\u00fchlschranks:<\/strong><\/h3>\n<ol>\n<li><strong>Gr\u00f6\u00dfe: <\/strong>900\u00d7530\u00d7730mm<\/li>\n<li><strong>Kompressor:<\/strong> Kompressor der Marke Secop oder Donper zur Auswahl (R134a\/R290)<\/li>\n<li><strong>Thermostat:<\/strong> Digitaler Thermostat, italienische Marke Dixell oder Carel oder chinesische Marke<\/li>\n<li><strong>Materialien:<\/strong> 430 Edelstahl \/ 201 Edelstahl-Keller mit integriertem Cyclopentan-Schaum im Inneren, Farbe schwarz<\/li>\n<li><strong>Gl\u00e4ser:<\/strong> Antibeschlag-Brille<\/li>\n<li>Doppelschichtiges hohles geh\u00e4rtetes Glas (Low-E-Glas), explosionsgesch\u00fctzt<\/li>\n<li><strong>Andere Elemente:<\/strong> Vollst\u00e4ndig kupferhaltiges Kondensat und Verdampfer<\/li>\n<li><strong>Regale:<\/strong> Zwei verchromte Regale, insgesamt drei Regale plus Boden<\/li>\n<li><strong>T\u00fcren:<\/strong> Zwei Antibeschlag-Glasschiebet\u00fcren mit guter Abdichtungseigenschaft<\/li>\n<li><strong>Licht:<\/strong> Warm- oder kaltwei\u00dfes LED-Licht zur Auswahl<\/li>\n<\/ol>\n<p>Klicken Sie bitte auf die Spezifikation, um die verschiedenen Gr\u00f6\u00dfen zu pr\u00fcfen<\/p>\n<p>Anwendbare Umgebung: Umgebungstemperatur unter 35 \u00b0C oder unter 40 \u00b0C<\/p>\n<h4><strong>An H\u00e4ndler von Kuchenk\u00fchlschr\u00e4nken:<\/strong><\/h4>\n<p>Dieses Modell ist eines unserer beliebtesten Modelle. Je nach Budget und Umgebung k\u00f6nnen die Konfigurationen variieren. Bitte kontaktieren Sie uns, um Einzelheiten zu besprechen, und wir k\u00f6nnen es an die lokalen Marktbedingungen anpassen.<\/p>\n<h4>Ma\u00dfe Kuchenvitrine klein:<\/h4>\n<p><img fetchpriority=\"high\" decoding=\"async\" class=\"alignnone size-full wp-image-8836\" src=\"https:\/\/acenoxkitchenequipment.com\/wp-content\/uploads\/2024\/02\/small-cake-fridge.png\" alt=\"small cake display fridge\" width=\"520\" height=\"201\" srcset=\"https:\/\/acenoxkitchenequipment.com\/wp-content\/uploads\/2024\/02\/small-cake-fridge.png 520w, https:\/\/acenoxkitchenequipment.com\/wp-content\/uploads\/2024\/02\/small-cake-fridge-300x116.png 300w\" sizes=\"(max-width: 520px) 100vw, 520px\" \/><\/p>\n<p>&nbsp;<\/p>\n<p>&nbsp;<\/p>\n<p>&nbsp;<\/p>\n<p>&nbsp;<\/p>","protected":false},"excerpt":{"rendered":"<p>Kleiner Kuchenvitrine-K\u00fchlschrank, Mini-Kuchenvitrine-K\u00fchlschrank, Temperatur: 0\u2103~8\u2103<\/p>","protected":false},"featured_media":8833,"comment_status":"open","ping_status":"closed","template":"","meta":{"_seopress_robots_primary_cat":"none","_seopress_titles_title":"Small Cake Display Fridge %%sep%%Mini Cake Display Fridge Vendor","_seopress_titles_desc":"This mini cake display fridge is small countertop display fridge, the small size allows businesses to keep it on a countertop or table. ","_seopress_robots_index":""},"product_cat":[59],"product_tag":[244],"_links":{"self":[{"href":"https:\/\/acenoxkitchenequipment.com\/de\/wp-json\/wp\/v2\/product\/8832"}],"collection":[{"href":"https:\/\/acenoxkitchenequipment.com\/de\/wp-json\/wp\/v2\/product"}],"about":[{"href":"https:\/\/acenoxkitchenequipment.com\/de\/wp-json\/wp\/v2\/types\/product"}],"replies":[{"embeddable":true,"href":"https:\/\/acenoxkitchenequipment.com\/de\/wp-json\/wp\/v2\/comments?post=8832"}],"version-history":[{"count":0,"href":"https:\/\/acenoxkitchenequipment.com\/de\/wp-json\/wp\/v2\/product\/8832\/revisions"}],"wp:featuredmedia":[{"embeddable":true,"href":"https:\/\/acenoxkitchenequipment.com\/de\/wp-json\/wp\/v2\/media\/8833"}],"wp:attachment":[{"href":"https:\/\/acenoxkitchenequipment.com\/de\/wp-json\/wp\/v2\/media?parent=8832"}],"wp:term":[{"taxonomy":"product_cat","embeddable":true,"href":"https:\/\/acenoxkitchenequipment.com\/de\/wp-json\/wp\/v2\/product_cat?post=8832"},{"taxonomy":"product_tag","embeddable":true,"href":"https:\/\/acenoxkitchenequipment.com\/de\/wp-json\/wp\/v2\/product_tag?post=8832"}],"curies":[{"name":"wp","href":"https:\/\/api.w.org\/{rel}","templated":true}]}}