{"id":8716,"date":"2024-01-19T19:53:02","date_gmt":"2024-01-19T11:53:02","guid":{"rendered":"https:\/\/acenoxkitchenequipment.com\/?post_type=product&#038;p=8716"},"modified":"2024-06-28T20:25:39","modified_gmt":"2024-06-28T12:25:39","slug":"cake-refrigerator","status":"publish","type":"product","link":"https:\/\/acenoxkitchenequipment.com\/de\/produkt\/cake-refrigerator\/","title":{"rendered":"Kuchen K\u00fchlschrank"},"content":{"rendered":"<h3>Merkmale des Kuchenk\u00fchlschranks:<\/h3>\n<p>Das wichtigste Merkmal dieses Kuchenk\u00fchlschranks ist sein hervorragender Lagerraum. Durch die Reduzierung der H\u00f6he der Basis wurde der Lagerraum vergr\u00f6\u00dfert. Daher k\u00f6nnen wir einen dreist\u00f6ckigen Kuchenk\u00fchlschrank mit einer H\u00f6he von nur 1270 mm herstellen.<\/p>\n<ul>\n<li>Schwarzer Edelstahl<\/li>\n<li>Mehr gro\u00dfe Lagerr\u00e4ume<\/li>\n<li>Idealer K\u00fchlschrank, um Kuchen feucht zu halten, dank guter Versiegelung<\/li>\n<li>Beliebte Modelle derzeit auf dem Markt<\/li>\n<li>Langlebige Qualit\u00e4t von Kompressor und K\u00fchlaggregaten, um einen k\u00fchlen Kopf zu bewahren<\/li>\n<li>Weniger Wartungsaufwand<\/li>\n<li>Konstante Temperatur<\/li>\n<li>Heizungst\u00fcrrahmen ohne Wasser<\/li>\n<\/ul>\n<p>&nbsp;<\/p>\n<h3>Spezifikationen des Kuchenk\u00fchlschranks:<\/h3>\n<div class=\"wptb-table-container wptb-table-5987\"><div class=\"wptb-table-container-matrix\" id=\"wptb-table-id-5987\" data-wptb-version=\"1.4.14\" data-wptb-pro-status=\"false\"><table class=\"wptb-preview-table wptb-element-main-table_setting-5987\" data-wptb-adaptive-table=\"0\" data-wptb-cells-width-auto-count=\"5\" data-wptb-table-tds-sum-max-width=\"798.6000000000001\" style=\"border-style: solid; border-width: 1px;\" data-table-columns=\"6\" data-reconstraction=\"1\" data-wptb-horizontal-scroll-status=\"false\" data-wptb-extra-styles=\"LyogRW50ZXIgeW91ciBjdXN0b20gQ1NTIHJ1bGVzIGhlcmUgKi8=\" role=\"table\"><tbody><tr class=\"wptb-row\"><td class=\"wptb-cell\" data-wptb-css-td-auto-width=\"true\" data-x-index=\"0\" data-y-index=\"0\" style=\"padding: 15px; border-style: solid; border-width: 1px;\"><div class=\"wptb-text-container wptb-ph-element wptb-element-text-1\"><div class=\"\" style=\"position: relative;\"><p>MODELL<\/p><\/div><\/div><\/td><td class=\"wptb-cell\" data-x-index=\"1\" data-y-index=\"0\" style=\"padding: 15px; border-style: solid; border-width: 1px; width: 113px;\"><div class=\"wptb-text-container wptb-ph-element wptb-element-text-2\"><div class=\"\" style=\"position: relative;\"><p>GR\u00d6SSE (mm)<\/p><\/div><\/div><\/td><td class=\"wptb-cell\" data-wptb-css-td-auto-width=\"true\" data-x-index=\"2\" data-y-index=\"0\" style=\"padding: 15px; border-style: solid; border-width: 1px;\"><div class=\"wptb-text-container wptb-ph-element wptb-element-text-3\" style=\"color: rgb(74, 85, 104); font-size: 15px;\"><div class=\"\" style=\"position: relative;\"><p>K\u00dcHLUNG<\/p><\/div><\/div><\/td><td class=\"wptb-cell\" data-wptb-css-td-auto-width=\"true\" data-x-index=\"3\" data-y-index=\"0\" style=\"padding: 15px; border-style: solid; border-width: 1px;\"><div class=\"wptb-text-container wptb-ph-element wptb-element-text-4\" style=\"color: rgb(74, 85, 104); font-size: 15px;\"><div class=\"\" style=\"position: relative;\"><p>FORM<\/p><p><\/p><\/div><\/div><\/td><td class=\"wptb-cell\" data-wptb-css-td-auto-width=\"true\" data-x-index=\"4\" data-y-index=\"0\" style=\"padding: 15px; border-style: solid; border-width: 1px;\"><div class=\"wptb-text-container wptb-ph-element wptb-element-text-5\"><div class=\"\" style=\"position: relative;\"><p>FARBE<\/p><\/div><\/div><\/td><td class=\"wptb-cell\" data-wptb-css-td-auto-width=\"true\" data-x-index=\"5\" data-y-index=\"0\" style=\"padding: 15px; border-style: solid; border-width: 1px;\"><div class=\"wptb-text-container wptb-ph-element wptb-element-text-6\"><div class=\"\" style=\"position: relative;\"><p>ANZAHL DER REGALE<\/p><\/div><\/div><\/td><\/tr><tr class=\"wptb-row\" style=\"--hover-bg-color: undefined;\"><td class=\"wptb-cell\" data-wptb-css-td-auto-width=\"true\" data-x-index=\"0\" data-y-index=\"1\" style=\"padding: 15px; border-style: solid; border-width: 1px;\"><div class=\"wptb-text-container wptb-ph-element wptb-element-text-7\"><div class=\"\" style=\"position: relative;\"><p>ACD900F3B<\/p><\/div><\/div><\/td><td class=\"wptb-cell\" data-x-index=\"1\" data-y-index=\"1\" style=\"padding: 15px; border-style: solid; border-width: 1px; width: 113px;\"><div class=\"wptb-text-container wptb-ph-element wptb-element-text-8\" style=\"color: rgb(74, 85, 104); font-size: 15px;\"><div class=\"\" style=\"position: relative;\"><p>900\u00d7700\u00d71270<\/p><\/div><\/div><\/td><td class=\"wptb-cell\" data-wptb-css-td-auto-width=\"true\" data-x-index=\"2\" data-y-index=\"1\" style=\"padding: 15px; border-style: solid; border-width: 1px;\"><div class=\"wptb-text-container wptb-ph-element wptb-element-text-9\" style=\"color: rgb(74, 85, 104); font-size: 15px;\"><div class=\"\" style=\"position: relative;\"><p>Bel\u00fcftet<\/p><\/div><\/div><\/td><td class=\"wptb-cell\" data-wptb-css-td-auto-width=\"true\" data-x-index=\"3\" data-y-index=\"1\" style=\"padding: 15px; border-style: solid; border-width: 1px;\"><div class=\"wptb-text-container wptb-ph-element wptb-element-text-10\" style=\"color: rgb(74, 85, 104); font-size: 15px;\"><div class=\"\" style=\"position: relative;\"><p>Engel<\/p><p><\/p><\/div><\/div><\/td><td class=\"wptb-cell\" data-wptb-css-td-auto-width=\"true\" data-x-index=\"4\" data-y-index=\"1\" style=\"padding: 15px; border-style: solid; border-width: 1px;\"><div class=\"wptb-text-container wptb-ph-element wptb-element-text-11\"><div class=\"\" style=\"position: relative;\"><p>Schwarz<\/p><\/div><\/div><\/td><td class=\"wptb-cell\" data-wptb-css-td-auto-width=\"true\" data-x-index=\"5\" data-y-index=\"1\" style=\"padding: 15px; border-style: solid; border-width: 1px;\"><div class=\"wptb-text-container wptb-ph-element wptb-element-text-12\" style=\"color: rgb(74, 85, 104); font-size: 15px;\"><div class=\"\" style=\"position: relative;\"><p>3 oder 2<\/p><\/div><\/div><\/td><\/tr><tr class=\"wptb-row\" style=\"--hover-bg-color: undefined;\"><td class=\"wptb-cell\" data-wptb-css-td-auto-width=\"true\" data-x-index=\"0\" data-y-index=\"2\" style=\"padding: 15px; border-style: solid; border-width: 1px;\"><div class=\"wptb-text-container wptb-ph-element wptb-element-text-13\"><div><p>ACD1200F3B<\/p><\/div><\/div><\/td><td class=\"wptb-cell\" data-x-index=\"1\" data-y-index=\"2\" style=\"padding: 15px; border-style: solid; border-width: 1px; width: 113px;\"><div class=\"wptb-text-container wptb-ph-element wptb-element-text-14\" style=\"color: rgb(74, 85, 104); font-size: 15px;\"><div class=\"\" style=\"position: relative;\"><p>1200\u00d7700\u00d71270<\/p><\/div><\/div><\/td><td class=\"wptb-cell\" data-wptb-css-td-auto-width=\"true\" data-x-index=\"2\" data-y-index=\"2\" style=\"padding: 15px; border-style: solid; border-width: 1px;\"><div class=\"wptb-text-container wptb-ph-element wptb-element-text-15\" style=\"color: rgb(74, 85, 104); font-size: 15px;\"><div class=\"\" style=\"position: relative;\"><p>Bel\u00fcftet<\/p><\/div><\/div><\/td><td class=\"wptb-cell\" data-wptb-css-td-auto-width=\"true\" data-x-index=\"3\" data-y-index=\"2\" style=\"padding: 15px; border-style: solid; border-width: 1px;\"><div class=\"wptb-text-container wptb-ph-element wptb-element-text-16\" style=\"color: rgb(74, 85, 104); font-size: 15px;\"><div class=\"\" style=\"position: relative;\"><p>Engel<\/p><\/div><\/div><\/td><td class=\"wptb-cell\" data-wptb-css-td-auto-width=\"true\" data-x-index=\"4\" data-y-index=\"2\" style=\"padding: 15px; border-style: solid; border-width: 1px;\"><div class=\"wptb-text-container wptb-ph-element wptb-element-text-17\"><div class=\"\" style=\"position: relative;\"><p>Schwarz<\/p><\/div><\/div><\/td><td class=\"wptb-cell\" data-wptb-css-td-auto-width=\"true\" data-x-index=\"5\" data-y-index=\"2\" style=\"padding: 15px; border-style: solid; border-width: 1px;\"><div class=\"wptb-text-container wptb-ph-element wptb-element-text-18\" style=\"color: rgb(74, 85, 104); font-size: 15px;\"><div class=\"\" style=\"position: relative;\"><p>3 oder 2<\/p><\/div><\/div><\/td><\/tr><tr class=\"wptb-row\" style=\"--hover-bg-color: undefined;\"><td class=\"wptb-cell\" data-wptb-css-td-auto-width=\"true\" data-x-index=\"0\" data-y-index=\"3\" style=\"padding: 15px; border-style: solid; border-width: 1px;\"><div class=\"wptb-text-container wptb-ph-element wptb-element-text-19\"><div class=\"\" style=\"position: relative;\"><p>ACD1500F3B<\/p><\/div><\/div><\/td><td class=\"wptb-cell\" data-x-index=\"1\" data-y-index=\"3\" style=\"padding: 15px; border-style: solid; border-width: 1px; width: 113px;\"><div class=\"wptb-text-container wptb-ph-element wptb-element-text-20\" style=\"color: rgb(74, 85, 104); font-size: 15px;\"><div class=\"\" style=\"position: relative;\"><p>1500\u00d7700\u00d71270<\/p><\/div><\/div><\/td><td class=\"wptb-cell\" data-wptb-css-td-auto-width=\"true\" data-x-index=\"2\" data-y-index=\"3\" style=\"padding: 15px; border-style: solid; border-width: 1px;\"><div class=\"wptb-text-container wptb-ph-element wptb-element-text-21\" style=\"color: rgb(74, 85, 104); font-size: 15px;\"><div class=\"\" style=\"position: relative;\"><p>Bel\u00fcftet<\/p><\/div><\/div><\/td><td class=\"wptb-cell\" data-wptb-css-td-auto-width=\"true\" data-x-index=\"3\" data-y-index=\"3\" style=\"padding: 15px; border-style: solid; border-width: 1px;\"><div class=\"wptb-text-container wptb-ph-element wptb-element-text-22\" style=\"color: rgb(74, 85, 104); font-size: 15px;\"><div class=\"\" style=\"position: relative;\"><p>Engel<\/p><\/div><\/div><\/td><td class=\"wptb-cell\" data-wptb-css-td-auto-width=\"true\" data-x-index=\"4\" data-y-index=\"3\" style=\"padding: 15px; border-style: solid; border-width: 1px;\"><div class=\"wptb-text-container wptb-ph-element wptb-element-text-23\"><div class=\"\" style=\"position: relative;\"><p>Schwarz<\/p><\/div><\/div><\/td><td class=\"wptb-cell\" data-wptb-css-td-auto-width=\"true\" data-x-index=\"5\" data-y-index=\"3\" style=\"padding: 15px; border-style: solid; border-width: 1px;\"><div class=\"wptb-text-container wptb-ph-element wptb-element-text-24\" style=\"color: rgb(74, 85, 104); font-size: 15px;\"><div class=\"\" style=\"position: relative;\"><p>3 oder 2<\/p><\/div><\/div><\/td><\/tr><tr class=\"wptb-row\" style=\"--hover-bg-color: undefined;\"><td class=\"wptb-cell\" data-wptb-css-td-auto-width=\"true\" data-x-index=\"0\" data-y-index=\"4\" style=\"padding: 15px; border-style: solid; border-width: 1px;\"><div class=\"wptb-text-container wptb-ph-element wptb-element-text-25\"><div class=\"\" style=\"position: relative;\"><p>ACD1800F3B<\/p><\/div><\/div><\/td><td class=\"wptb-cell\" data-x-index=\"1\" data-y-index=\"4\" style=\"padding: 15px; border-style: solid; border-width: 1px; width: 113px;\"><div class=\"wptb-text-container wptb-ph-element wptb-element-text-26\" style=\"color: rgb(74, 85, 104); font-size: 15px;\"><div class=\"\" style=\"position: relative;\"><p>1800\u00d7700\u00d71270<\/p><\/div><\/div><\/td><td class=\"wptb-cell\" data-wptb-css-td-auto-width=\"true\" data-x-index=\"2\" data-y-index=\"4\" style=\"padding: 15px; border-style: solid; border-width: 1px;\"><div class=\"wptb-text-container wptb-ph-element wptb-element-text-27\" style=\"color: rgb(74, 85, 104); font-size: 15px;\"><div class=\"\" style=\"position: relative;\"><p>Bel\u00fcftet<\/p><\/div><\/div><\/td><td class=\"wptb-cell\" data-wptb-css-td-auto-width=\"true\" data-x-index=\"3\" data-y-index=\"4\" style=\"padding: 15px; border-style: solid; border-width: 1px;\"><div class=\"wptb-text-container wptb-ph-element wptb-element-text-28\" style=\"color: rgb(74, 85, 104); font-size: 15px;\"><div class=\"\" style=\"position: relative;\"><p>Engel<\/p><\/div><\/div><\/td><td class=\"wptb-cell\" data-wptb-css-td-auto-width=\"true\" data-x-index=\"4\" data-y-index=\"4\" style=\"padding: 15px; border-style: solid; border-width: 1px;\"><div class=\"wptb-text-container wptb-ph-element wptb-element-text-29\"><div class=\"\" style=\"position: relative;\"><p>Schwarz<\/p><\/div><\/div><\/td><td class=\"wptb-cell\" data-wptb-css-td-auto-width=\"true\" data-x-index=\"5\" data-y-index=\"4\" style=\"padding: 15px; border-style: solid; border-width: 1px;\"><div class=\"wptb-text-container wptb-ph-element wptb-element-text-30\" style=\"color: rgb(74, 85, 104); font-size: 15px;\"><div class=\"\"><p>3 oder 2<\/p><\/div><\/div><\/td><\/tr><tr class=\"wptb-row\" style=\"--hover-bg-color: undefined;\"><td class=\"wptb-cell\" data-wptb-css-td-auto-width=\"true\" data-x-index=\"0\" data-y-index=\"5\" style=\"padding: 15px; border-style: solid; border-width: 1px;\"><div class=\"wptb-text-container wptb-ph-element wptb-element-text-31\"><div><p>ACD2000F3B<\/p><\/div><\/div><\/td><td class=\"wptb-cell\" data-x-index=\"1\" data-y-index=\"5\" style=\"padding: 15px; border-style: solid; border-width: 1px; width: 113px;\"><div class=\"wptb-text-container wptb-ph-element wptb-element-text-32 edit-active\" style=\"color: rgb(74, 85, 104); font-size: 15px;\"><div class=\"\" style=\"position: relative;\"><p>2000 \u00d7 700 \u00d7 1270<\/p><\/div><\/div><\/td><td class=\"wptb-cell\" data-wptb-css-td-auto-width=\"true\" data-x-index=\"2\" data-y-index=\"5\" style=\"padding: 15px; border-style: solid; border-width: 1px;\"><div class=\"wptb-text-container wptb-ph-element wptb-element-text-33\" style=\"color: rgb(74, 85, 104); font-size: 15px;\"><div class=\"\" style=\"position: relative;\"><p>Bel\u00fcftet<\/p><\/div><\/div><\/td><td class=\"wptb-cell\" data-wptb-css-td-auto-width=\"true\" data-x-index=\"3\" data-y-index=\"5\" style=\"padding: 15px; border-style: solid; border-width: 1px;\"><div class=\"wptb-text-container wptb-ph-element wptb-element-text-34\"><div class=\"\" style=\"position: relative;\"><p>Engel<\/p><\/div><\/div><\/td><td class=\"wptb-cell\" data-wptb-css-td-auto-width=\"true\" data-x-index=\"4\" data-y-index=\"5\" style=\"padding: 15px; border-style: solid; border-width: 1px;\"><div class=\"wptb-text-container wptb-ph-element wptb-element-text-35\"><div class=\"\" style=\"position: relative;\"><p>Schwarz<\/p><\/div><\/div><\/td><td class=\"wptb-cell\" data-wptb-css-td-auto-width=\"true\" data-x-index=\"5\" data-y-index=\"5\" style=\"padding: 15px; border-style: solid; border-width: 1px;\"><div class=\"wptb-text-container wptb-ph-element wptb-element-text-36\" style=\"color: rgb(74, 85, 104); font-size: 15px;\"><div class=\"\" style=\"position: relative;\"><p>3 oder 2<\/p><\/div><\/div><\/td><\/tr><\/tbody><\/table><\/div><\/div>\n\n<h3>FAQ zum Kuchendisplay-Regal:<\/h3>\n<ul>\n<li>Was ist ein Kuchenk\u00fchlschrank?<\/li>\n<\/ul>\n<p>Ein Tortenk\u00fchlschrank ist ein gewerblicher Geb\u00e4ckk\u00fchlschrank, der zur Pr\u00e4sentation von Geb\u00e4ck, S\u00fc\u00dfigkeiten und Backwaren aller Art dient.<\/p>\n<ul>\n<li>Was ist ein Geb\u00e4ckk\u00fchlschrank?<\/li>\n<\/ul>\n<p>Ein Geb\u00e4ckk\u00fchlschrank ist eine gek\u00fchlte Geb\u00e4ckvitrine; er besteht normalerweise aus Glas und bietet eine hervorragende Sicht auf die Auslagen.<\/p>\n<ul>\n<li>Sind Sie Hersteller und Lieferant von Kuchenk\u00fchlschr\u00e4nken<\/li>\n<\/ul>\n<p>Ja, wir sind ein Hersteller von Kuchenk\u00fchlschr\u00e4nken in der chinesischen Provinz Shandong und verf\u00fcgen \u00fcber Produktionslinien zur Herstellung von Kuchenk\u00fchlschr\u00e4nken. Wir k\u00f6nnen Kuchenk\u00fchlschr\u00e4nke nach Ma\u00df entwerfen.<\/p>\n<p>&nbsp;<\/p>\n<p>&nbsp;<\/p>\n<p>&nbsp;<\/p>\n<p>&nbsp;<\/p>\n<p>&nbsp;<\/p>\n<p>&nbsp;<\/p>\n<p>&nbsp;<\/p>","protected":false},"excerpt":{"rendered":"<p>Das schlanke Au\u00dfendesign dieses Kuchenk\u00fchlschranks ist derzeit der beliebteste Stil, langlebige Konfiguration, hohe Anzeigelautst\u00e4rke, konstante Temperatur 2\u2103~8\u2103<\/p>","protected":false},"featured_media":8717,"comment_status":"closed","ping_status":"closed","template":"","meta":{"_seopress_robots_primary_cat":"none"},"product_cat":[59],"product_tag":[237],"_links":{"self":[{"href":"https:\/\/acenoxkitchenequipment.com\/de\/wp-json\/wp\/v2\/product\/8716"}],"collection":[{"href":"https:\/\/acenoxkitchenequipment.com\/de\/wp-json\/wp\/v2\/product"}],"about":[{"href":"https:\/\/acenoxkitchenequipment.com\/de\/wp-json\/wp\/v2\/types\/product"}],"replies":[{"embeddable":true,"href":"https:\/\/acenoxkitchenequipment.com\/de\/wp-json\/wp\/v2\/comments?post=8716"}],"version-history":[{"count":0,"href":"https:\/\/acenoxkitchenequipment.com\/de\/wp-json\/wp\/v2\/product\/8716\/revisions"}],"wp:featuredmedia":[{"embeddable":true,"href":"https:\/\/acenoxkitchenequipment.com\/de\/wp-json\/wp\/v2\/media\/8717"}],"wp:attachment":[{"href":"https:\/\/acenoxkitchenequipment.com\/de\/wp-json\/wp\/v2\/media?parent=8716"}],"wp:term":[{"taxonomy":"product_cat","embeddable":true,"href":"https:\/\/acenoxkitchenequipment.com\/de\/wp-json\/wp\/v2\/product_cat?post=8716"},{"taxonomy":"product_tag","embeddable":true,"href":"https:\/\/acenoxkitchenequipment.com\/de\/wp-json\/wp\/v2\/product_tag?post=8716"}],"curies":[{"name":"wp","href":"https:\/\/api.w.org\/{rel}","templated":true}]}}